{"id":869,"date":"2024-09-13T00:02:29","date_gmt":"2024-09-13T03:02:29","guid":{"rendered":"https:\/\/ccatlat.org\/mplace\/product\/diplomado-en-desarrollo-de-negocios-de-ti\/"},"modified":"2025-10-01T00:45:24","modified_gmt":"2025-10-01T03:45:24","slug":"diplomado-en-desarrollo-de-negocios-de-ti","status":"publish","type":"product","link":"https:\/\/ccatlat.org\/mplace\/product\/diplomado-en-desarrollo-de-negocios-de-ti\/","title":{"rendered":"Diplomado en Desarrollo de Negocios de TI"},"content":{"rendered":"<h4>Marcando la diferencia<\/h4>\n<blockquote><p>\u00abHoy lo \u00fanico que sabemos es que todo va a cambiar y va a seguir cambiando. Y eso, de alguna manera, incomoda, estresa y tenemos que estar preparados para ser lo suficientemente flexibles para cambiar de objetivos, de jefe, de \u00e1reas, de prioridades. Cambiar es entonces esa capacidad de estar abierto al cambio\u00bb. \u2014Mariana Khalil, Sr Talent Manager LATAM &#8211; Renault Group.<\/p><\/blockquote>\n<p>En el din\u00e1mico y en constante evoluci\u00f3n mundo de la tecnolog\u00eda de la informaci\u00f3n, el desarrollo de negocios se ha convertido en una habilidad esencial para los profesionales que buscan liderar y transformar sus organizaciones.<\/p>\n<p>El Diplomado en Desarrollo de Negocios de TI est\u00e1 orientado a la formaci\u00f3n de profesionales capaces de identificar oportunidades y desarrollar habilidades s\u00f3lidas de emprendimiento, lanzar una iniciativa empresarial y adquirir habilidades pr\u00e1cticas en finanzas y contabilidad empresarial, incluyendo la creaci\u00f3n de estados financieros y proyecciones.<\/p>\n<p><strong>Modalidad y duraci\u00f3n<\/strong><\/p>\n<ul>\n<li>Modalidad: 100% en l\u00ednea.<\/li>\n<li>Carga horaria: 60 horas.<\/li>\n<li>Duraci\u00f3n: 10 semanas (2 clases semanales de 3 horas cada una).<\/li>\n<\/ul>\n<p>A trav\u00e9s de un enfoque pr\u00e1ctico y orientado a resultados, los estudiantes aprender\u00e1n a combinar su experiencia t\u00e9cnica con habilidades empresariales clave, prepar\u00e1ndolos para enfrentar los desaf\u00edos del mercado actual y futuro.<\/p>\n<p><strong>Titulaci\u00f3n | Certificados<\/strong><\/p>\n<p>La aprobaci\u00f3n de los tres m\u00f3dulos correlativos otorga el t\u00edtulo de Diplomado en Desarrollo de Negocios de TI, habilitando a la obtenci\u00f3n de las siguientes credenciales:<\/p>\n<ul>\n<li>Insignias oficiales \u00abDiscovering Entrepreneurship\u00bb, \u00abLaunching a Business Venture\u00bb y \u00abManaging a Business Venture\u00bb emitidas por Cisco Networking Academy.<\/li>\n<li>Certificado oficial de aprobaci\u00f3n final del Diplomado en Desarrollo de Negocios de TI emitido por el Centro de Capacitaci\u00f3n en Alta Tecnolog\u00eda para Latinoam\u00e9rica y el Caribe.<\/li>\n<\/ul>\n<p>&nbsp;<\/p>\n","protected":false},"excerpt":{"rendered":"<p>El Diplomado en Desarrollo de Negocios de TI est\u00e1 orientado a la formaci\u00f3n de profesionales capaces de identificar oportunidades y desarrollar habilidades s\u00f3lidas de emprendimiento, lanzar una iniciativa empresarial y adquirir habilidades pr\u00e1cticas en finanzas y contabilidad empresarial, incluyendo la creaci\u00f3n de estados financieros y proyecciones.<\/p>\n<table style=\"width: 100%;\" border=\"2\" cellspacing=\"1\" cellpadding=\"10\" align=\"center\">\n<tbody>\n<tr>\n<td style=\"text-align: center; border-color: #009933;\"><span style=\"color: #ff6600;\">Promoci\u00f3n v\u00e1lida <strong>hasta el 30 de septiembre<\/strong> de 2025.<\/span><\/p>\n<p>Fecha de inicio: <strong><span style=\"color: #008000;\">Lunes 20 de octubre de 2025.<\/span><\/strong><\/td>\n<\/tr>\n<\/tbody>\n<\/table>\n","protected":false},"featured_media":870,"template":"","meta":{"pagelayer_contact_templates":[],"_pagelayer_content":"","ocean_post_layout":"","ocean_both_sidebars_style":"","ocean_both_sidebars_content_width":0,"ocean_both_sidebars_sidebars_width":0,"ocean_sidebar":"0","ocean_second_sidebar":"0","ocean_disable_margins":"enable","ocean_add_body_class":"","ocean_shortcode_before_top_bar":"","ocean_shortcode_after_top_bar":"","ocean_shortcode_before_header":"","ocean_shortcode_after_header":"","ocean_has_shortcode":"","ocean_shortcode_after_title":"","ocean_shortcode_before_footer_widgets":"","ocean_shortcode_after_footer_widgets":"","ocean_shortcode_before_footer_bottom":"","ocean_shortcode_after_footer_bottom":"","ocean_display_top_bar":"default","ocean_display_header":"default","ocean_header_style":"","ocean_center_header_left_menu":"0","ocean_custom_header_template":"0","ocean_custom_logo":0,"ocean_custom_retina_logo":0,"ocean_custom_logo_max_width":0,"ocean_custom_logo_tablet_max_width":0,"ocean_custom_logo_mobile_max_width":0,"ocean_custom_logo_max_height":0,"ocean_custom_logo_tablet_max_height":0,"ocean_custom_logo_mobile_max_height":0,"ocean_header_custom_menu":"0","ocean_menu_typo_font_family":"0","ocean_menu_typo_font_subset":"","ocean_menu_typo_font_size":0,"ocean_menu_typo_font_size_tablet":0,"ocean_menu_typo_font_size_mobile":0,"ocean_menu_typo_font_size_unit":"px","ocean_menu_typo_font_weight":"","ocean_menu_typo_font_weight_tablet":"","ocean_menu_typo_font_weight_mobile":"","ocean_menu_typo_transform":"","ocean_menu_typo_transform_tablet":"","ocean_menu_typo_transform_mobile":"","ocean_menu_typo_line_height":0,"ocean_menu_typo_line_height_tablet":0,"ocean_menu_typo_line_height_mobile":0,"ocean_menu_typo_line_height_unit":"","ocean_menu_typo_spacing":0,"ocean_menu_typo_spacing_tablet":0,"ocean_menu_typo_spacing_mobile":0,"ocean_menu_typo_spacing_unit":"","ocean_menu_link_color":"","ocean_menu_link_color_hover":"","ocean_menu_link_color_active":"","ocean_menu_link_background":"","ocean_menu_link_hover_background":"","ocean_menu_link_active_background":"","ocean_menu_social_links_bg":"","ocean_menu_social_hover_links_bg":"","ocean_menu_social_links_color":"","ocean_menu_social_hover_links_color":"","ocean_disable_title":"default","ocean_disable_heading":"default","ocean_post_title":"","ocean_post_subheading":"","ocean_post_title_style":"","ocean_post_title_background_color":"","ocean_post_title_background":0,"ocean_post_title_bg_image_position":"","ocean_post_title_bg_image_attachment":"","ocean_post_title_bg_image_repeat":"","ocean_post_title_bg_image_size":"","ocean_post_title_height":0,"ocean_post_title_bg_overlay":0.5,"ocean_post_title_bg_overlay_color":"","ocean_disable_breadcrumbs":"default","ocean_breadcrumbs_color":"","ocean_breadcrumbs_separator_color":"","ocean_breadcrumbs_links_color":"","ocean_breadcrumbs_links_hover_color":"","ocean_display_footer_widgets":"default","ocean_display_footer_bottom":"default","ocean_custom_footer_template":"0","_themeisle_gutenberg_block_has_review":false},"product_brand":[],"product_cat":[21],"product_tag":[],"class_list":{"0":"post-869","1":"product","2":"type-product","3":"status-publish","4":"has-post-thumbnail","6":"product_cat-diplomatura","8":"entry","9":"has-media","11":"first","12":"instock","13":"virtual","14":"purchasable","15":"product-type-simple","16":"has-product-nav","17":"col","18":"span_1_of_4","19":"owp-content-center","20":"owp-thumbs-layout-horizontal","21":"owp-btn-very-big","22":"owp-tabs-layout-horizontal","23":"has-no-thumbnails"},"_links":{"self":[{"href":"https:\/\/ccatlat.org\/mplace\/wp-json\/wp\/v2\/product\/869","targetHints":{"allow":["GET"]}}],"collection":[{"href":"https:\/\/ccatlat.org\/mplace\/wp-json\/wp\/v2\/product"}],"about":[{"href":"https:\/\/ccatlat.org\/mplace\/wp-json\/wp\/v2\/types\/product"}],"wp:featuredmedia":[{"embeddable":true,"href":"https:\/\/ccatlat.org\/mplace\/wp-json\/wp\/v2\/media\/870"}],"wp:attachment":[{"href":"https:\/\/ccatlat.org\/mplace\/wp-json\/wp\/v2\/media?parent=869"}],"wp:term":[{"taxonomy":"product_brand","embeddable":true,"href":"https:\/\/ccatlat.org\/mplace\/wp-json\/wp\/v2\/product_brand?post=869"},{"taxonomy":"product_cat","embeddable":true,"href":"https:\/\/ccatlat.org\/mplace\/wp-json\/wp\/v2\/product_cat?post=869"},{"taxonomy":"product_tag","embeddable":true,"href":"https:\/\/ccatlat.org\/mplace\/wp-json\/wp\/v2\/product_tag?post=869"}],"curies":[{"name":"wp","href":"https:\/\/api.w.org\/{rel}","templated":true}]}}