{"id":588,"date":"2023-04-30T09:59:03","date_gmt":"2023-04-30T12:59:03","guid":{"rendered":"https:\/\/ccatlat.org\/mplace\/product\/datos-informacion-y-conocimiento-introduccion-a-la-metodologia-de-e-learning\/"},"modified":"2024-03-25T13:43:52","modified_gmt":"2024-03-25T16:43:52","slug":"datos-informacion-y-conocimiento-introduccion-a-la-metodologia-de-e-learning","status":"publish","type":"product","link":"https:\/\/ccatlat.org\/mplace\/product\/datos-informacion-y-conocimiento-introduccion-a-la-metodologia-de-e-learning\/","title":{"rendered":"Datos, informaci\u00f3n y conocimiento: introducci\u00f3n a la metodolog\u00eda de e-learning"},"content":{"rendered":"<h3>Datos, informaci\u00f3n y conocimiento<\/h3>\n<p>El e-Learning es una metodolog\u00eda que, basada en una plataforma adecuada accesible por Internet, permite democratizar el conocimiento a partir de la puesta a disposici\u00f3n de programas de formaci\u00f3n de las m\u00e1s amplias tem\u00e1ticas.<\/p>\n<p>Delinear y desarrollar el proceso de ense\u00f1anza-aprendizaje y determinar el m\u00e9todo m\u00e1s adecuado para alcanzar los objetivos de aprendizaje planteados \u2014teniendo en cuenta el perfil de las personas destinatarias y el tipo de contenidos a utilizar\u2014 es fundamental en la puesta en marcha de un proceso de formaci\u00f3n basado en la metodolog\u00eda de e-Learning.<\/p>\n<h4>Objetivos<\/h4>\n<p>El curso brinda a los participantes los principios, fundamentos y habilidades para delinear y desarrollar el proceso de ense\u00f1anza-aprendizaje en un contexto de e-Learning, alcanzando los siguientes objetivos espec\u00edficos:<\/p>\n<ul>\n<li>Recorrer la historia del e-Learning y sus est\u00e1ndares.<\/li>\n<li>Comprender la transformaci\u00f3n del mundo f\u00edsico al mundo virtual.<\/li>\n<li>Adquirir las t\u00e9cnicas de planificaci\u00f3n y dise\u00f1o.<\/li>\n<li>Aprender a recolectar datos, obtener informaci\u00f3n y producir conocimiento en un contexto de e-Learning.<\/li>\n<\/ul>\n<h4>Metodolog\u00eda y duraci\u00f3n<\/h4>\n<ul>\n<li>Modalidad: 100% en l\u00ednea.<\/li>\n<li>Duraci\u00f3n total: 12 horas (2 clases semanales de 2 horas c\/u durante 3 semanas).<\/li>\n<li>Pr\u00e1cticas reales de aplicaci\u00f3n de conceptos.<\/li>\n<\/ul>\n<h4>Contenidos generales<\/h4>\n<ul>\n<li>Evoluci\u00f3n de la educaci\u00f3n a distancia.\n<ul>\n<li>Historia del e-Learning.<\/li>\n<li>Internet como veh\u00edculo para el conocimiento.<\/li>\n<li>SCORM, IMS, XAPI y otros est\u00e1ndares.<\/li>\n<li>Democratizaci\u00f3n del conocimiento.<\/li>\n<\/ul>\n<\/li>\n<\/ul>\n<ul>\n<li>Metodolog\u00eda de e-Learning 1.\n<ul>\n<li>Qu\u00e9 es y qu\u00e9 no es el e-Learning.<\/li>\n<li>Los cuatro pasos del e-Learning.<\/li>\n<li>Paso 1: Planificaci\u00f3n.<\/li>\n<li>Paso 2: Creaci\u00f3n.<\/li>\n<\/ul>\n<\/li>\n<\/ul>\n<ul>\n<li>Metodolog\u00eda de e-Learning 2.\n<ul>\n<li>Paso 3: Implementaci\u00f3n.<\/li>\n<li>Paso 4: Lanzamiento.<\/li>\n<li>Herramientas: The Course Design Canvas.<\/li>\n<li>Presente y \u00bffuturo?<\/li>\n<\/ul>\n<\/li>\n<\/ul>\n","protected":false},"excerpt":{"rendered":"<p>El curso <em><strong>Datos, informaci\u00f3n y conocimiento: introducci\u00f3n a la metodolog\u00eda de e-learning<\/strong><\/em> brinda a los participantes los principios, fundamentos y habilidades para delinear y desarrollar el proceso de ense\u00f1anza-aprendizaje en un contexto de e-Learning.<\/p>\n<p><span style=\"color: #333333;\">Inicio: <strong>lunes 5 de febrero de 2024<\/strong> | Frecuencia: <strong>lunes y jueves de 7pm. a 9pm.<\/strong>(\u00b9)<\/span><br \/>\n<span style=\"font-size: 10px;\"><span style=\"color: #333333;\">(\u00b9) Hora UTC. Haga <\/span><span style=\"color: #57bf6d;\"><strong><a style=\"color: #57bf6d;\" href=\"https:\/\/time.is\/1900_11_September_2023_in_UTC\" target=\"_blank\" rel=\"noopener\">clic aqu\u00ed<\/a><\/strong><\/span><span style=\"color: #333333;\"> pra ver el horario en su lugar de residencia.<\/span><\/span><\/p>\n<p><img loading=\"lazy\" decoding=\"async\" class=\"alignnone wp-image-666\" src=\"https:\/\/ccatlat.org\/mplace\/wp-content\/uploads\/2023\/06\/ar-flag.svg\" alt=\"\" width=\"24\" height=\"15\" \/> (Residentes en Argentina, <a href=\"https:\/\/ccatlat.org\/mplace\/ar\/product\/datos-informacion-y-conocimiento-introduccion-a-la-metodologia-de-e-learning\/\"><strong>clic aqu\u00ed<\/strong><\/a> para m\u00e1s informaci\u00f3n.)<\/p>\n","protected":false},"featured_media":695,"template":"","meta":{"pagelayer_contact_templates":[],"_pagelayer_content":"","ocean_post_layout":"","ocean_both_sidebars_style":"","ocean_both_sidebars_content_width":0,"ocean_both_sidebars_sidebars_width":0,"ocean_sidebar":"0","ocean_second_sidebar":"0","ocean_disable_margins":"enable","ocean_add_body_class":"","ocean_shortcode_before_top_bar":"","ocean_shortcode_after_top_bar":"","ocean_shortcode_before_header":"","ocean_shortcode_after_header":"","ocean_has_shortcode":"","ocean_shortcode_after_title":"","ocean_shortcode_before_footer_widgets":"","ocean_shortcode_after_footer_widgets":"","ocean_shortcode_before_footer_bottom":"","ocean_shortcode_after_footer_bottom":"","ocean_display_top_bar":"default","ocean_display_header":"default","ocean_header_style":"","ocean_center_header_left_menu":"0","ocean_custom_header_template":"0","ocean_custom_logo":0,"ocean_custom_retina_logo":0,"ocean_custom_logo_max_width":0,"ocean_custom_logo_tablet_max_width":0,"ocean_custom_logo_mobile_max_width":0,"ocean_custom_logo_max_height":0,"ocean_custom_logo_tablet_max_height":0,"ocean_custom_logo_mobile_max_height":0,"ocean_header_custom_menu":"0","ocean_menu_typo_font_family":"0","ocean_menu_typo_font_subset":"","ocean_menu_typo_font_size":0,"ocean_menu_typo_font_size_tablet":0,"ocean_menu_typo_font_size_mobile":0,"ocean_menu_typo_font_size_unit":"px","ocean_menu_typo_font_weight":"","ocean_menu_typo_font_weight_tablet":"","ocean_menu_typo_font_weight_mobile":"","ocean_menu_typo_transform":"","ocean_menu_typo_transform_tablet":"","ocean_menu_typo_transform_mobile":"","ocean_menu_typo_line_height":0,"ocean_menu_typo_line_height_tablet":0,"ocean_menu_typo_line_height_mobile":0,"ocean_menu_typo_line_height_unit":"","ocean_menu_typo_spacing":0,"ocean_menu_typo_spacing_tablet":0,"ocean_menu_typo_spacing_mobile":0,"ocean_menu_typo_spacing_unit":"","ocean_menu_link_color":"","ocean_menu_link_color_hover":"","ocean_menu_link_color_active":"","ocean_menu_link_background":"","ocean_menu_link_hover_background":"","ocean_menu_link_active_background":"","ocean_menu_social_links_bg":"","ocean_menu_social_hover_links_bg":"","ocean_menu_social_links_color":"","ocean_menu_social_hover_links_color":"","ocean_disable_title":"default","ocean_disable_heading":"default","ocean_post_title":"","ocean_post_subheading":"","ocean_post_title_style":"","ocean_post_title_background_color":"","ocean_post_title_background":0,"ocean_post_title_bg_image_position":"","ocean_post_title_bg_image_attachment":"","ocean_post_title_bg_image_repeat":"","ocean_post_title_bg_image_size":"","ocean_post_title_height":0,"ocean_post_title_bg_overlay":0.5,"ocean_post_title_bg_overlay_color":"","ocean_disable_breadcrumbs":"default","ocean_breadcrumbs_color":"","ocean_breadcrumbs_separator_color":"","ocean_breadcrumbs_links_color":"","ocean_breadcrumbs_links_hover_color":"","ocean_display_footer_widgets":"default","ocean_display_footer_bottom":"default","ocean_custom_footer_template":"0","_themeisle_gutenberg_block_has_review":false},"product_brand":[],"product_cat":[18],"product_tag":[],"class_list":{"0":"post-588","1":"product","2":"type-product","3":"status-publish","4":"has-post-thumbnail","6":"product_cat-inicial","8":"entry","9":"has-media","11":"first","12":"instock","13":"virtual","14":"purchasable","15":"product-type-simple","16":"has-product-nav","17":"col","18":"span_1_of_4","19":"owp-content-center","20":"owp-thumbs-layout-horizontal","21":"owp-btn-very-big","22":"owp-tabs-layout-horizontal","23":"has-no-thumbnails"},"_links":{"self":[{"href":"https:\/\/ccatlat.org\/mplace\/wp-json\/wp\/v2\/product\/588","targetHints":{"allow":["GET"]}}],"collection":[{"href":"https:\/\/ccatlat.org\/mplace\/wp-json\/wp\/v2\/product"}],"about":[{"href":"https:\/\/ccatlat.org\/mplace\/wp-json\/wp\/v2\/types\/product"}],"wp:featuredmedia":[{"embeddable":true,"href":"https:\/\/ccatlat.org\/mplace\/wp-json\/wp\/v2\/media\/695"}],"wp:attachment":[{"href":"https:\/\/ccatlat.org\/mplace\/wp-json\/wp\/v2\/media?parent=588"}],"wp:term":[{"taxonomy":"product_brand","embeddable":true,"href":"https:\/\/ccatlat.org\/mplace\/wp-json\/wp\/v2\/product_brand?post=588"},{"taxonomy":"product_cat","embeddable":true,"href":"https:\/\/ccatlat.org\/mplace\/wp-json\/wp\/v2\/product_cat?post=588"},{"taxonomy":"product_tag","embeddable":true,"href":"https:\/\/ccatlat.org\/mplace\/wp-json\/wp\/v2\/product_tag?post=588"}],"curies":[{"name":"wp","href":"https:\/\/api.w.org\/{rel}","templated":true}]}}