{"id":547,"date":"2023-04-27T11:10:36","date_gmt":"2023-04-27T14:10:36","guid":{"rendered":"https:\/\/ccatlat.org\/mplace\/product\/gestion-y-medicion-de-calidad-en-telefonia-ip-voip\/"},"modified":"2023-04-29T11:39:15","modified_gmt":"2023-04-29T14:39:15","slug":"gestion-y-medicion-de-calidad-en-telefonia-ip-voip","status":"publish","type":"product","link":"https:\/\/ccatlat.org\/mplace\/product\/gestion-y-medicion-de-calidad-en-telefonia-ip-voip\/","title":{"rendered":"Gesti\u00f3n y Medici\u00f3n de Calidad en Telefon\u00eda IP\/VoIP"},"content":{"rendered":"<h4>La telefon\u00eda IP<\/h4>\n<p>La voz sobre IP es ya un comun denominador de todas las comunicaciones telefonicas, dentro de este contexto la calidad de estos sevicios esla llave del \u00e9xito en su comercializaci\u00f3n. Este curso pone a su alcance las herramientas que permiten que esto sea posible\u00a0 creando tecnicos\u00a0 acorde al desafio de este presente.<\/p>\n","protected":false},"excerpt":{"rendered":"<p>La telefon\u00eda IP La voz sobre IP es ya un comun denominador de todas las comunicaciones telefonicas, dentro de este contexto la calidad de estos sevicios esla llave del \u00e9xito en su comercializaci\u00f3n. Este curso pone a su alcance las herramientas que permiten que esto sea posible\u00a0 creando tecnicos\u00a0 acorde al desafio de este presente.<\/p>\n","protected":false},"featured_media":548,"template":"","meta":{"pagelayer_contact_templates":[],"_pagelayer_content":"","ocean_post_layout":"","ocean_both_sidebars_style":"","ocean_both_sidebars_content_width":0,"ocean_both_sidebars_sidebars_width":0,"ocean_sidebar":"0","ocean_second_sidebar":"0","ocean_disable_margins":"enable","ocean_add_body_class":"","ocean_shortcode_before_top_bar":"","ocean_shortcode_after_top_bar":"","ocean_shortcode_before_header":"","ocean_shortcode_after_header":"","ocean_has_shortcode":"","ocean_shortcode_after_title":"","ocean_shortcode_before_footer_widgets":"","ocean_shortcode_after_footer_widgets":"","ocean_shortcode_before_footer_bottom":"","ocean_shortcode_after_footer_bottom":"","ocean_display_top_bar":"default","ocean_display_header":"default","ocean_header_style":"","ocean_center_header_left_menu":"0","ocean_custom_header_template":"0","ocean_custom_logo":0,"ocean_custom_retina_logo":0,"ocean_custom_logo_max_width":0,"ocean_custom_logo_tablet_max_width":0,"ocean_custom_logo_mobile_max_width":0,"ocean_custom_logo_max_height":0,"ocean_custom_logo_tablet_max_height":0,"ocean_custom_logo_mobile_max_height":0,"ocean_header_custom_menu":"0","ocean_menu_typo_font_family":"0","ocean_menu_typo_font_subset":"","ocean_menu_typo_font_size":0,"ocean_menu_typo_font_size_tablet":0,"ocean_menu_typo_font_size_mobile":0,"ocean_menu_typo_font_size_unit":"px","ocean_menu_typo_font_weight":"","ocean_menu_typo_font_weight_tablet":"","ocean_menu_typo_font_weight_mobile":"","ocean_menu_typo_transform":"","ocean_menu_typo_transform_tablet":"","ocean_menu_typo_transform_mobile":"","ocean_menu_typo_line_height":0,"ocean_menu_typo_line_height_tablet":0,"ocean_menu_typo_line_height_mobile":0,"ocean_menu_typo_line_height_unit":"","ocean_menu_typo_spacing":0,"ocean_menu_typo_spacing_tablet":0,"ocean_menu_typo_spacing_mobile":0,"ocean_menu_typo_spacing_unit":"","ocean_menu_link_color":"","ocean_menu_link_color_hover":"","ocean_menu_link_color_active":"","ocean_menu_link_background":"","ocean_menu_link_hover_background":"","ocean_menu_link_active_background":"","ocean_menu_social_links_bg":"","ocean_menu_social_hover_links_bg":"","ocean_menu_social_links_color":"","ocean_menu_social_hover_links_color":"","ocean_disable_title":"default","ocean_disable_heading":"default","ocean_post_title":"","ocean_post_subheading":"","ocean_post_title_style":"","ocean_post_title_background_color":"","ocean_post_title_background":0,"ocean_post_title_bg_image_position":"","ocean_post_title_bg_image_attachment":"","ocean_post_title_bg_image_repeat":"","ocean_post_title_bg_image_size":"","ocean_post_title_height":0,"ocean_post_title_bg_overlay":0.5,"ocean_post_title_bg_overlay_color":"","ocean_disable_breadcrumbs":"default","ocean_breadcrumbs_color":"","ocean_breadcrumbs_separator_color":"","ocean_breadcrumbs_links_color":"","ocean_breadcrumbs_links_hover_color":"","ocean_display_footer_widgets":"default","ocean_display_footer_bottom":"default","ocean_custom_footer_template":"0","_themeisle_gutenberg_block_has_review":false},"product_brand":[],"product_cat":[35],"product_tag":[],"class_list":{"0":"post-547","1":"product","2":"type-product","3":"status-publish","4":"has-post-thumbnail","6":"product_cat-telecomunicaciones","8":"entry","9":"has-media","11":"first","12":"instock","13":"virtual","14":"product-type-simple","15":"has-product-nav","16":"col","17":"span_1_of_4","18":"owp-content-center","19":"owp-thumbs-layout-horizontal","20":"owp-btn-very-big","21":"owp-tabs-layout-horizontal","22":"has-no-thumbnails"},"_links":{"self":[{"href":"https:\/\/ccatlat.org\/mplace\/wp-json\/wp\/v2\/product\/547","targetHints":{"allow":["GET"]}}],"collection":[{"href":"https:\/\/ccatlat.org\/mplace\/wp-json\/wp\/v2\/product"}],"about":[{"href":"https:\/\/ccatlat.org\/mplace\/wp-json\/wp\/v2\/types\/product"}],"wp:featuredmedia":[{"embeddable":true,"href":"https:\/\/ccatlat.org\/mplace\/wp-json\/wp\/v2\/media\/548"}],"wp:attachment":[{"href":"https:\/\/ccatlat.org\/mplace\/wp-json\/wp\/v2\/media?parent=547"}],"wp:term":[{"taxonomy":"product_brand","embeddable":true,"href":"https:\/\/ccatlat.org\/mplace\/wp-json\/wp\/v2\/product_brand?post=547"},{"taxonomy":"product_cat","embeddable":true,"href":"https:\/\/ccatlat.org\/mplace\/wp-json\/wp\/v2\/product_cat?post=547"},{"taxonomy":"product_tag","embeddable":true,"href":"https:\/\/ccatlat.org\/mplace\/wp-json\/wp\/v2\/product_tag?post=547"}],"curies":[{"name":"wp","href":"https:\/\/api.w.org\/{rel}","templated":true}]}}