{"id":545,"date":"2023-04-27T11:10:35","date_gmt":"2023-04-27T14:10:35","guid":{"rendered":"https:\/\/ccatlat.org\/mplace\/product\/exploracion-de-iot-con-cisco-packet-tracer\/"},"modified":"2023-04-29T10:54:29","modified_gmt":"2023-04-29T13:54:29","slug":"exploracion-de-iot-con-cisco-packet-tracer","status":"publish","type":"product","link":"https:\/\/ccatlat.org\/mplace\/product\/exploracion-de-iot-con-cisco-packet-tracer\/","title":{"rendered":"Exploraci\u00f3n de IoT con Cisco Packet Tracer"},"content":{"rendered":"<h4>Aprenda a agregar y configurar dispositivos IoT en Cisco Packet Tracer para configurar una red dom\u00e9stica inteligente.<\/h4>\n<p>En el mundo digital actual, cada vez m\u00e1s dispositivos se conectan a la red como nunca antes. \u00a1Un hogar, una ciudad o una red inteligentes pueden tener cientos de dispositivos de Internet de las cosas (IoT)! Las posibilidades son infinitas.En este curso, use sus habilidades de Cisco Packet Tracer para crear una red dom\u00e9stica inteligente. Aprenda a agregar dispositivos IoT a una red dom\u00e9stica y a conectarlos, configurarlos y monitorearlos. Tambi\u00e9n se familiarizar\u00e1 m\u00e1s con los dispositivos IoT, incluidos qu\u00e9 son, qu\u00e9 pueden hacer y c\u00f3mo se programan. Incluso crear\u00e1 su propio dispositivo IoT y lo utilizar\u00e1 en su red dom\u00e9stica inteligente.<\/p>\n","protected":false},"excerpt":{"rendered":"<p>Aprenda a agregar y configurar dispositivos IoT en Cisco Packet Tracer para configurar una red dom\u00e9stica inteligente. En el mundo digital actual, cada vez m\u00e1s dispositivos se conectan a la red como nunca antes. \u00a1Un hogar, una ciudad o una red inteligentes pueden tener cientos de dispositivos de Internet de las cosas (IoT)! Las posibilidades [&hellip;]<\/p>\n","protected":false},"featured_media":546,"template":"","meta":{"pagelayer_contact_templates":[],"_pagelayer_content":"","ocean_post_layout":"","ocean_both_sidebars_style":"","ocean_both_sidebars_content_width":0,"ocean_both_sidebars_sidebars_width":0,"ocean_sidebar":"0","ocean_second_sidebar":"0","ocean_disable_margins":"enable","ocean_add_body_class":"","ocean_shortcode_before_top_bar":"","ocean_shortcode_after_top_bar":"","ocean_shortcode_before_header":"","ocean_shortcode_after_header":"","ocean_has_shortcode":"","ocean_shortcode_after_title":"","ocean_shortcode_before_footer_widgets":"","ocean_shortcode_after_footer_widgets":"","ocean_shortcode_before_footer_bottom":"","ocean_shortcode_after_footer_bottom":"","ocean_display_top_bar":"default","ocean_display_header":"default","ocean_header_style":"","ocean_center_header_left_menu":"0","ocean_custom_header_template":"0","ocean_custom_logo":0,"ocean_custom_retina_logo":0,"ocean_custom_logo_max_width":0,"ocean_custom_logo_tablet_max_width":0,"ocean_custom_logo_mobile_max_width":0,"ocean_custom_logo_max_height":0,"ocean_custom_logo_tablet_max_height":0,"ocean_custom_logo_mobile_max_height":0,"ocean_header_custom_menu":"0","ocean_menu_typo_font_family":"0","ocean_menu_typo_font_subset":"","ocean_menu_typo_font_size":0,"ocean_menu_typo_font_size_tablet":0,"ocean_menu_typo_font_size_mobile":0,"ocean_menu_typo_font_size_unit":"px","ocean_menu_typo_font_weight":"","ocean_menu_typo_font_weight_tablet":"","ocean_menu_typo_font_weight_mobile":"","ocean_menu_typo_transform":"","ocean_menu_typo_transform_tablet":"","ocean_menu_typo_transform_mobile":"","ocean_menu_typo_line_height":0,"ocean_menu_typo_line_height_tablet":0,"ocean_menu_typo_line_height_mobile":0,"ocean_menu_typo_line_height_unit":"","ocean_menu_typo_spacing":0,"ocean_menu_typo_spacing_tablet":0,"ocean_menu_typo_spacing_mobile":0,"ocean_menu_typo_spacing_unit":"","ocean_menu_link_color":"","ocean_menu_link_color_hover":"","ocean_menu_link_color_active":"","ocean_menu_link_background":"","ocean_menu_link_hover_background":"","ocean_menu_link_active_background":"","ocean_menu_social_links_bg":"","ocean_menu_social_hover_links_bg":"","ocean_menu_social_links_color":"","ocean_menu_social_hover_links_color":"","ocean_disable_title":"default","ocean_disable_heading":"default","ocean_post_title":"","ocean_post_subheading":"","ocean_post_title_style":"","ocean_post_title_background_color":"","ocean_post_title_background":0,"ocean_post_title_bg_image_position":"","ocean_post_title_bg_image_attachment":"","ocean_post_title_bg_image_repeat":"","ocean_post_title_bg_image_size":"","ocean_post_title_height":0,"ocean_post_title_bg_overlay":0.5,"ocean_post_title_bg_overlay_color":"","ocean_disable_breadcrumbs":"default","ocean_breadcrumbs_color":"","ocean_breadcrumbs_separator_color":"","ocean_breadcrumbs_links_color":"","ocean_breadcrumbs_links_hover_color":"","ocean_display_footer_widgets":"default","ocean_display_footer_bottom":"default","ocean_custom_footer_template":"0","_themeisle_gutenberg_block_has_review":false},"product_brand":[],"product_cat":[27,34],"product_tag":[],"class_list":{"0":"post-545","1":"product","2":"type-product","3":"status-publish","4":"has-post-thumbnail","6":"product_cat-cisco-networking-academy","7":"product_cat-packet_tracer","9":"entry","10":"has-media","12":"first","13":"instock","14":"virtual","15":"product-type-simple","16":"has-product-nav","17":"col","18":"span_1_of_4","19":"owp-content-center","20":"owp-thumbs-layout-horizontal","21":"owp-btn-very-big","22":"owp-tabs-layout-horizontal","23":"has-no-thumbnails"},"_links":{"self":[{"href":"https:\/\/ccatlat.org\/mplace\/wp-json\/wp\/v2\/product\/545","targetHints":{"allow":["GET"]}}],"collection":[{"href":"https:\/\/ccatlat.org\/mplace\/wp-json\/wp\/v2\/product"}],"about":[{"href":"https:\/\/ccatlat.org\/mplace\/wp-json\/wp\/v2\/types\/product"}],"wp:featuredmedia":[{"embeddable":true,"href":"https:\/\/ccatlat.org\/mplace\/wp-json\/wp\/v2\/media\/546"}],"wp:attachment":[{"href":"https:\/\/ccatlat.org\/mplace\/wp-json\/wp\/v2\/media?parent=545"}],"wp:term":[{"taxonomy":"product_brand","embeddable":true,"href":"https:\/\/ccatlat.org\/mplace\/wp-json\/wp\/v2\/product_brand?post=545"},{"taxonomy":"product_cat","embeddable":true,"href":"https:\/\/ccatlat.org\/mplace\/wp-json\/wp\/v2\/product_cat?post=545"},{"taxonomy":"product_tag","embeddable":true,"href":"https:\/\/ccatlat.org\/mplace\/wp-json\/wp\/v2\/product_tag?post=545"}],"curies":[{"name":"wp","href":"https:\/\/api.w.org\/{rel}","templated":true}]}}