{"id":537,"date":"2023-04-27T11:10:30","date_gmt":"2023-04-27T14:10:30","guid":{"rendered":"https:\/\/ccatlat.org\/mplace\/product\/ccna-cybersecurity-operations\/"},"modified":"2023-04-27T13:14:34","modified_gmt":"2023-04-27T16:14:34","slug":"ccna-cybersecurity-operations","status":"publish","type":"product","link":"https:\/\/ccatlat.org\/mplace\/product\/ccna-cybersecurity-operations\/","title":{"rendered":"CCNA Cybersecurity Operations"},"content":{"rendered":"<h4>\u00bfContestar\u00e1 la llamada para proteger las redes?<\/h4>\n<p>Descubrir los delitos cibern\u00e9ticos, el espionaje cibern\u00e9tico y otras amenazas de redes son solo algunos de los emocionantes trabajos de ciberseguridad que se extienden en todos los sectores. Conozca las habilidades para unirse a este campo de r\u00e1pido crecimiento y aproveche las oportunidades que se encuentran en los centros de operaciones de seguridad. Si\u00e9ntase seguro de que ayuda a hacer del mundo un lugar m\u00e1s seguro desempe\u00f1ando un papel en este campo.En este curso, aprender\u00e1 conceptos de seguridad, monitoreo de seguridad, an\u00e1lisis basado en hosts, an\u00e1lisis de intrusiones en la red y pol\u00edticas y procedimientos de seguridad. Este curso tambi\u00e9n se alinea con el Cybersecurity Workforce Framework de la iniciativa nacional para la educaci\u00f3n en ciberseguridad (NICE) para respaldar el lenguaje de comunicaci\u00f3n uniforme para la educaci\u00f3n sobre ciberseguridad, la capacitaci\u00f3n y el desarrollo de la fuerza laboral.<\/p>\n<p>Preparaci\u00f3n recomendada: <a href=\"https:\/\/ccatlat.org\/mplace\/product\/introduction-to-cybersecurity\/\">Introduction to Cybersecurity<\/a> o <a href=\"https:\/\/ccatlat.org\/mplace\/product\/analista-junior-en-ciberseguridad\/\">Cybersecurity Essentials<\/a><\/p>\n<p><strong>Aprender\u00e1 estas habilidades fundamentales:<\/strong><\/p>\n<ul>\n<li>Profundice sus conocimientos sobre c\u00f3mo detectar incidentes de seguridad y responder ante ellos.<\/li>\n<li>Adquiera habilidades pr\u00e1cticas para trabajar en operaciones de ciberseguridad.<\/li>\n<li>Desarrolle un pensamiento cr\u00edtico y habilidades para resolver problemas mediante equipamientos reales y Cisco Packet Tracer.<\/li>\n<li>Prep\u00e1rese para la certificaci\u00f3n Cisco Certified CyberOps Associate.<\/li>\n<\/ul>\n","protected":false},"excerpt":{"rendered":"<p>\u00bfContestar\u00e1 la llamada para proteger las redes? Descubrir los delitos cibern\u00e9ticos, el espionaje cibern\u00e9tico y otras amenazas de redes son solo algunos de los emocionantes trabajos de ciberseguridad que se extienden en todos los sectores. Conozca las habilidades para unirse a este campo de r\u00e1pido crecimiento y aproveche las oportunidades que se encuentran en los [&hellip;]<\/p>\n","protected":false},"featured_media":538,"template":"","meta":{"pagelayer_contact_templates":[],"_pagelayer_content":"","ocean_post_layout":"","ocean_both_sidebars_style":"","ocean_both_sidebars_content_width":0,"ocean_both_sidebars_sidebars_width":0,"ocean_sidebar":"0","ocean_second_sidebar":"0","ocean_disable_margins":"enable","ocean_add_body_class":"","ocean_shortcode_before_top_bar":"","ocean_shortcode_after_top_bar":"","ocean_shortcode_before_header":"","ocean_shortcode_after_header":"","ocean_has_shortcode":"","ocean_shortcode_after_title":"","ocean_shortcode_before_footer_widgets":"","ocean_shortcode_after_footer_widgets":"","ocean_shortcode_before_footer_bottom":"","ocean_shortcode_after_footer_bottom":"","ocean_display_top_bar":"default","ocean_display_header":"default","ocean_header_style":"","ocean_center_header_left_menu":"0","ocean_custom_header_template":"0","ocean_custom_logo":0,"ocean_custom_retina_logo":0,"ocean_custom_logo_max_width":0,"ocean_custom_logo_tablet_max_width":0,"ocean_custom_logo_mobile_max_width":0,"ocean_custom_logo_max_height":0,"ocean_custom_logo_tablet_max_height":0,"ocean_custom_logo_mobile_max_height":0,"ocean_header_custom_menu":"0","ocean_menu_typo_font_family":"0","ocean_menu_typo_font_subset":"","ocean_menu_typo_font_size":0,"ocean_menu_typo_font_size_tablet":0,"ocean_menu_typo_font_size_mobile":0,"ocean_menu_typo_font_size_unit":"px","ocean_menu_typo_font_weight":"","ocean_menu_typo_font_weight_tablet":"","ocean_menu_typo_font_weight_mobile":"","ocean_menu_typo_transform":"","ocean_menu_typo_transform_tablet":"","ocean_menu_typo_transform_mobile":"","ocean_menu_typo_line_height":0,"ocean_menu_typo_line_height_tablet":0,"ocean_menu_typo_line_height_mobile":0,"ocean_menu_typo_line_height_unit":"","ocean_menu_typo_spacing":0,"ocean_menu_typo_spacing_tablet":0,"ocean_menu_typo_spacing_mobile":0,"ocean_menu_typo_spacing_unit":"","ocean_menu_link_color":"","ocean_menu_link_color_hover":"","ocean_menu_link_color_active":"","ocean_menu_link_background":"","ocean_menu_link_hover_background":"","ocean_menu_link_active_background":"","ocean_menu_social_links_bg":"","ocean_menu_social_hover_links_bg":"","ocean_menu_social_links_color":"","ocean_menu_social_hover_links_color":"","ocean_disable_title":"default","ocean_disable_heading":"default","ocean_post_title":"","ocean_post_subheading":"","ocean_post_title_style":"","ocean_post_title_background_color":"","ocean_post_title_background":0,"ocean_post_title_bg_image_position":"","ocean_post_title_bg_image_attachment":"","ocean_post_title_bg_image_repeat":"","ocean_post_title_bg_image_size":"","ocean_post_title_height":0,"ocean_post_title_bg_overlay":0.5,"ocean_post_title_bg_overlay_color":"","ocean_disable_breadcrumbs":"default","ocean_breadcrumbs_color":"","ocean_breadcrumbs_separator_color":"","ocean_breadcrumbs_links_color":"","ocean_breadcrumbs_links_hover_color":"","ocean_display_footer_widgets":"default","ocean_display_footer_bottom":"default","ocean_custom_footer_template":"0","_themeisle_gutenberg_block_has_review":false},"product_brand":[],"product_cat":[33,27],"product_tag":[],"class_list":{"0":"post-537","1":"product","2":"type-product","3":"status-publish","4":"has-post-thumbnail","6":"product_cat-ciberseguridad","7":"product_cat-cisco-networking-academy","9":"entry","10":"has-media","12":"first","13":"instock","14":"virtual","15":"product-type-simple","16":"has-product-nav","17":"col","18":"span_1_of_4","19":"owp-content-center","20":"owp-thumbs-layout-horizontal","21":"owp-btn-very-big","22":"owp-tabs-layout-horizontal","23":"has-no-thumbnails"},"_links":{"self":[{"href":"https:\/\/ccatlat.org\/mplace\/wp-json\/wp\/v2\/product\/537","targetHints":{"allow":["GET"]}}],"collection":[{"href":"https:\/\/ccatlat.org\/mplace\/wp-json\/wp\/v2\/product"}],"about":[{"href":"https:\/\/ccatlat.org\/mplace\/wp-json\/wp\/v2\/types\/product"}],"wp:featuredmedia":[{"embeddable":true,"href":"https:\/\/ccatlat.org\/mplace\/wp-json\/wp\/v2\/media\/538"}],"wp:attachment":[{"href":"https:\/\/ccatlat.org\/mplace\/wp-json\/wp\/v2\/media?parent=537"}],"wp:term":[{"taxonomy":"product_brand","embeddable":true,"href":"https:\/\/ccatlat.org\/mplace\/wp-json\/wp\/v2\/product_brand?post=537"},{"taxonomy":"product_cat","embeddable":true,"href":"https:\/\/ccatlat.org\/mplace\/wp-json\/wp\/v2\/product_cat?post=537"},{"taxonomy":"product_tag","embeddable":true,"href":"https:\/\/ccatlat.org\/mplace\/wp-json\/wp\/v2\/product_tag?post=537"}],"curies":[{"name":"wp","href":"https:\/\/api.w.org\/{rel}","templated":true}]}}