{"id":523,"date":"2023-04-27T11:10:08","date_gmt":"2023-04-27T14:10:08","guid":{"rendered":"https:\/\/ccatlat.org\/mplace\/product\/devnet-associate\/"},"modified":"2023-04-29T11:04:14","modified_gmt":"2023-04-29T14:04:14","slug":"devnet-associate","status":"publish","type":"product","link":"https:\/\/ccatlat.org\/mplace\/product\/devnet-associate\/","title":{"rendered":"DevNet Associate"},"content":{"rendered":"<h4>Capacidades de software que transforman la infraestructura de TI<\/h4>\n<p>Inicie su viaje hacia la certificaci\u00f3n de DevNet Associate. Desarrolle las habilidades de software necesarias para convertirse en una parte fundamental de los equipos de TI actuales. Aprender\u00e1 los procedimientos recomendados de las pr\u00e1cticas de desarrollo de software modernas, DevOps y c\u00f3mo interactuar de manera segura con las interfaces de programaci\u00f3n de aplicaciones (API) para automatizar los procesos manuales existentes con solo unas pocas l\u00edneas de c\u00f3digo.<\/p>\n<p>Se recomienda tener conocimientos previos de PCAP: Programming Essentials in Python y <a href=\"https:\/\/ccatlat.org\/mplace\/product\/ccna-introduction-to-networks\/\">CCNA: Introduction to Networks (ITN)<\/a> o conocimientos equivalentes.<\/p>\n<p><strong>Aprender\u00e1 estas habilidades fundamentales:<\/strong><\/p>\n<ul>\n<li>Practique capacidades de desarrollo de software, incluidos los formatos de Python, GIT y datos comunes (XML, JSON y YAML).<\/li>\n<li>Familiar\u00edcese con la automatizaci\u00f3n de la infraestructura mediante c\u00f3digo, metodolog\u00eda de DevOps y microservicios.<\/li>\n<li>Implemente aplicaciones como contenedores y utilice canales de integraci\u00f3n continua\/implementaci\u00f3n continua (CI\/CD)<\/li>\n<li>Desarrolle un pensamiento cr\u00edtico y habilidades para resolver problemas mediante Cisco Packet Tracer y m\u00e1quinas virtuales.<\/li>\n<\/ul>\n","protected":false},"excerpt":{"rendered":"<p>Capacidades de software que transforman la infraestructura de TI Inicie su viaje hacia la certificaci\u00f3n de DevNet Associate. Desarrolle las habilidades de software necesarias para convertirse en una parte fundamental de los equipos de TI actuales. Aprender\u00e1 los procedimientos recomendados de las pr\u00e1cticas de desarrollo de software modernas, DevOps y c\u00f3mo interactuar de manera segura [&hellip;]<\/p>\n","protected":false},"featured_media":524,"template":"","meta":{"pagelayer_contact_templates":[],"_pagelayer_content":"","ocean_post_layout":"","ocean_both_sidebars_style":"","ocean_both_sidebars_content_width":0,"ocean_both_sidebars_sidebars_width":0,"ocean_sidebar":"0","ocean_second_sidebar":"0","ocean_disable_margins":"enable","ocean_add_body_class":"","ocean_shortcode_before_top_bar":"","ocean_shortcode_after_top_bar":"","ocean_shortcode_before_header":"","ocean_shortcode_after_header":"","ocean_has_shortcode":"","ocean_shortcode_after_title":"","ocean_shortcode_before_footer_widgets":"","ocean_shortcode_after_footer_widgets":"","ocean_shortcode_before_footer_bottom":"","ocean_shortcode_after_footer_bottom":"","ocean_display_top_bar":"default","ocean_display_header":"default","ocean_header_style":"","ocean_center_header_left_menu":"0","ocean_custom_header_template":"0","ocean_custom_logo":0,"ocean_custom_retina_logo":0,"ocean_custom_logo_max_width":0,"ocean_custom_logo_tablet_max_width":0,"ocean_custom_logo_mobile_max_width":0,"ocean_custom_logo_max_height":0,"ocean_custom_logo_tablet_max_height":0,"ocean_custom_logo_mobile_max_height":0,"ocean_header_custom_menu":"0","ocean_menu_typo_font_family":"0","ocean_menu_typo_font_subset":"","ocean_menu_typo_font_size":0,"ocean_menu_typo_font_size_tablet":0,"ocean_menu_typo_font_size_mobile":0,"ocean_menu_typo_font_size_unit":"px","ocean_menu_typo_font_weight":"","ocean_menu_typo_font_weight_tablet":"","ocean_menu_typo_font_weight_mobile":"","ocean_menu_typo_transform":"","ocean_menu_typo_transform_tablet":"","ocean_menu_typo_transform_mobile":"","ocean_menu_typo_line_height":0,"ocean_menu_typo_line_height_tablet":0,"ocean_menu_typo_line_height_mobile":0,"ocean_menu_typo_line_height_unit":"","ocean_menu_typo_spacing":0,"ocean_menu_typo_spacing_tablet":0,"ocean_menu_typo_spacing_mobile":0,"ocean_menu_typo_spacing_unit":"","ocean_menu_link_color":"","ocean_menu_link_color_hover":"","ocean_menu_link_color_active":"","ocean_menu_link_background":"","ocean_menu_link_hover_background":"","ocean_menu_link_active_background":"","ocean_menu_social_links_bg":"","ocean_menu_social_hover_links_bg":"","ocean_menu_social_links_color":"","ocean_menu_social_hover_links_color":"","ocean_disable_title":"default","ocean_disable_heading":"default","ocean_post_title":"","ocean_post_subheading":"","ocean_post_title_style":"","ocean_post_title_background_color":"","ocean_post_title_background":0,"ocean_post_title_bg_image_position":"","ocean_post_title_bg_image_attachment":"","ocean_post_title_bg_image_repeat":"","ocean_post_title_bg_image_size":"","ocean_post_title_height":0,"ocean_post_title_bg_overlay":0.5,"ocean_post_title_bg_overlay_color":"","ocean_disable_breadcrumbs":"default","ocean_breadcrumbs_color":"","ocean_breadcrumbs_separator_color":"","ocean_breadcrumbs_links_color":"","ocean_breadcrumbs_links_hover_color":"","ocean_display_footer_widgets":"default","ocean_display_footer_bottom":"default","ocean_custom_footer_template":"0","_themeisle_gutenberg_block_has_review":false},"product_brand":[],"product_cat":[32,27],"product_tag":[],"class_list":{"0":"post-523","1":"product","2":"type-product","3":"status-publish","4":"has-post-thumbnail","6":"product_cat-automatizacion_de_infraestructura","7":"product_cat-cisco-networking-academy","9":"entry","10":"has-media","12":"first","13":"instock","14":"virtual","15":"product-type-simple","16":"has-product-nav","17":"col","18":"span_1_of_4","19":"owp-content-center","20":"owp-thumbs-layout-horizontal","21":"owp-btn-very-big","22":"owp-tabs-layout-horizontal","23":"has-no-thumbnails"},"_links":{"self":[{"href":"https:\/\/ccatlat.org\/mplace\/wp-json\/wp\/v2\/product\/523","targetHints":{"allow":["GET"]}}],"collection":[{"href":"https:\/\/ccatlat.org\/mplace\/wp-json\/wp\/v2\/product"}],"about":[{"href":"https:\/\/ccatlat.org\/mplace\/wp-json\/wp\/v2\/types\/product"}],"wp:featuredmedia":[{"embeddable":true,"href":"https:\/\/ccatlat.org\/mplace\/wp-json\/wp\/v2\/media\/524"}],"wp:attachment":[{"href":"https:\/\/ccatlat.org\/mplace\/wp-json\/wp\/v2\/media?parent=523"}],"wp:term":[{"taxonomy":"product_brand","embeddable":true,"href":"https:\/\/ccatlat.org\/mplace\/wp-json\/wp\/v2\/product_brand?post=523"},{"taxonomy":"product_cat","embeddable":true,"href":"https:\/\/ccatlat.org\/mplace\/wp-json\/wp\/v2\/product_cat?post=523"},{"taxonomy":"product_tag","embeddable":true,"href":"https:\/\/ccatlat.org\/mplace\/wp-json\/wp\/v2\/product_tag?post=523"}],"curies":[{"name":"wp","href":"https:\/\/api.w.org\/{rel}","templated":true}]}}