{"id":433,"date":"2023-04-24T14:41:58","date_gmt":"2023-04-24T17:41:58","guid":{"rendered":"https:\/\/ccatlat.org\/mplace\/product\/ccna-switching-routing-and-wireless-essentials-networking\/"},"modified":"2023-04-29T11:33:51","modified_gmt":"2023-04-29T14:33:51","slug":"ccna-switching-routing-and-wireless-essentials-networking","status":"publish","type":"product","link":"https:\/\/ccatlat.org\/mplace\/product\/ccna-switching-routing-and-wireless-essentials-networking\/","title":{"rendered":"CCNA: Switching, Routing, and Wireless Essentials Networking"},"content":{"rendered":"<h4>Ad\u00e9ntrese en el mundo de las redes.<\/h4>\n<p>Este curso se centra en las tecnolog\u00edas de switching y las operaciones de router que admiten redes empresariales peque\u00f1as a medianas, incluidas las redes de \u00e1rea local inal\u00e1mbricas (WLAN) y los conceptos de seguridad. En este segundo curso de una serie de 3 cursos de CCNA, realizar\u00e1 la configuraci\u00f3n b\u00e1sica de la red y la soluci\u00f3n de problemas, identificar\u00e1 y mitigar\u00e1 las amenazas de seguridad de la LAN, y configurar\u00e1 y proteger\u00e1 una WLAN b\u00e1sica.<\/p>\n<p>Preparaci\u00f3n recomendada: <a href=\"https:\/\/ccatlat.org\/mplace\/product\/ccna-introduction-to-networks\/\">CCNA: Introduction to Networks<\/a> o conocimientos equivalentes.<\/p>\n<p>Despu\u00e9s de completar los tres cursos CCNA, estr\u00e1 listo para tomar la certificaci\u00f3n CCNA.<\/p>\n<p><strong>Aprender\u00e1 estas habilidades fundamentales:<\/strong><\/p>\n<ul>\n<li>Trabaje con routers, switches y dispositivos inal\u00e1mbricos para configurar y solucionar problemas de VLAN, LAN inal\u00e1mbricas y routing entre VLAN.<\/li>\n<li>Configure y solucione la redundancia en una red conmutada mediante STP y EtherChannel.<\/li>\n<li>Desarrolle un pensamiento cr\u00edtico y habilidades para resolver problemas mediante equipamientos reales y Cisco Packet Tracer.<\/li>\n<li>Explique c\u00f3mo admitir redes disponibles y confiables mediante el direccionamiento din\u00e1mico y los protocolos de redundancia de primer salto.<\/li>\n<li>Dise\u00f1ado para aprendizaje a distancia. Hay una opci\u00f3n de aprendizaje a distancia disponible para este curso. Las actividades de laboratorio se pueden completar con Packet Tracer si el equipo de laboratorio no est\u00e1 disponible.<\/li>\n<\/ul>\n","protected":false},"excerpt":{"rendered":"<p>Ad\u00e9ntrese en el mundo de las redes. Este curso se centra en las tecnolog\u00edas de switching y las operaciones de router que admiten redes empresariales peque\u00f1as a medianas, incluidas las redes de \u00e1rea local inal\u00e1mbricas (WLAN) y los conceptos de seguridad. En este segundo curso de una serie de 3 cursos de CCNA, realizar\u00e1 la [&hellip;]<\/p>\n","protected":false},"featured_media":495,"template":"","meta":{"pagelayer_contact_templates":[],"_pagelayer_content":"","ocean_post_layout":"","ocean_both_sidebars_style":"","ocean_both_sidebars_content_width":0,"ocean_both_sidebars_sidebars_width":0,"ocean_sidebar":"0","ocean_second_sidebar":"0","ocean_disable_margins":"enable","ocean_add_body_class":"","ocean_shortcode_before_top_bar":"","ocean_shortcode_after_top_bar":"","ocean_shortcode_before_header":"","ocean_shortcode_after_header":"","ocean_has_shortcode":"","ocean_shortcode_after_title":"","ocean_shortcode_before_footer_widgets":"","ocean_shortcode_after_footer_widgets":"","ocean_shortcode_before_footer_bottom":"","ocean_shortcode_after_footer_bottom":"","ocean_display_top_bar":"default","ocean_display_header":"default","ocean_header_style":"","ocean_center_header_left_menu":"0","ocean_custom_header_template":"0","ocean_custom_logo":0,"ocean_custom_retina_logo":0,"ocean_custom_logo_max_width":0,"ocean_custom_logo_tablet_max_width":0,"ocean_custom_logo_mobile_max_width":0,"ocean_custom_logo_max_height":0,"ocean_custom_logo_tablet_max_height":0,"ocean_custom_logo_mobile_max_height":0,"ocean_header_custom_menu":"0","ocean_menu_typo_font_family":"0","ocean_menu_typo_font_subset":"","ocean_menu_typo_font_size":0,"ocean_menu_typo_font_size_tablet":0,"ocean_menu_typo_font_size_mobile":0,"ocean_menu_typo_font_size_unit":"px","ocean_menu_typo_font_weight":"","ocean_menu_typo_font_weight_tablet":"","ocean_menu_typo_font_weight_mobile":"","ocean_menu_typo_transform":"","ocean_menu_typo_transform_tablet":"","ocean_menu_typo_transform_mobile":"","ocean_menu_typo_line_height":0,"ocean_menu_typo_line_height_tablet":0,"ocean_menu_typo_line_height_mobile":0,"ocean_menu_typo_line_height_unit":"","ocean_menu_typo_spacing":0,"ocean_menu_typo_spacing_tablet":0,"ocean_menu_typo_spacing_mobile":0,"ocean_menu_typo_spacing_unit":"","ocean_menu_link_color":"","ocean_menu_link_color_hover":"","ocean_menu_link_color_active":"","ocean_menu_link_background":"","ocean_menu_link_hover_background":"","ocean_menu_link_active_background":"","ocean_menu_social_links_bg":"","ocean_menu_social_hover_links_bg":"","ocean_menu_social_links_color":"","ocean_menu_social_hover_links_color":"","ocean_disable_title":"default","ocean_disable_heading":"default","ocean_post_title":"","ocean_post_subheading":"","ocean_post_title_style":"","ocean_post_title_background_color":"","ocean_post_title_background":0,"ocean_post_title_bg_image_position":"","ocean_post_title_bg_image_attachment":"","ocean_post_title_bg_image_repeat":"","ocean_post_title_bg_image_size":"","ocean_post_title_height":0,"ocean_post_title_bg_overlay":0.5,"ocean_post_title_bg_overlay_color":"","ocean_disable_breadcrumbs":"default","ocean_breadcrumbs_color":"","ocean_breadcrumbs_separator_color":"","ocean_breadcrumbs_links_color":"","ocean_breadcrumbs_links_hover_color":"","ocean_display_footer_widgets":"default","ocean_display_footer_bottom":"default","ocean_custom_footer_template":"0","_themeisle_gutenberg_block_has_review":false},"product_brand":[],"product_cat":[27,29],"product_tag":[],"class_list":{"0":"post-433","1":"product","2":"type-product","3":"status-publish","4":"has-post-thumbnail","6":"product_cat-cisco-networking-academy","7":"product_cat-redes","9":"entry","10":"has-media","12":"first","13":"instock","14":"virtual","15":"product-type-simple","16":"has-product-nav","17":"col","18":"span_1_of_4","19":"owp-content-center","20":"owp-thumbs-layout-horizontal","21":"owp-btn-very-big","22":"owp-tabs-layout-horizontal","23":"has-no-thumbnails"},"_links":{"self":[{"href":"https:\/\/ccatlat.org\/mplace\/wp-json\/wp\/v2\/product\/433","targetHints":{"allow":["GET"]}}],"collection":[{"href":"https:\/\/ccatlat.org\/mplace\/wp-json\/wp\/v2\/product"}],"about":[{"href":"https:\/\/ccatlat.org\/mplace\/wp-json\/wp\/v2\/types\/product"}],"wp:featuredmedia":[{"embeddable":true,"href":"https:\/\/ccatlat.org\/mplace\/wp-json\/wp\/v2\/media\/495"}],"wp:attachment":[{"href":"https:\/\/ccatlat.org\/mplace\/wp-json\/wp\/v2\/media?parent=433"}],"wp:term":[{"taxonomy":"product_brand","embeddable":true,"href":"https:\/\/ccatlat.org\/mplace\/wp-json\/wp\/v2\/product_brand?post=433"},{"taxonomy":"product_cat","embeddable":true,"href":"https:\/\/ccatlat.org\/mplace\/wp-json\/wp\/v2\/product_cat?post=433"},{"taxonomy":"product_tag","embeddable":true,"href":"https:\/\/ccatlat.org\/mplace\/wp-json\/wp\/v2\/product_tag?post=433"}],"curies":[{"name":"wp","href":"https:\/\/api.w.org\/{rel}","templated":true}]}}