{"id":14,"date":"2022-11-01T11:15:21","date_gmt":"2022-11-01T14:15:21","guid":{"rendered":"https:\/\/ccatlat.org\/mplace\/product\/diplomado-en-internet-de-las-cosas\/"},"modified":"2023-04-29T11:51:47","modified_gmt":"2023-04-29T14:51:47","slug":"diplomado-en-internet-de-las-cosas","status":"publish","type":"product","link":"https:\/\/ccatlat.org\/mplace\/product\/diplomado-en-internet-de-las-cosas\/","title":{"rendered":"Diplomado en Internet de las Cosas"},"content":{"rendered":"<h4>Profesional de mundo conectado<\/h4>\n<p>Imagina 50.000 millones de personas, sistemas y objetos f\u00edsicos conectados y compartiendo datos sin inconvenientes por Internet para el a\u00f1o 2025. No se trata de una hip\u00f3tesis; es una realidad que se est\u00e1 concretando a nuestro alrededor en este momento. Ver\u00e1s c\u00f3mo Internet de las cosas est\u00e1 cambiando el mundo y las habilidades necesarias para ser parte de ese mundo.<\/p>\n<p>El Diplomado en Internet de las Cosas est\u00e1 orientado a la formaci\u00f3n de profesionales capaces de acompa\u00f1ar la transformaci\u00f3n digital actual creando una oportunidad econ\u00f3mica sin precedentes, transformando los procesos de negocio est\u00e1ndar mediante la aplicaci\u00f3n de soluciones de IoT.<\/p>\n<p><strong>Plan de estudios<\/strong><\/p>\n<p>El Diplomado en Internet de las Cosas est\u00e1 compuesto por tres m\u00f3dulos correlativos:<\/p>\n<ul>\n<li>M\u00f3dulo 1 \u2192 Introducci\u00f3n a Internet de las Cosas (20 horas).\n<ul>\n<li>Todo est\u00e1 conectado<\/li>\n<li>Todo se vuelve programable<\/li>\n<li>Todo genera datos<\/li>\n<li>Todo puede ser automatizado<\/li>\n<li>Todo debe protegerse<\/li>\n<li>Oportunidades de negocios y educaci\u00f3n<\/li>\n<\/ul>\n<\/li>\n<li>M\u00f3dulo 2 \u2192 IoT Fundamentals. Connecting Things (20 horas).\n<ul>\n<li>Cosas y conexiones<\/li>\n<li>Sensores, accionadores y microcontroladores<\/li>\n<li>El software est\u00e1 en todos lados<\/li>\n<li>Redes de niebla y servicio en la nube<\/li>\n<li>Aplicaciones industriales de IoT<\/li>\n<li>Creaci\u00f3n de una soluci\u00f3n de IoT<\/li>\n<\/ul>\n<\/li>\n<li>M\u00f3dulo 3 \u2192 IoT Fundamentals: Big Data &amp; Analytics (20 horas).\n<ul>\n<li>Datos e Internet de las cosas<\/li>\n<li>Aspectos b\u00e1sicos del an\u00e1lisis de datos<\/li>\n<li>An\u00e1lisis de datos<\/li>\n<li>An\u00e1lisis de datos y aprendizaje mecanizado avanzados<\/li>\n<li>Narraci\u00f3n de historias con datos<\/li>\n<li>Arquitectura para datos masivos e ingenier\u00eda de datos<\/li>\n<\/ul>\n<\/li>\n<\/ul>\n<p>&nbsp;<\/p>\n<p><strong>Titulaci\u00f3n | Certificados<\/strong><\/p>\n<p>La aprobaci\u00f3n de los tres m\u00f3dulos correlativos otorga el t\u00edtulo de Diplomado en Internet de las Cosas, habilitando a la obtenci\u00f3n de los siguientes certificados:<\/p>\n<ul>\n<li>Certificado oficial de aprobaci\u00f3n de cada m\u00f3dulo emitido por Cisco Networking Academy.<\/li>\n<li>Certificado oficial de aprobaci\u00f3n final del Diplomado en Internet de las Cosas emitido por el Centro de Capacitaci\u00f3n en Alta Tecnolog\u00eda para Latinoam\u00e9rica y el Caribe.<\/li>\n<\/ul>\n","protected":false},"excerpt":{"rendered":"<p>Profesional de mundo conectado Imagina 50.000 millones de personas, sistemas y objetos f\u00edsicos conectados y compartiendo datos sin inconvenientes por Internet para el a\u00f1o 2025. No se trata de una hip\u00f3tesis; es una realidad que se est\u00e1 concretando a nuestro alrededor en este momento. Ver\u00e1s c\u00f3mo Internet de las cosas est\u00e1 cambiando el mundo y [&hellip;]<\/p>\n","protected":false},"featured_media":490,"template":"","meta":{"pagelayer_contact_templates":[],"_pagelayer_content":"","ocean_post_layout":"","ocean_both_sidebars_style":"","ocean_both_sidebars_content_width":0,"ocean_both_sidebars_sidebars_width":0,"ocean_sidebar":"0","ocean_second_sidebar":"0","ocean_disable_margins":"enable","ocean_add_body_class":"","ocean_shortcode_before_top_bar":"","ocean_shortcode_after_top_bar":"","ocean_shortcode_before_header":"","ocean_shortcode_after_header":"","ocean_has_shortcode":"","ocean_shortcode_after_title":"","ocean_shortcode_before_footer_widgets":"","ocean_shortcode_after_footer_widgets":"","ocean_shortcode_before_footer_bottom":"","ocean_shortcode_after_footer_bottom":"","ocean_display_top_bar":"default","ocean_display_header":"default","ocean_header_style":"","ocean_center_header_left_menu":"0","ocean_custom_header_template":"0","ocean_custom_logo":0,"ocean_custom_retina_logo":0,"ocean_custom_logo_max_width":0,"ocean_custom_logo_tablet_max_width":0,"ocean_custom_logo_mobile_max_width":0,"ocean_custom_logo_max_height":0,"ocean_custom_logo_tablet_max_height":0,"ocean_custom_logo_mobile_max_height":0,"ocean_header_custom_menu":"0","ocean_menu_typo_font_family":"0","ocean_menu_typo_font_subset":"","ocean_menu_typo_font_size":0,"ocean_menu_typo_font_size_tablet":0,"ocean_menu_typo_font_size_mobile":0,"ocean_menu_typo_font_size_unit":"px","ocean_menu_typo_font_weight":"","ocean_menu_typo_font_weight_tablet":"","ocean_menu_typo_font_weight_mobile":"","ocean_menu_typo_transform":"","ocean_menu_typo_transform_tablet":"","ocean_menu_typo_transform_mobile":"","ocean_menu_typo_line_height":0,"ocean_menu_typo_line_height_tablet":0,"ocean_menu_typo_line_height_mobile":0,"ocean_menu_typo_line_height_unit":"","ocean_menu_typo_spacing":0,"ocean_menu_typo_spacing_tablet":0,"ocean_menu_typo_spacing_mobile":0,"ocean_menu_typo_spacing_unit":"","ocean_menu_link_color":"","ocean_menu_link_color_hover":"","ocean_menu_link_color_active":"","ocean_menu_link_background":"","ocean_menu_link_hover_background":"","ocean_menu_link_active_background":"","ocean_menu_social_links_bg":"","ocean_menu_social_hover_links_bg":"","ocean_menu_social_links_color":"","ocean_menu_social_hover_links_color":"","ocean_disable_title":"default","ocean_disable_heading":"default","ocean_post_title":"","ocean_post_subheading":"","ocean_post_title_style":"","ocean_post_title_background_color":"","ocean_post_title_background":0,"ocean_post_title_bg_image_position":"","ocean_post_title_bg_image_attachment":"","ocean_post_title_bg_image_repeat":"","ocean_post_title_bg_image_size":"","ocean_post_title_height":0,"ocean_post_title_bg_overlay":0.5,"ocean_post_title_bg_overlay_color":"","ocean_disable_breadcrumbs":"default","ocean_breadcrumbs_color":"","ocean_breadcrumbs_separator_color":"","ocean_breadcrumbs_links_color":"","ocean_breadcrumbs_links_hover_color":"","ocean_display_footer_widgets":"default","ocean_display_footer_bottom":"default","ocean_custom_footer_template":"0","_themeisle_gutenberg_block_has_review":false},"product_brand":[],"product_cat":[27,21],"product_tag":[],"class_list":{"0":"post-14","1":"product","2":"type-product","3":"status-publish","4":"has-post-thumbnail","6":"product_cat-cisco-networking-academy","7":"product_cat-diplomatura","9":"entry","10":"has-media","12":"first","13":"instock","14":"featured","15":"virtual","16":"product-type-simple","17":"has-product-nav","18":"col","19":"span_1_of_4","20":"owp-content-center","21":"owp-thumbs-layout-horizontal","22":"owp-btn-very-big","23":"owp-tabs-layout-horizontal","24":"has-no-thumbnails"},"_links":{"self":[{"href":"https:\/\/ccatlat.org\/mplace\/wp-json\/wp\/v2\/product\/14","targetHints":{"allow":["GET"]}}],"collection":[{"href":"https:\/\/ccatlat.org\/mplace\/wp-json\/wp\/v2\/product"}],"about":[{"href":"https:\/\/ccatlat.org\/mplace\/wp-json\/wp\/v2\/types\/product"}],"wp:featuredmedia":[{"embeddable":true,"href":"https:\/\/ccatlat.org\/mplace\/wp-json\/wp\/v2\/media\/490"}],"wp:attachment":[{"href":"https:\/\/ccatlat.org\/mplace\/wp-json\/wp\/v2\/media?parent=14"}],"wp:term":[{"taxonomy":"product_brand","embeddable":true,"href":"https:\/\/ccatlat.org\/mplace\/wp-json\/wp\/v2\/product_brand?post=14"},{"taxonomy":"product_cat","embeddable":true,"href":"https:\/\/ccatlat.org\/mplace\/wp-json\/wp\/v2\/product_cat?post=14"},{"taxonomy":"product_tag","embeddable":true,"href":"https:\/\/ccatlat.org\/mplace\/wp-json\/wp\/v2\/product_tag?post=14"}],"curies":[{"name":"wp","href":"https:\/\/api.w.org\/{rel}","templated":true}]}}