{"id":68,"date":"2022-11-04T14:44:36","date_gmt":"2022-11-04T17:44:36","guid":{"rendered":"https:\/\/ccatlat.org\/mplace\/?page_id=68"},"modified":"2025-09-25T11:09:05","modified_gmt":"2025-09-25T14:09:05","slug":"nosotros","status":"publish","type":"page","link":"https:\/\/ccatlat.org\/mplace\/nosotros\/","title":{"rendered":"Nosotros"},"content":{"rendered":"\n<h1 class=\"wp-block-heading\">Nosotros<\/h1>\n\n\n\n<p>Desde su fundaci\u00f3n en 1987, el CCATLAT ha capacitado a miles de personas mediante ciclos de perfeccionamiento para graduados y profesionales de empresas y organismos de toda Am\u00e9rica.<\/p>\n\n\n\n<p>Los programas de formaci\u00f3n son impartidos por expertos y profesores universitarios con amplia experiencia laboral y docente.<\/p>\n\n\n\n<figure class=\"wp-block-image size-large\"><img loading=\"lazy\" decoding=\"async\" width=\"1024\" height=\"319\" src=\"https:\/\/ccatlat.org\/mplace\/wp-content\/uploads\/2023\/02\/3d-model-2911431_1920-1024x319.webp\" alt=\"\" class=\"wp-image-367\" srcset=\"https:\/\/ccatlat.org\/mplace\/wp-content\/uploads\/2023\/02\/3d-model-2911431_1920-1024x319.webp 1024w, https:\/\/ccatlat.org\/mplace\/wp-content\/uploads\/2023\/02\/3d-model-2911431_1920-300x94.webp 300w, https:\/\/ccatlat.org\/mplace\/wp-content\/uploads\/2023\/02\/3d-model-2911431_1920-768x240.webp 768w, https:\/\/ccatlat.org\/mplace\/wp-content\/uploads\/2023\/02\/3d-model-2911431_1920-1536x479.webp 1536w, https:\/\/ccatlat.org\/mplace\/wp-content\/uploads\/2023\/02\/3d-model-2911431_1920-600x187.webp 600w, https:\/\/ccatlat.org\/mplace\/wp-content\/uploads\/2023\/02\/3d-model-2911431_1920.webp 1920w\" sizes=\"auto, (max-width: 1024px) 100vw, 1024px\" \/><\/figure>\n\n\n\n<hr class=\"wp-block-separator has-alpha-channel-opacity\"\/>\n\n\n\n<h2 class=\"wp-block-heading\">Nuestra visi\u00f3n<\/h2>\n\n\n\n<p>Luego de 38 a\u00f1os de historia vemos que hay conceptos que siguen vigentes, como si no hubiera transcurrido el tiempo. Tan vigentes como las palabras del educador y fil\u00f3sofo brasilero Paulo Freire: <em>\u00abLa educaci\u00f3n no cambia al mundo, cambia a las personas que cambiar\u00e1n al mundo\u00bb<\/em>.<\/p>\n\n\n\n<p>El concepto <em>Alta Tecnolog\u00eda <\/em>forma parte de nuestro nombre; cada a\u00f1o de nuestra historia incluye descubrimientos en esta materia que nos impulsan a mantener actualizados nuestros contenidos curriculares, y al equipo docente en su m\u00e1ximo nivel profesional. En nuestros comienzos sol\u00eda afirmarse que la tecnolog\u00eda efectuaba cambios cada 18 meses. Hoy, sin lugar a dudas, esto ha cambiado convirti\u00e9ndose en un verdadero desaf\u00edo.<\/p>\n\n\n\n<hr class=\"wp-block-separator has-alpha-channel-opacity\"\/>\n\n\n\n<h2 class=\"wp-block-heading\">Nuestra misi\u00f3n<\/h2>\n\n\n\n<p>En un mundo signado por los cambios tecnol\u00f3gicos, nuestra misi\u00f3n constituye un tema estrat\u00e9gico para nuestro futuro y el de nuestros alumnos. La rob\u00f3tica, la computaci\u00f3n cu\u00e1ntica y la inteligencia artificial han dejado de ser conceptos futuristas para ser una trilog\u00eda del presente que no podemos ni debemos ignorar. Formar profesionales del <em>futuro presente<\/em> es el n\u00facleo de nuestra misi\u00f3n.<\/p>\n\n\n\n<hr class=\"wp-block-separator has-alpha-channel-opacity\"\/>\n\n\n\n<hr class=\"wp-block-separator has-alpha-channel-opacity\"\/>\n\n\n\n<h2 class=\"wp-block-heading\">Cisco Networking Academy<\/h2>\n\n\n\n<p>Cisco Networking Academy, un programa de responsabilidad social corporativa de Cisco, promueve el desarrollo de destrezas y la formaci\u00f3n profesional en IT en todo el mundo.<\/p>\n\n\n\n<p>Durante m\u00e1s de 20 a\u00f1os, Cisco Networking Academy les ha cambiado la vida a 9.2 millones de estudiantes en 180 pa\u00edses al ofrecerles educaci\u00f3n, capacitaci\u00f3n t\u00e9cnica y orientaci\u00f3n en desarrollo profesional.<\/p>\n\n\n\n<p>A partir de un acuerdo estrat\u00e9gico con Cisco Networking Academy, en el a\u00f1o 2018 CCATLAT anuncia la apertura de CCATLAT Cisco Academy en Uruguay, sumando as\u00ed la oferta educativa m\u00e1s innovadora del mundo.<\/p>\n\n\n\n<figure class=\"wp-block-image size-full\"><img loading=\"lazy\" decoding=\"async\" width=\"1024\" height=\"512\" src=\"https:\/\/ccatlat.org\/mplace\/wp-content\/uploads\/2022\/11\/cna-sobre.webp\" alt=\"\" class=\"wp-image-98\" srcset=\"https:\/\/ccatlat.org\/mplace\/wp-content\/uploads\/2022\/11\/cna-sobre.webp 1024w, https:\/\/ccatlat.org\/mplace\/wp-content\/uploads\/2022\/11\/cna-sobre-600x300.webp 600w, https:\/\/ccatlat.org\/mplace\/wp-content\/uploads\/2022\/11\/cna-sobre-300x150.webp 300w, https:\/\/ccatlat.org\/mplace\/wp-content\/uploads\/2022\/11\/cna-sobre-768x384.webp 768w\" sizes=\"auto, (max-width: 1024px) 100vw, 1024px\" \/><\/figure>\n\n\n\n<p>La excelencia de nuestra organizaci\u00f3n y la amplia experiencia y reconocimiento profesional de su staff fueron claves para la designaci\u00f3n de CCATLAT como Academy Support Center (ASC) e Instructor Training Center (ITC) de Cisco Networking Academy, permiti\u00e9ndonos aportar nuestra experiencia mediante el soporte operativo y formaci\u00f3n de instructores al resto de las Cisco Academies de Am\u00e9rica Latina y el Caribe.<\/p>\n\n\n\n<div class=\"wp-block-buttons is-content-justification-center is-layout-flex wp-container-core-buttons-is-layout-1 wp-block-buttons-is-layout-flex\">\n<div class=\"wp-block-button is-style-fill\"><a class=\"wp-block-button__link has-white-color has-text-color has-background wp-element-button\" href=\"https:\/\/academy.ccatlat.org\" style=\"background-color:#091253\" target=\"_blank\" rel=\"noreferrer noopener\">Micrositio de CCATLAT Cisco Academy<\/a><\/div>\n<\/div>\n\n\n\n<hr class=\"wp-block-separator has-alpha-channel-opacity\"\/>\n\n\n\n<h2 class=\"wp-block-heading\">Nuestro equipo<\/h2>\n\n\n\n<div class=\"wp-block-columns is-layout-flex wp-container-core-columns-is-layout-1 wp-block-columns-is-layout-flex\">\n<div class=\"wp-block-column is-layout-flow wp-block-column-is-layout-flow\"><div class=\"wp-block-image\">\n<figure class=\"aligncenter size-full\"><img loading=\"lazy\" decoding=\"async\" width=\"128\" height=\"128\" src=\"https:\/\/ccatlat.org\/mplace\/wp-content\/uploads\/2022\/11\/uy.webp\" alt=\"\" class=\"wp-image-102\" srcset=\"https:\/\/ccatlat.org\/mplace\/wp-content\/uploads\/2022\/11\/uy.webp 128w, https:\/\/ccatlat.org\/mplace\/wp-content\/uploads\/2022\/11\/uy-100x100.webp 100w\" sizes=\"auto, (max-width: 128px) 100vw, 128px\" \/><figcaption class=\"wp-element-caption\"><strong>Oscar Messano<\/strong><br>Presidente<\/figcaption><\/figure><\/div>\n\n\n<p><\/p>\n<\/div>\n\n\n\n<div class=\"wp-block-column is-layout-flow wp-block-column-is-layout-flow\"><div class=\"wp-block-image\">\n<figure class=\"aligncenter size-full\"><img loading=\"lazy\" decoding=\"async\" width=\"128\" height=\"128\" src=\"https:\/\/ccatlat.org\/mplace\/wp-content\/uploads\/2022\/11\/ar.webp\" alt=\"\" class=\"wp-image-108\" srcset=\"https:\/\/ccatlat.org\/mplace\/wp-content\/uploads\/2022\/11\/ar.webp 128w, https:\/\/ccatlat.org\/mplace\/wp-content\/uploads\/2022\/11\/ar-100x100.webp 100w\" sizes=\"auto, (max-width: 128px) 100vw, 128px\" \/><figcaption class=\"wp-element-caption\"><strong><strong>Adri\u00e1n Carballo<\/strong><\/strong><br>Secretario<\/figcaption><\/figure><\/div><\/div>\n\n\n\n<div class=\"wp-block-column is-layout-flow wp-block-column-is-layout-flow\"><div class=\"wp-block-image\">\n<figure class=\"aligncenter size-full is-resized\"><img loading=\"lazy\" decoding=\"async\" width=\"128\" height=\"128\" src=\"https:\/\/ccatlat.org\/mplace\/wp-content\/uploads\/2022\/11\/sv.webp\" alt=\"\" class=\"wp-image-105\" style=\"width:128px;height:128px\" srcset=\"https:\/\/ccatlat.org\/mplace\/wp-content\/uploads\/2022\/11\/sv.webp 128w, https:\/\/ccatlat.org\/mplace\/wp-content\/uploads\/2022\/11\/sv-100x100.webp 100w\" sizes=\"auto, (max-width: 128px) 100vw, 128px\" \/><figcaption class=\"wp-element-caption\"><strong>Rafael \u00abLito\u00bb Ibarra<\/strong><br>Director<\/figcaption><\/figure><\/div><\/div>\n<\/div>\n\n\n\n<div class=\"wp-block-columns is-layout-flex wp-container-core-columns-is-layout-2 wp-block-columns-is-layout-flex\">\n<div class=\"wp-block-column is-layout-flow wp-block-column-is-layout-flow\"><div class=\"wp-block-image\">\n<figure class=\"aligncenter size-full\"><img loading=\"lazy\" decoding=\"async\" width=\"128\" height=\"128\" src=\"https:\/\/ccatlat.org\/mplace\/wp-content\/uploads\/2022\/11\/ar.webp\" alt=\"\" class=\"wp-image-108\" srcset=\"https:\/\/ccatlat.org\/mplace\/wp-content\/uploads\/2022\/11\/ar.webp 128w, https:\/\/ccatlat.org\/mplace\/wp-content\/uploads\/2022\/11\/ar-100x100.webp 100w\" sizes=\"auto, (max-width: 128px) 100vw, 128px\" \/><figcaption class=\"wp-element-caption\"><strong>Patricio Carranza<\/strong><br>Director &amp; Academy Support Advisor<\/figcaption><\/figure><\/div><\/div>\n\n\n\n<div class=\"wp-block-column is-layout-flow wp-block-column-is-layout-flow\"><div class=\"wp-block-image\">\n<figure class=\"aligncenter size-full\"><img loading=\"lazy\" decoding=\"async\" width=\"128\" height=\"128\" src=\"https:\/\/ccatlat.org\/mplace\/wp-content\/uploads\/2022\/11\/uy.webp\" alt=\"\" class=\"wp-image-102\" srcset=\"https:\/\/ccatlat.org\/mplace\/wp-content\/uploads\/2022\/11\/uy.webp 128w, https:\/\/ccatlat.org\/mplace\/wp-content\/uploads\/2022\/11\/uy-100x100.webp 100w\" sizes=\"auto, (max-width: 128px) 100vw, 128px\" \/><figcaption class=\"wp-element-caption\"><strong>Oscar Giudice<\/strong><br>Director<\/figcaption><\/figure><\/div><\/div>\n\n\n\n<div class=\"wp-block-column is-layout-flow wp-block-column-is-layout-flow\"><div class=\"wp-block-image\">\n<figure class=\"aligncenter size-full\"><img loading=\"lazy\" decoding=\"async\" width=\"128\" height=\"128\" src=\"https:\/\/ccatlat.org\/mplace\/wp-content\/uploads\/2022\/11\/mx.webp\" alt=\"\" class=\"wp-image-109\" srcset=\"https:\/\/ccatlat.org\/mplace\/wp-content\/uploads\/2022\/11\/mx.webp 128w, https:\/\/ccatlat.org\/mplace\/wp-content\/uploads\/2022\/11\/mx-100x100.webp 100w\" sizes=\"auto, (max-width: 128px) 100vw, 128px\" \/><\/figure><\/div><\/div>\n<\/div>\n\n\n\n<div class=\"wp-block-columns is-layout-flex wp-container-core-columns-is-layout-3 wp-block-columns-is-layout-flex\">\n<div class=\"wp-block-column is-layout-flow wp-block-column-is-layout-flow\"><div class=\"wp-block-image is-style-default\">\n<figure class=\"aligncenter size-full\"><img loading=\"lazy\" decoding=\"async\" width=\"128\" height=\"128\" src=\"https:\/\/ccatlat.org\/mplace\/wp-content\/uploads\/2024\/05\/es-flag.webp\" alt=\"\" class=\"wp-image-857\" srcset=\"https:\/\/ccatlat.org\/mplace\/wp-content\/uploads\/2024\/05\/es-flag.webp 128w, https:\/\/ccatlat.org\/mplace\/wp-content\/uploads\/2024\/05\/es-flag-100x100.webp 100w\" sizes=\"auto, (max-width: 128px) 100vw, 128px\" \/><figcaption class=\"wp-element-caption\"><strong>Mariano Taboada<\/strong><br>Coordinador de Proyectos Educativos Europa<\/figcaption><\/figure><\/div><\/div>\n\n\n\n<div class=\"wp-block-column is-layout-flow wp-block-column-is-layout-flow\"><\/div>\n\n\n\n<div class=\"wp-block-column is-layout-flow wp-block-column-is-layout-flow\"><\/div>\n<\/div>\n","protected":false},"excerpt":{"rendered":"<p>Nosotros Desde su fundaci\u00f3n en 1987, el CCATLAT ha capacitado a miles de personas mediante ciclos de perfeccionamiento para graduados y profesionales de empresas y organismos de toda Am\u00e9rica. Los programas de formaci\u00f3n son impartidos por expertos y profesores universitarios con amplia experiencia laboral y docente. Nuestra visi\u00f3n Luego de 38 a\u00f1os de historia vemos [&hellip;]<\/p>\n","protected":false},"author":2,"featured_media":0,"parent":0,"menu_order":0,"comment_status":"closed","ping_status":"closed","template":"","meta":{"pagelayer_contact_templates":[],"_pagelayer_content":"","ocean_post_layout":"","ocean_both_sidebars_style":"","ocean_both_sidebars_content_width":0,"ocean_both_sidebars_sidebars_width":0,"ocean_sidebar":"0","ocean_second_sidebar":"0","ocean_disable_margins":"enable","ocean_add_body_class":"","ocean_shortcode_before_top_bar":"","ocean_shortcode_after_top_bar":"","ocean_shortcode_before_header":"","ocean_shortcode_after_header":"","ocean_has_shortcode":"","ocean_shortcode_after_title":"","ocean_shortcode_before_footer_widgets":"","ocean_shortcode_after_footer_widgets":"","ocean_shortcode_before_footer_bottom":"","ocean_shortcode_after_footer_bottom":"","ocean_display_top_bar":"default","ocean_display_header":"default","ocean_header_style":"","ocean_center_header_left_menu":"0","ocean_custom_header_template":"0","ocean_custom_logo":0,"ocean_custom_retina_logo":0,"ocean_custom_logo_max_width":0,"ocean_custom_logo_tablet_max_width":0,"ocean_custom_logo_mobile_max_width":0,"ocean_custom_logo_max_height":0,"ocean_custom_logo_tablet_max_height":0,"ocean_custom_logo_mobile_max_height":0,"ocean_header_custom_menu":"0","ocean_menu_typo_font_family":"0","ocean_menu_typo_font_subset":"","ocean_menu_typo_font_size":0,"ocean_menu_typo_font_size_tablet":0,"ocean_menu_typo_font_size_mobile":0,"ocean_menu_typo_font_size_unit":"px","ocean_menu_typo_font_weight":"","ocean_menu_typo_font_weight_tablet":"","ocean_menu_typo_font_weight_mobile":"","ocean_menu_typo_transform":"","ocean_menu_typo_transform_tablet":"","ocean_menu_typo_transform_mobile":"","ocean_menu_typo_line_height":0,"ocean_menu_typo_line_height_tablet":0,"ocean_menu_typo_line_height_mobile":0,"ocean_menu_typo_line_height_unit":"","ocean_menu_typo_spacing":0,"ocean_menu_typo_spacing_tablet":0,"ocean_menu_typo_spacing_mobile":0,"ocean_menu_typo_spacing_unit":"","ocean_menu_link_color":"","ocean_menu_link_color_hover":"","ocean_menu_link_color_active":"","ocean_menu_link_background":"","ocean_menu_link_hover_background":"","ocean_menu_link_active_background":"","ocean_menu_social_links_bg":"","ocean_menu_social_hover_links_bg":"","ocean_menu_social_links_color":"","ocean_menu_social_hover_links_color":"","ocean_disable_title":"default","ocean_disable_heading":"default","ocean_post_title":"","ocean_post_subheading":"","ocean_post_title_style":"","ocean_post_title_background_color":"","ocean_post_title_background":0,"ocean_post_title_bg_image_position":"","ocean_post_title_bg_image_attachment":"","ocean_post_title_bg_image_repeat":"","ocean_post_title_bg_image_size":"","ocean_post_title_height":0,"ocean_post_title_bg_overlay":0.5,"ocean_post_title_bg_overlay_color":"","ocean_disable_breadcrumbs":"default","ocean_breadcrumbs_color":"","ocean_breadcrumbs_separator_color":"","ocean_breadcrumbs_links_color":"","ocean_breadcrumbs_links_hover_color":"","ocean_display_footer_widgets":"default","ocean_display_footer_bottom":"default","ocean_custom_footer_template":"0","_themeisle_gutenberg_block_has_review":false,"footnotes":""},"class_list":["post-68","page","type-page","status-publish","hentry","entry","owp-thumbs-layout-horizontal","owp-btn-very-big","owp-tabs-layout-horizontal","has-no-thumbnails","has-product-nav"],"_links":{"self":[{"href":"https:\/\/ccatlat.org\/mplace\/wp-json\/wp\/v2\/pages\/68","targetHints":{"allow":["GET"]}}],"collection":[{"href":"https:\/\/ccatlat.org\/mplace\/wp-json\/wp\/v2\/pages"}],"about":[{"href":"https:\/\/ccatlat.org\/mplace\/wp-json\/wp\/v2\/types\/page"}],"author":[{"embeddable":true,"href":"https:\/\/ccatlat.org\/mplace\/wp-json\/wp\/v2\/users\/2"}],"replies":[{"embeddable":true,"href":"https:\/\/ccatlat.org\/mplace\/wp-json\/wp\/v2\/comments?post=68"}],"version-history":[{"count":26,"href":"https:\/\/ccatlat.org\/mplace\/wp-json\/wp\/v2\/pages\/68\/revisions"}],"predecessor-version":[{"id":998,"href":"https:\/\/ccatlat.org\/mplace\/wp-json\/wp\/v2\/pages\/68\/revisions\/998"}],"wp:attachment":[{"href":"https:\/\/ccatlat.org\/mplace\/wp-json\/wp\/v2\/media?parent=68"}],"curies":[{"name":"wp","href":"https:\/\/api.w.org\/{rel}","templated":true}]}}