{"id":525,"date":"2023-04-27T11:10:09","date_gmt":"2023-04-27T14:10:09","guid":{"rendered":"https:\/\/ccatlat.org\/mplace\/citel\/product\/taller-api-rest-a-traves-de-webex-teams\/"},"modified":"2023-04-29T11:02:19","modified_gmt":"2023-04-29T14:02:19","slug":"taller-api-rest-a-traves-de-webex-teams","status":"publish","type":"product","link":"https:\/\/ccatlat.org\/mplace\/citel\/product\/taller-api-rest-a-traves-de-webex-teams\/","title":{"rendered":"Taller: API REST a trav\u00e9s de Webex Teams"},"content":{"rendered":"<h4>Ampl\u00ede sus conocimientos de programaci\u00f3n<\/h4>\n<p>Interact\u00fae con la plataforma de colaboraci\u00f3n Webex Teams y aprenda a ampliar las capacidades de una aplicaci\u00f3n utilizando tecnolog\u00edas API REST. Adem\u00e1s, se unir\u00e1 a diversas comunidades de pr\u00e1ctica de software profesionales y participar\u00e1 en ellas, tales como Cisco DevNet, GitHub y Stack Overflow.<\/p>\n<p>Para realizar el taller, debe tener conocimientos b\u00e1sicos de programaci\u00f3n, como los incluidos en <a href=\"https:\/\/ccatlat.org\/mplace\/citel\/product\/programming-essentials-in-python\/\">PCAP: Programming Essentials in Python<\/a>.<\/p>\n<p>Aprender\u00e1 estas habilidades fundamentales:<\/p>\n<ul>\n<li>Pase de escuchar t\u00e9rminos de moda a adquirir experiencia pr\u00e1ctica real con el modo en que las \u201cAPI REST\u201d son compatibles con la \u201cprogramabilidad\u201d de las aplicaciones.<\/li>\n<li>Aprenda por qu\u00e9 Python es el lenguaje de software m\u00e1s solicitado para la programabilidad de la red y \u00faselo con herramientas de desarrollador, como JSON y Postman.<\/li>\n<li>Desarrolle la primera aplicaci\u00f3n en una plataforma real de colaboraci\u00f3n en la nube con Webex Teams.<\/li>\n<li>\u00danase a comunidades profesionales de desarrolladores, tales como Cisco DevNet, GitHub y Stack Overflow.<\/li>\n<\/ul>\n","protected":false},"excerpt":{"rendered":"<p>Ampl\u00ede sus conocimientos de programaci\u00f3n Interact\u00fae con la plataforma de colaboraci\u00f3n Webex Teams y aprenda a ampliar las capacidades de una aplicaci\u00f3n utilizando tecnolog\u00edas API REST. Adem\u00e1s, se unir\u00e1 a diversas comunidades de pr\u00e1ctica de software profesionales y participar\u00e1 en ellas, tales como Cisco DevNet, GitHub y Stack Overflow. Para realizar el taller, debe tener [&hellip;]<\/p>\n","protected":false},"featured_media":526,"template":"","meta":{"pagelayer_contact_templates":[],"_pagelayer_content":"","ocean_post_layout":"","ocean_both_sidebars_style":"","ocean_both_sidebars_content_width":0,"ocean_both_sidebars_sidebars_width":0,"ocean_sidebar":"0","ocean_second_sidebar":"0","ocean_disable_margins":"enable","ocean_add_body_class":"","ocean_shortcode_before_top_bar":"","ocean_shortcode_after_top_bar":"","ocean_shortcode_before_header":"","ocean_shortcode_after_header":"","ocean_has_shortcode":"","ocean_shortcode_after_title":"","ocean_shortcode_before_footer_widgets":"","ocean_shortcode_after_footer_widgets":"","ocean_shortcode_before_footer_bottom":"","ocean_shortcode_after_footer_bottom":"","ocean_display_top_bar":"default","ocean_display_header":"default","ocean_header_style":"","ocean_center_header_left_menu":"0","ocean_custom_header_template":"0","ocean_custom_logo":0,"ocean_custom_retina_logo":0,"ocean_custom_logo_max_width":0,"ocean_custom_logo_tablet_max_width":0,"ocean_custom_logo_mobile_max_width":0,"ocean_custom_logo_max_height":0,"ocean_custom_logo_tablet_max_height":0,"ocean_custom_logo_mobile_max_height":0,"ocean_header_custom_menu":"0","ocean_menu_typo_font_family":"0","ocean_menu_typo_font_subset":"","ocean_menu_typo_font_size":0,"ocean_menu_typo_font_size_tablet":0,"ocean_menu_typo_font_size_mobile":0,"ocean_menu_typo_font_size_unit":"px","ocean_menu_typo_font_weight":"","ocean_menu_typo_font_weight_tablet":"","ocean_menu_typo_font_weight_mobile":"","ocean_menu_typo_transform":"","ocean_menu_typo_transform_tablet":"","ocean_menu_typo_transform_mobile":"","ocean_menu_typo_line_height":0,"ocean_menu_typo_line_height_tablet":0,"ocean_menu_typo_line_height_mobile":0,"ocean_menu_typo_line_height_unit":"","ocean_menu_typo_spacing":0,"ocean_menu_typo_spacing_tablet":0,"ocean_menu_typo_spacing_mobile":0,"ocean_menu_typo_spacing_unit":"","ocean_menu_link_color":"","ocean_menu_link_color_hover":"","ocean_menu_link_color_active":"","ocean_menu_link_background":"","ocean_menu_link_hover_background":"","ocean_menu_link_active_background":"","ocean_menu_social_links_bg":"","ocean_menu_social_hover_links_bg":"","ocean_menu_social_links_color":"","ocean_menu_social_hover_links_color":"","ocean_disable_title":"default","ocean_disable_heading":"default","ocean_post_title":"","ocean_post_subheading":"","ocean_post_title_style":"","ocean_post_title_background_color":"","ocean_post_title_background":0,"ocean_post_title_bg_image_position":"","ocean_post_title_bg_image_attachment":"","ocean_post_title_bg_image_repeat":"","ocean_post_title_bg_image_size":"","ocean_post_title_height":0,"ocean_post_title_bg_overlay":0.5,"ocean_post_title_bg_overlay_color":"","ocean_disable_breadcrumbs":"default","ocean_breadcrumbs_color":"","ocean_breadcrumbs_separator_color":"","ocean_breadcrumbs_links_color":"","ocean_breadcrumbs_links_hover_color":"","ocean_display_footer_widgets":"default","ocean_display_footer_bottom":"default","ocean_custom_footer_template":"0","_themeisle_gutenberg_block_has_review":false},"product_brand":[],"product_cat":[32,27],"product_tag":[],"class_list":{"0":"post-525","1":"product","2":"type-product","3":"status-publish","4":"has-post-thumbnail","6":"product_cat-automatizacion_de_infraestructura","7":"product_cat-cisco-networking-academy","9":"entry","10":"has-media","12":"first","13":"instock","14":"virtual","15":"product-type-simple","16":"has-product-nav","17":"col","18":"span_1_of_4","19":"owp-content-center","20":"owp-thumbs-layout-horizontal","21":"owp-btn-normal","22":"owp-tabs-layout-horizontal","23":"has-no-thumbnails"},"_links":{"self":[{"href":"https:\/\/ccatlat.org\/mplace\/citel\/wp-json\/wp\/v2\/product\/525","targetHints":{"allow":["GET"]}}],"collection":[{"href":"https:\/\/ccatlat.org\/mplace\/citel\/wp-json\/wp\/v2\/product"}],"about":[{"href":"https:\/\/ccatlat.org\/mplace\/citel\/wp-json\/wp\/v2\/types\/product"}],"wp:featuredmedia":[{"embeddable":true,"href":"https:\/\/ccatlat.org\/mplace\/citel\/wp-json\/wp\/v2\/media\/526"}],"wp:attachment":[{"href":"https:\/\/ccatlat.org\/mplace\/citel\/wp-json\/wp\/v2\/media?parent=525"}],"wp:term":[{"taxonomy":"product_brand","embeddable":true,"href":"https:\/\/ccatlat.org\/mplace\/citel\/wp-json\/wp\/v2\/product_brand?post=525"},{"taxonomy":"product_cat","embeddable":true,"href":"https:\/\/ccatlat.org\/mplace\/citel\/wp-json\/wp\/v2\/product_cat?post=525"},{"taxonomy":"product_tag","embeddable":true,"href":"https:\/\/ccatlat.org\/mplace\/citel\/wp-json\/wp\/v2\/product_tag?post=525"}],"curies":[{"name":"wp","href":"https:\/\/api.w.org\/{rel}","templated":true}]}}