{"id":509,"date":"2023-04-27T11:09:41","date_gmt":"2023-04-27T14:09:41","guid":{"rendered":"https:\/\/ccatlat.org\/mplace\/citel\/product\/cpp-advanced-programming-in-c\/"},"modified":"2023-04-29T11:13:51","modified_gmt":"2023-04-29T14:13:51","slug":"cpp-advanced-programming-in-c","status":"publish","type":"product","link":"https:\/\/ccatlat.org\/mplace\/citel\/product\/cpp-advanced-programming-in-c\/","title":{"rendered":"CPP: Advanced Programming in C++"},"content":{"rendered":"<h4>Complete sus capacidades en C ++<\/h4>\n<p>Aqu\u00ed tiene la oportunidad de aprovechar lo que ya sabe y adquirir m\u00e1s conocimientos sobre el lenguaje C++. Este curso est\u00e1 dise\u00f1ado para estudiantes que ya posean conocimientos sobre C++. Trabajar\u00e1 con plantillas y la Biblioteca de Plantillas Est\u00e1ndar, leer\u00e1 y conocer\u00e1 las funciones y clases de plantillas, y usar\u00e1 correctamente los m\u00e9todos y las clases de plantillas, incluidas plantillas de terceros. Con el curso, perfeccionar\u00e1 sus capacidades tecnol\u00f3gicas, se distinguir\u00e1 en el mercado laboral y se preparar\u00e1 para obtener la certificaci\u00f3n C++ Certified Professional Programmer (CPP), que es independiente de cualquier proveedor.<\/p>\n<p>Se exige haber realizado <a href=\"https:\/\/ccatlat.org\/mplace\/citel\/product\/cpa-programming-essentials-in-c\/\">CPA: Essentials in Programming C++<\/a> o poseer conocimientos equivalentes.<\/p>\n<p><strong>Aprender\u00e1 estas habilidades fundamentales:<\/strong><\/p>\n<ul>\n<li>Conozca el mecanismo de las plantillas C++ y escriba sus propios programas C++.<\/li>\n<li>Comprenda y utilice los elementos de la biblioteca C++ STL.<\/li>\n<li>Resuelva problemas de programaci\u00f3n con m\u00e9todos y clases predefinidas de STL.<\/li>\n<li>Prep\u00e1rese para la certificaci\u00f3n C++ Certified Professional Programmer (CPP).<\/li>\n<\/ul>\n","protected":false},"excerpt":{"rendered":"<p>Complete sus capacidades en C ++ Aqu\u00ed tiene la oportunidad de aprovechar lo que ya sabe y adquirir m\u00e1s conocimientos sobre el lenguaje C++. Este curso est\u00e1 dise\u00f1ado para estudiantes que ya posean conocimientos sobre C++. Trabajar\u00e1 con plantillas y la Biblioteca de Plantillas Est\u00e1ndar, leer\u00e1 y conocer\u00e1 las funciones y clases de plantillas, y [&hellip;]<\/p>\n","protected":false},"featured_media":510,"template":"","meta":{"pagelayer_contact_templates":[],"_pagelayer_content":"","ocean_post_layout":"","ocean_both_sidebars_style":"","ocean_both_sidebars_content_width":0,"ocean_both_sidebars_sidebars_width":0,"ocean_sidebar":"0","ocean_second_sidebar":"0","ocean_disable_margins":"enable","ocean_add_body_class":"","ocean_shortcode_before_top_bar":"","ocean_shortcode_after_top_bar":"","ocean_shortcode_before_header":"","ocean_shortcode_after_header":"","ocean_has_shortcode":"","ocean_shortcode_after_title":"","ocean_shortcode_before_footer_widgets":"","ocean_shortcode_after_footer_widgets":"","ocean_shortcode_before_footer_bottom":"","ocean_shortcode_after_footer_bottom":"","ocean_display_top_bar":"default","ocean_display_header":"default","ocean_header_style":"","ocean_center_header_left_menu":"0","ocean_custom_header_template":"0","ocean_custom_logo":0,"ocean_custom_retina_logo":0,"ocean_custom_logo_max_width":0,"ocean_custom_logo_tablet_max_width":0,"ocean_custom_logo_mobile_max_width":0,"ocean_custom_logo_max_height":0,"ocean_custom_logo_tablet_max_height":0,"ocean_custom_logo_mobile_max_height":0,"ocean_header_custom_menu":"0","ocean_menu_typo_font_family":"0","ocean_menu_typo_font_subset":"","ocean_menu_typo_font_size":0,"ocean_menu_typo_font_size_tablet":0,"ocean_menu_typo_font_size_mobile":0,"ocean_menu_typo_font_size_unit":"px","ocean_menu_typo_font_weight":"","ocean_menu_typo_font_weight_tablet":"","ocean_menu_typo_font_weight_mobile":"","ocean_menu_typo_transform":"","ocean_menu_typo_transform_tablet":"","ocean_menu_typo_transform_mobile":"","ocean_menu_typo_line_height":0,"ocean_menu_typo_line_height_tablet":0,"ocean_menu_typo_line_height_mobile":0,"ocean_menu_typo_line_height_unit":"","ocean_menu_typo_spacing":0,"ocean_menu_typo_spacing_tablet":0,"ocean_menu_typo_spacing_mobile":0,"ocean_menu_typo_spacing_unit":"","ocean_menu_link_color":"","ocean_menu_link_color_hover":"","ocean_menu_link_color_active":"","ocean_menu_link_background":"","ocean_menu_link_hover_background":"","ocean_menu_link_active_background":"","ocean_menu_social_links_bg":"","ocean_menu_social_hover_links_bg":"","ocean_menu_social_links_color":"","ocean_menu_social_hover_links_color":"","ocean_disable_title":"default","ocean_disable_heading":"default","ocean_post_title":"","ocean_post_subheading":"","ocean_post_title_style":"","ocean_post_title_background_color":"","ocean_post_title_background":0,"ocean_post_title_bg_image_position":"","ocean_post_title_bg_image_attachment":"","ocean_post_title_bg_image_repeat":"","ocean_post_title_bg_image_size":"","ocean_post_title_height":0,"ocean_post_title_bg_overlay":0.5,"ocean_post_title_bg_overlay_color":"","ocean_disable_breadcrumbs":"default","ocean_breadcrumbs_color":"","ocean_breadcrumbs_separator_color":"","ocean_breadcrumbs_links_color":"","ocean_breadcrumbs_links_hover_color":"","ocean_display_footer_widgets":"default","ocean_display_footer_bottom":"default","ocean_custom_footer_template":"0","_themeisle_gutenberg_block_has_review":false},"product_brand":[],"product_cat":[27,28],"product_tag":[],"class_list":{"0":"post-509","1":"product","2":"type-product","3":"status-publish","4":"has-post-thumbnail","6":"product_cat-cisco-networking-academy","7":"product_cat-programacion","9":"entry","10":"has-media","12":"first","13":"instock","14":"virtual","15":"product-type-simple","16":"has-product-nav","17":"col","18":"span_1_of_4","19":"owp-content-center","20":"owp-thumbs-layout-horizontal","21":"owp-btn-normal","22":"owp-tabs-layout-horizontal","23":"has-no-thumbnails"},"_links":{"self":[{"href":"https:\/\/ccatlat.org\/mplace\/citel\/wp-json\/wp\/v2\/product\/509","targetHints":{"allow":["GET"]}}],"collection":[{"href":"https:\/\/ccatlat.org\/mplace\/citel\/wp-json\/wp\/v2\/product"}],"about":[{"href":"https:\/\/ccatlat.org\/mplace\/citel\/wp-json\/wp\/v2\/types\/product"}],"wp:featuredmedia":[{"embeddable":true,"href":"https:\/\/ccatlat.org\/mplace\/citel\/wp-json\/wp\/v2\/media\/510"}],"wp:attachment":[{"href":"https:\/\/ccatlat.org\/mplace\/citel\/wp-json\/wp\/v2\/media?parent=509"}],"wp:term":[{"taxonomy":"product_brand","embeddable":true,"href":"https:\/\/ccatlat.org\/mplace\/citel\/wp-json\/wp\/v2\/product_brand?post=509"},{"taxonomy":"product_cat","embeddable":true,"href":"https:\/\/ccatlat.org\/mplace\/citel\/wp-json\/wp\/v2\/product_cat?post=509"},{"taxonomy":"product_tag","embeddable":true,"href":"https:\/\/ccatlat.org\/mplace\/citel\/wp-json\/wp\/v2\/product_tag?post=509"}],"curies":[{"name":"wp","href":"https:\/\/api.w.org\/{rel}","templated":true}]}}