{"id":478,"date":"2023-04-26T22:51:32","date_gmt":"2023-04-27T01:51:32","guid":{"rendered":"https:\/\/ccatlat.org\/mplace\/citel\/product\/nociones-basicas-de-ti\/"},"modified":"2023-04-29T11:26:03","modified_gmt":"2023-04-29T14:26:03","slug":"nociones-basicas-de-ti","status":"publish","type":"product","link":"https:\/\/ccatlat.org\/mplace\/citel\/product\/nociones-basicas-de-ti\/","title":{"rendered":"Nociones b\u00e1sicas de TI"},"content":{"rendered":"<h4>Aspectos b\u00e1sicos para conectar computadoras a redes<\/h4>\n<p>Imagine armar una computadora y luego conectarla de forma segura a una red. Este emocionante primer paso podr\u00eda llevarlo hacia una gratificante carrera en TI. Una manera segura de destacarse, m\u00e1s all\u00e1 del \u00e1rea de TI elegida, es aprender los fundamentos inform\u00e1ticos correctos. En IT Essentials se trata esto y se ense\u00f1an las habilidades profesionales necesarias para los empleos de nivel b\u00e1sico en TI. Disfrutar\u00e1 de trabajar con las herramientas de simulaci\u00f3n avanzadas de Cisco Networking Academy y tendr\u00e1 varias pr\u00e1cticas de laboratorio para perfeccionar sus capacidades de resoluci\u00f3n de problemas. No hay requisitos previos ni se exigen conocimientos sobre computadoras.<\/p>\n<p><strong>Aprender\u00e1 estas habilidades fundamentales:<\/strong><\/p>\n<ul>\n<li>Instale y configure computadoras y dispositivos m\u00f3viles, y resuelva sus problemas.<\/li>\n<li>Identifique amenazas de seguridad comunes, como la suplantaci\u00f3n de identidad (phishing) y la falsificaci\u00f3n de identidad (spoofing).<\/li>\n<li>Desarrolle un pensamiento cr\u00edtico y habilidades para resolver problemas mediante equipamientos reales y <a href=\"https:\/\/ccatlat.org\/mplace\/citel\/product\/introduccion-a-cisco-packet-tracer\/\">Cisco Packet Tracer<\/a>.<\/li>\n<li>Prep\u00e1rese para la certificaci\u00f3n CompTIA A+.<\/li>\n<\/ul>\n","protected":false},"excerpt":{"rendered":"<p>Aspectos b\u00e1sicos para conectar computadoras a redes Imagine armar una computadora y luego conectarla de forma segura a una red. Este emocionante primer paso podr\u00eda llevarlo hacia una gratificante carrera en TI. Una manera segura de destacarse, m\u00e1s all\u00e1 del \u00e1rea de TI elegida, es aprender los fundamentos inform\u00e1ticos correctos. En IT Essentials se trata [&hellip;]<\/p>\n","protected":false},"featured_media":500,"template":"","meta":{"pagelayer_contact_templates":[],"_pagelayer_content":"","ocean_post_layout":"","ocean_both_sidebars_style":"","ocean_both_sidebars_content_width":0,"ocean_both_sidebars_sidebars_width":0,"ocean_sidebar":"0","ocean_second_sidebar":"0","ocean_disable_margins":"enable","ocean_add_body_class":"","ocean_shortcode_before_top_bar":"","ocean_shortcode_after_top_bar":"","ocean_shortcode_before_header":"","ocean_shortcode_after_header":"","ocean_has_shortcode":"","ocean_shortcode_after_title":"","ocean_shortcode_before_footer_widgets":"","ocean_shortcode_after_footer_widgets":"","ocean_shortcode_before_footer_bottom":"","ocean_shortcode_after_footer_bottom":"","ocean_display_top_bar":"default","ocean_display_header":"default","ocean_header_style":"","ocean_center_header_left_menu":"0","ocean_custom_header_template":"0","ocean_custom_logo":0,"ocean_custom_retina_logo":0,"ocean_custom_logo_max_width":0,"ocean_custom_logo_tablet_max_width":0,"ocean_custom_logo_mobile_max_width":0,"ocean_custom_logo_max_height":0,"ocean_custom_logo_tablet_max_height":0,"ocean_custom_logo_mobile_max_height":0,"ocean_header_custom_menu":"0","ocean_menu_typo_font_family":"0","ocean_menu_typo_font_subset":"","ocean_menu_typo_font_size":0,"ocean_menu_typo_font_size_tablet":0,"ocean_menu_typo_font_size_mobile":0,"ocean_menu_typo_font_size_unit":"px","ocean_menu_typo_font_weight":"","ocean_menu_typo_font_weight_tablet":"","ocean_menu_typo_font_weight_mobile":"","ocean_menu_typo_transform":"","ocean_menu_typo_transform_tablet":"","ocean_menu_typo_transform_mobile":"","ocean_menu_typo_line_height":0,"ocean_menu_typo_line_height_tablet":0,"ocean_menu_typo_line_height_mobile":0,"ocean_menu_typo_line_height_unit":"","ocean_menu_typo_spacing":0,"ocean_menu_typo_spacing_tablet":0,"ocean_menu_typo_spacing_mobile":0,"ocean_menu_typo_spacing_unit":"","ocean_menu_link_color":"","ocean_menu_link_color_hover":"","ocean_menu_link_color_active":"","ocean_menu_link_background":"","ocean_menu_link_hover_background":"","ocean_menu_link_active_background":"","ocean_menu_social_links_bg":"","ocean_menu_social_hover_links_bg":"","ocean_menu_social_links_color":"","ocean_menu_social_hover_links_color":"","ocean_disable_title":"default","ocean_disable_heading":"default","ocean_post_title":"","ocean_post_subheading":"","ocean_post_title_style":"","ocean_post_title_background_color":"","ocean_post_title_background":0,"ocean_post_title_bg_image_position":"","ocean_post_title_bg_image_attachment":"","ocean_post_title_bg_image_repeat":"","ocean_post_title_bg_image_size":"","ocean_post_title_height":0,"ocean_post_title_bg_overlay":0.5,"ocean_post_title_bg_overlay_color":"","ocean_disable_breadcrumbs":"default","ocean_breadcrumbs_color":"","ocean_breadcrumbs_separator_color":"","ocean_breadcrumbs_links_color":"","ocean_breadcrumbs_links_hover_color":"","ocean_display_footer_widgets":"default","ocean_display_footer_bottom":"default","ocean_custom_footer_template":"0","_themeisle_gutenberg_block_has_review":false},"product_brand":[],"product_cat":[27,30],"product_tag":[],"class_list":{"0":"post-478","1":"product","2":"type-product","3":"status-publish","4":"has-post-thumbnail","6":"product_cat-cisco-networking-academy","7":"product_cat-sistemas_operativos_y_ti","9":"entry","10":"has-media","12":"first","13":"instock","14":"virtual","15":"product-type-simple","16":"has-product-nav","17":"col","18":"span_1_of_4","19":"owp-content-center","20":"owp-thumbs-layout-horizontal","21":"owp-btn-normal","22":"owp-tabs-layout-horizontal","23":"has-no-thumbnails"},"_links":{"self":[{"href":"https:\/\/ccatlat.org\/mplace\/citel\/wp-json\/wp\/v2\/product\/478","targetHints":{"allow":["GET"]}}],"collection":[{"href":"https:\/\/ccatlat.org\/mplace\/citel\/wp-json\/wp\/v2\/product"}],"about":[{"href":"https:\/\/ccatlat.org\/mplace\/citel\/wp-json\/wp\/v2\/types\/product"}],"wp:featuredmedia":[{"embeddable":true,"href":"https:\/\/ccatlat.org\/mplace\/citel\/wp-json\/wp\/v2\/media\/500"}],"wp:attachment":[{"href":"https:\/\/ccatlat.org\/mplace\/citel\/wp-json\/wp\/v2\/media?parent=478"}],"wp:term":[{"taxonomy":"product_brand","embeddable":true,"href":"https:\/\/ccatlat.org\/mplace\/citel\/wp-json\/wp\/v2\/product_brand?post=478"},{"taxonomy":"product_cat","embeddable":true,"href":"https:\/\/ccatlat.org\/mplace\/citel\/wp-json\/wp\/v2\/product_cat?post=478"},{"taxonomy":"product_tag","embeddable":true,"href":"https:\/\/ccatlat.org\/mplace\/citel\/wp-json\/wp\/v2\/product_tag?post=478"}],"curies":[{"name":"wp","href":"https:\/\/api.w.org\/{rel}","templated":true}]}}