{"id":435,"date":"2023-04-24T14:42:18","date_gmt":"2023-04-24T17:42:18","guid":{"rendered":"https:\/\/ccatlat.org\/mplace\/citel\/product\/ccna-enterprise-networking-security-and-automation\/"},"modified":"2023-04-29T11:32:05","modified_gmt":"2023-04-29T14:32:05","slug":"ccna-enterprise-networking-security-and-automation","status":"publish","type":"product","link":"https:\/\/ccatlat.org\/mplace\/citel\/product\/ccna-enterprise-networking-security-and-automation\/","title":{"rendered":"CCNA: Enterprise Networking, Security, and Automation"},"content":{"rendered":"<h4>Fije su mirada en una carrera profesional en redes<\/h4>\n<p>Las corporaciones dependen mucho de la operaci\u00f3n correcta de sus infraestructuras de redes. Este curso final de la serie de CCNA describe las arquitecturas y las consideraciones relacionadas con el dise\u00f1o, la protecci\u00f3n, el funcionamiento y la soluci\u00f3n de problemas de las redes empresariales. Abarca las tecnolog\u00edas de red de \u00e1rea amplia (WAN) y los mecanismos de calidad de servicio (QoS) utilizados para el acceso remoto seguro, junto con la introducci\u00f3n de conceptos de redes, virtualizaci\u00f3n y automatizaci\u00f3n definidos por software que admiten la digitalizaci\u00f3n de redes.<\/p>\n<p>Preparaci\u00f3n recomendada: <a href=\"https:\/\/ccatlat.org\/mplace\/citel\/product\/ccna-switching-routing-and-wireless-essentials-networking\/\">CCNA: Switching, Routing and Wireless Essentials<\/a> o conocimientos equivalentes.<\/p>\n<p><strong>Aprender\u00e1 estas habilidades fundamentales:<\/strong><\/p>\n<ul>\n<li>Trabaje con routers y switches con OSPF en redes de punto a punto y multiacceso.<\/li>\n<li>Mitigue las amenazas y mejore la seguridad de la red mediante listas de control de acceso y mejores pr\u00e1cticas de seguridad.<\/li>\n<li>Desarrolle un pensamiento cr\u00edtico y habilidades para resolver problemas mediante equipamientos reales y Cisco Packet Tracer.<\/li>\n<li>Comprenda la virtualizaci\u00f3n, el SDN y c\u00f3mo las API y las herramientas de administraci\u00f3n de la configuraci\u00f3n permiten la automatizaci\u00f3n de la red.<\/li>\n<li>Dise\u00f1ado para aprendizaje a distancia. Hay una opci\u00f3n de aprendizaje a distancia disponible para este curso. Las actividades de laboratorio se pueden completar con Packet Tracer si el equipo de laboratorio no est\u00e1 disponible.<\/li>\n<\/ul>\n","protected":false},"excerpt":{"rendered":"<p>Fije su mirada en una carrera profesional en redes Las corporaciones dependen mucho de la operaci\u00f3n correcta de sus infraestructuras de redes. Este curso final de la serie de CCNA describe las arquitecturas y las consideraciones relacionadas con el dise\u00f1o, la protecci\u00f3n, el funcionamiento y la soluci\u00f3n de problemas de las redes empresariales. Abarca las [&hellip;]<\/p>\n","protected":false},"featured_media":496,"template":"","meta":{"pagelayer_contact_templates":[],"_pagelayer_content":"","ocean_post_layout":"","ocean_both_sidebars_style":"","ocean_both_sidebars_content_width":0,"ocean_both_sidebars_sidebars_width":0,"ocean_sidebar":"0","ocean_second_sidebar":"0","ocean_disable_margins":"enable","ocean_add_body_class":"","ocean_shortcode_before_top_bar":"","ocean_shortcode_after_top_bar":"","ocean_shortcode_before_header":"","ocean_shortcode_after_header":"","ocean_has_shortcode":"","ocean_shortcode_after_title":"","ocean_shortcode_before_footer_widgets":"","ocean_shortcode_after_footer_widgets":"","ocean_shortcode_before_footer_bottom":"","ocean_shortcode_after_footer_bottom":"","ocean_display_top_bar":"default","ocean_display_header":"default","ocean_header_style":"","ocean_center_header_left_menu":"0","ocean_custom_header_template":"0","ocean_custom_logo":0,"ocean_custom_retina_logo":0,"ocean_custom_logo_max_width":0,"ocean_custom_logo_tablet_max_width":0,"ocean_custom_logo_mobile_max_width":0,"ocean_custom_logo_max_height":0,"ocean_custom_logo_tablet_max_height":0,"ocean_custom_logo_mobile_max_height":0,"ocean_header_custom_menu":"0","ocean_menu_typo_font_family":"0","ocean_menu_typo_font_subset":"","ocean_menu_typo_font_size":0,"ocean_menu_typo_font_size_tablet":0,"ocean_menu_typo_font_size_mobile":0,"ocean_menu_typo_font_size_unit":"px","ocean_menu_typo_font_weight":"","ocean_menu_typo_font_weight_tablet":"","ocean_menu_typo_font_weight_mobile":"","ocean_menu_typo_transform":"","ocean_menu_typo_transform_tablet":"","ocean_menu_typo_transform_mobile":"","ocean_menu_typo_line_height":0,"ocean_menu_typo_line_height_tablet":0,"ocean_menu_typo_line_height_mobile":0,"ocean_menu_typo_line_height_unit":"","ocean_menu_typo_spacing":0,"ocean_menu_typo_spacing_tablet":0,"ocean_menu_typo_spacing_mobile":0,"ocean_menu_typo_spacing_unit":"","ocean_menu_link_color":"","ocean_menu_link_color_hover":"","ocean_menu_link_color_active":"","ocean_menu_link_background":"","ocean_menu_link_hover_background":"","ocean_menu_link_active_background":"","ocean_menu_social_links_bg":"","ocean_menu_social_hover_links_bg":"","ocean_menu_social_links_color":"","ocean_menu_social_hover_links_color":"","ocean_disable_title":"default","ocean_disable_heading":"default","ocean_post_title":"","ocean_post_subheading":"","ocean_post_title_style":"","ocean_post_title_background_color":"","ocean_post_title_background":0,"ocean_post_title_bg_image_position":"","ocean_post_title_bg_image_attachment":"","ocean_post_title_bg_image_repeat":"","ocean_post_title_bg_image_size":"","ocean_post_title_height":0,"ocean_post_title_bg_overlay":0.5,"ocean_post_title_bg_overlay_color":"","ocean_disable_breadcrumbs":"default","ocean_breadcrumbs_color":"","ocean_breadcrumbs_separator_color":"","ocean_breadcrumbs_links_color":"","ocean_breadcrumbs_links_hover_color":"","ocean_display_footer_widgets":"default","ocean_display_footer_bottom":"default","ocean_custom_footer_template":"0","_themeisle_gutenberg_block_has_review":false},"product_brand":[],"product_cat":[27,29],"product_tag":[],"class_list":{"0":"post-435","1":"product","2":"type-product","3":"status-publish","4":"has-post-thumbnail","6":"product_cat-cisco-networking-academy","7":"product_cat-redes","9":"entry","10":"has-media","12":"first","13":"instock","14":"virtual","15":"product-type-simple","16":"has-product-nav","17":"col","18":"span_1_of_4","19":"owp-content-center","20":"owp-thumbs-layout-horizontal","21":"owp-btn-normal","22":"owp-tabs-layout-horizontal","23":"has-no-thumbnails"},"_links":{"self":[{"href":"https:\/\/ccatlat.org\/mplace\/citel\/wp-json\/wp\/v2\/product\/435","targetHints":{"allow":["GET"]}}],"collection":[{"href":"https:\/\/ccatlat.org\/mplace\/citel\/wp-json\/wp\/v2\/product"}],"about":[{"href":"https:\/\/ccatlat.org\/mplace\/citel\/wp-json\/wp\/v2\/types\/product"}],"wp:featuredmedia":[{"embeddable":true,"href":"https:\/\/ccatlat.org\/mplace\/citel\/wp-json\/wp\/v2\/media\/496"}],"wp:attachment":[{"href":"https:\/\/ccatlat.org\/mplace\/citel\/wp-json\/wp\/v2\/media?parent=435"}],"wp:term":[{"taxonomy":"product_brand","embeddable":true,"href":"https:\/\/ccatlat.org\/mplace\/citel\/wp-json\/wp\/v2\/product_brand?post=435"},{"taxonomy":"product_cat","embeddable":true,"href":"https:\/\/ccatlat.org\/mplace\/citel\/wp-json\/wp\/v2\/product_cat?post=435"},{"taxonomy":"product_tag","embeddable":true,"href":"https:\/\/ccatlat.org\/mplace\/citel\/wp-json\/wp\/v2\/product_tag?post=435"}],"curies":[{"name":"wp","href":"https:\/\/api.w.org\/{rel}","templated":true}]}}