{"id":431,"date":"2023-04-24T14:41:38","date_gmt":"2023-04-24T17:41:38","guid":{"rendered":"https:\/\/ccatlat.org\/mplace\/citel\/product\/ccna-introduction-to-networks\/"},"modified":"2023-04-29T11:36:21","modified_gmt":"2023-04-29T14:36:21","slug":"ccna-introduction-to-networks","status":"publish","type":"product","link":"https:\/\/ccatlat.org\/mplace\/citel\/product\/ccna-introduction-to-networks\/","title":{"rendered":"CCNA: Introduction to Networks"},"content":{"rendered":"<h4>El primer paso hacia una carrera profesional en redes<\/h4>\n<p>Comience a prepararse para una carrera en redes con esta introducci\u00f3n sobre su funcionamiento. Este primer curso de la serie de tres cursos de CCNA presenta arquitecturas, modelos, protocolos y elementos de red, que son funciones necesarias para respaldar las operaciones y prioridades de las empresas de Fortune 500 con peque\u00f1os comercios minoristas innovadores. Incluso tendr\u00e1 la oportunidad de crear redes de \u00e1rea local (LAN) sencillas. Desarrollar\u00e1 un conocimiento pr\u00e1ctico de esquemas de direccionamiento IP y la seguridad de la red fundacional, y podr\u00e1 realizar configuraciones b\u00e1sicas para routers y switches. No hay requisitos previos.<\/p>\n<p>Despu\u00e9s de completar los tres cursos CCNA, estar\u00e1 listo para obtener la certificaci\u00f3n CCNA.<\/p>\n<p><strong>Aprender\u00e1 estas habilidades fundamentales:<\/strong><\/p>\n<ul>\n<li>Dise\u00f1e LAN simples, realice configuraciones b\u00e1sicas de routers y switches e implemente esquemas de asignaci\u00f3n de direcciones IPv4 e IPv6.<\/li>\n<li>Configure los routers, los switches y los dispositivos finales para proporcionar acceso a recursos de red locales y remotos y para habilitar la conectividad integral entre dispositivos remotos.<\/li>\n<li>Desarrolle un pensamiento cr\u00edtico y habilidades para resolver problemas mediante equipamientos reales y Cisco Packet Tracer.<\/li>\n<li>Configure y solucione problemas de conectividad en una red peque\u00f1a con procedimientos recomendados de seguridadDise\u00f1ado para aprendizaje a distancia. Hay una opci\u00f3n de aprendizaje a distancia disponible para este curso. Las actividades de laboratorio se pueden completar con Packet Tracer si el equipo de laboratorio no est\u00e1 disponible.<\/li>\n<\/ul>\n","protected":false},"excerpt":{"rendered":"<p>El primer paso hacia una carrera profesional en redes Comience a prepararse para una carrera en redes con esta introducci\u00f3n sobre su funcionamiento. Este primer curso de la serie de tres cursos de CCNA presenta arquitecturas, modelos, protocolos y elementos de red, que son funciones necesarias para respaldar las operaciones y prioridades de las empresas [&hellip;]<\/p>\n","protected":false},"featured_media":494,"template":"","meta":{"pagelayer_contact_templates":[],"_pagelayer_content":"","ocean_post_layout":"","ocean_both_sidebars_style":"","ocean_both_sidebars_content_width":0,"ocean_both_sidebars_sidebars_width":0,"ocean_sidebar":"0","ocean_second_sidebar":"0","ocean_disable_margins":"enable","ocean_add_body_class":"","ocean_shortcode_before_top_bar":"","ocean_shortcode_after_top_bar":"","ocean_shortcode_before_header":"","ocean_shortcode_after_header":"","ocean_has_shortcode":"","ocean_shortcode_after_title":"","ocean_shortcode_before_footer_widgets":"","ocean_shortcode_after_footer_widgets":"","ocean_shortcode_before_footer_bottom":"","ocean_shortcode_after_footer_bottom":"","ocean_display_top_bar":"default","ocean_display_header":"default","ocean_header_style":"","ocean_center_header_left_menu":"0","ocean_custom_header_template":"0","ocean_custom_logo":0,"ocean_custom_retina_logo":0,"ocean_custom_logo_max_width":0,"ocean_custom_logo_tablet_max_width":0,"ocean_custom_logo_mobile_max_width":0,"ocean_custom_logo_max_height":0,"ocean_custom_logo_tablet_max_height":0,"ocean_custom_logo_mobile_max_height":0,"ocean_header_custom_menu":"0","ocean_menu_typo_font_family":"0","ocean_menu_typo_font_subset":"","ocean_menu_typo_font_size":0,"ocean_menu_typo_font_size_tablet":0,"ocean_menu_typo_font_size_mobile":0,"ocean_menu_typo_font_size_unit":"px","ocean_menu_typo_font_weight":"","ocean_menu_typo_font_weight_tablet":"","ocean_menu_typo_font_weight_mobile":"","ocean_menu_typo_transform":"","ocean_menu_typo_transform_tablet":"","ocean_menu_typo_transform_mobile":"","ocean_menu_typo_line_height":0,"ocean_menu_typo_line_height_tablet":0,"ocean_menu_typo_line_height_mobile":0,"ocean_menu_typo_line_height_unit":"","ocean_menu_typo_spacing":0,"ocean_menu_typo_spacing_tablet":0,"ocean_menu_typo_spacing_mobile":0,"ocean_menu_typo_spacing_unit":"","ocean_menu_link_color":"","ocean_menu_link_color_hover":"","ocean_menu_link_color_active":"","ocean_menu_link_background":"","ocean_menu_link_hover_background":"","ocean_menu_link_active_background":"","ocean_menu_social_links_bg":"","ocean_menu_social_hover_links_bg":"","ocean_menu_social_links_color":"","ocean_menu_social_hover_links_color":"","ocean_disable_title":"default","ocean_disable_heading":"default","ocean_post_title":"","ocean_post_subheading":"","ocean_post_title_style":"","ocean_post_title_background_color":"","ocean_post_title_background":0,"ocean_post_title_bg_image_position":"","ocean_post_title_bg_image_attachment":"","ocean_post_title_bg_image_repeat":"","ocean_post_title_bg_image_size":"","ocean_post_title_height":0,"ocean_post_title_bg_overlay":0.5,"ocean_post_title_bg_overlay_color":"","ocean_disable_breadcrumbs":"default","ocean_breadcrumbs_color":"","ocean_breadcrumbs_separator_color":"","ocean_breadcrumbs_links_color":"","ocean_breadcrumbs_links_hover_color":"","ocean_display_footer_widgets":"default","ocean_display_footer_bottom":"default","ocean_custom_footer_template":"0","_themeisle_gutenberg_block_has_review":false},"product_brand":[],"product_cat":[27,29],"product_tag":[],"class_list":{"0":"post-431","1":"product","2":"type-product","3":"status-publish","4":"has-post-thumbnail","6":"product_cat-cisco-networking-academy","7":"product_cat-redes","9":"entry","10":"has-media","12":"first","13":"instock","14":"virtual","15":"product-type-simple","16":"has-product-nav","17":"col","18":"span_1_of_4","19":"owp-content-center","20":"owp-thumbs-layout-horizontal","21":"owp-btn-normal","22":"owp-tabs-layout-horizontal","23":"has-no-thumbnails"},"_links":{"self":[{"href":"https:\/\/ccatlat.org\/mplace\/citel\/wp-json\/wp\/v2\/product\/431","targetHints":{"allow":["GET"]}}],"collection":[{"href":"https:\/\/ccatlat.org\/mplace\/citel\/wp-json\/wp\/v2\/product"}],"about":[{"href":"https:\/\/ccatlat.org\/mplace\/citel\/wp-json\/wp\/v2\/types\/product"}],"wp:featuredmedia":[{"embeddable":true,"href":"https:\/\/ccatlat.org\/mplace\/citel\/wp-json\/wp\/v2\/media\/494"}],"wp:attachment":[{"href":"https:\/\/ccatlat.org\/mplace\/citel\/wp-json\/wp\/v2\/media?parent=431"}],"wp:term":[{"taxonomy":"product_brand","embeddable":true,"href":"https:\/\/ccatlat.org\/mplace\/citel\/wp-json\/wp\/v2\/product_brand?post=431"},{"taxonomy":"product_cat","embeddable":true,"href":"https:\/\/ccatlat.org\/mplace\/citel\/wp-json\/wp\/v2\/product_cat?post=431"},{"taxonomy":"product_tag","embeddable":true,"href":"https:\/\/ccatlat.org\/mplace\/citel\/wp-json\/wp\/v2\/product_tag?post=431"}],"curies":[{"name":"wp","href":"https:\/\/api.w.org\/{rel}","templated":true}]}}