{"id":429,"date":"2023-04-24T14:41:16","date_gmt":"2023-04-24T17:41:16","guid":{"rendered":"https:\/\/ccatlat.org\/mplace\/citel\/product\/networking-essentials\/"},"modified":"2023-04-29T11:37:26","modified_gmt":"2023-04-29T14:37:26","slug":"networking-essentials","status":"publish","type":"product","link":"https:\/\/ccatlat.org\/mplace\/citel\/product\/networking-essentials\/","title":{"rendered":"Networking Essentials"},"content":{"rendered":"<h4>Mejore su conjunto de habilidades, sea cual sea el camino que tome<\/h4>\n<p>Las redes son la esencia de la transformaci\u00f3n digital. La red es esencial para muchas funciones empresariales en la actualidad, incluidos los datos y las operaciones empresariales cr\u00edticos, la ciberseguridad y mucho m\u00e1s. Una amplia variedad de carreras profesionales dependen de la red, por lo que es importante comprender lo que la red puede hacer, c\u00f3mo funciona y c\u00f3mo protegerla.Este es un gran curso para desarrolladores, cient\u00edficos de datos, especialistas en ciberseguridad y otros profesionales que buscan ampliar sus conocimientos de dominio de red. Tambi\u00e9n es un excelente punto de partida para los estudiantes que buscan una amplia gama de carreras profesionales, desde la ciberseguridad hasta el desarrollo de software y los negocios, entre otros. Una insignia digital de Networking Academy est\u00e1 disponible para la versi\u00f3n dictada por instructor de este curso. No hay requisitos previos.<\/p>\n<p><strong>Aprender\u00e1 estas habilidades fundamentales:<\/strong><\/p>\n<ul>\n<li>Planifique e instale una red dom\u00e9stica o de empresa peque\u00f1a con tecnolog\u00eda inal\u00e1mbrica y con\u00e9ctela a Internet.<\/li>\n<li>Desarrolle un pensamiento cr\u00edtico y habilidades para resolver problemas mediante Cisco Packet Tracer.<\/li>\n<li>Practique la verificaci\u00f3n y la resoluci\u00f3n de problemas de red y conectividad a Internet.<\/li>\n<li>Reconozca y mitigue las amenazas de seguridad en una red dom\u00e9stica.<\/li>\n<\/ul>\n","protected":false},"excerpt":{"rendered":"<p>Mejore su conjunto de habilidades, sea cual sea el camino que tome Las redes son la esencia de la transformaci\u00f3n digital. La red es esencial para muchas funciones empresariales en la actualidad, incluidos los datos y las operaciones empresariales cr\u00edticos, la ciberseguridad y mucho m\u00e1s. Una amplia variedad de carreras profesionales dependen de la red, [&hellip;]<\/p>\n","protected":false},"featured_media":493,"template":"","meta":{"pagelayer_contact_templates":[],"_pagelayer_content":"","ocean_post_layout":"","ocean_both_sidebars_style":"","ocean_both_sidebars_content_width":0,"ocean_both_sidebars_sidebars_width":0,"ocean_sidebar":"0","ocean_second_sidebar":"0","ocean_disable_margins":"enable","ocean_add_body_class":"","ocean_shortcode_before_top_bar":"","ocean_shortcode_after_top_bar":"","ocean_shortcode_before_header":"","ocean_shortcode_after_header":"","ocean_has_shortcode":"","ocean_shortcode_after_title":"","ocean_shortcode_before_footer_widgets":"","ocean_shortcode_after_footer_widgets":"","ocean_shortcode_before_footer_bottom":"","ocean_shortcode_after_footer_bottom":"","ocean_display_top_bar":"default","ocean_display_header":"default","ocean_header_style":"","ocean_center_header_left_menu":"0","ocean_custom_header_template":"0","ocean_custom_logo":0,"ocean_custom_retina_logo":0,"ocean_custom_logo_max_width":0,"ocean_custom_logo_tablet_max_width":0,"ocean_custom_logo_mobile_max_width":0,"ocean_custom_logo_max_height":0,"ocean_custom_logo_tablet_max_height":0,"ocean_custom_logo_mobile_max_height":0,"ocean_header_custom_menu":"0","ocean_menu_typo_font_family":"0","ocean_menu_typo_font_subset":"","ocean_menu_typo_font_size":0,"ocean_menu_typo_font_size_tablet":0,"ocean_menu_typo_font_size_mobile":0,"ocean_menu_typo_font_size_unit":"px","ocean_menu_typo_font_weight":"","ocean_menu_typo_font_weight_tablet":"","ocean_menu_typo_font_weight_mobile":"","ocean_menu_typo_transform":"","ocean_menu_typo_transform_tablet":"","ocean_menu_typo_transform_mobile":"","ocean_menu_typo_line_height":0,"ocean_menu_typo_line_height_tablet":0,"ocean_menu_typo_line_height_mobile":0,"ocean_menu_typo_line_height_unit":"","ocean_menu_typo_spacing":0,"ocean_menu_typo_spacing_tablet":0,"ocean_menu_typo_spacing_mobile":0,"ocean_menu_typo_spacing_unit":"","ocean_menu_link_color":"","ocean_menu_link_color_hover":"","ocean_menu_link_color_active":"","ocean_menu_link_background":"","ocean_menu_link_hover_background":"","ocean_menu_link_active_background":"","ocean_menu_social_links_bg":"","ocean_menu_social_hover_links_bg":"","ocean_menu_social_links_color":"","ocean_menu_social_hover_links_color":"","ocean_disable_title":"default","ocean_disable_heading":"default","ocean_post_title":"","ocean_post_subheading":"","ocean_post_title_style":"","ocean_post_title_background_color":"","ocean_post_title_background":0,"ocean_post_title_bg_image_position":"","ocean_post_title_bg_image_attachment":"","ocean_post_title_bg_image_repeat":"","ocean_post_title_bg_image_size":"","ocean_post_title_height":0,"ocean_post_title_bg_overlay":0.5,"ocean_post_title_bg_overlay_color":"","ocean_disable_breadcrumbs":"default","ocean_breadcrumbs_color":"","ocean_breadcrumbs_separator_color":"","ocean_breadcrumbs_links_color":"","ocean_breadcrumbs_links_hover_color":"","ocean_display_footer_widgets":"default","ocean_display_footer_bottom":"default","ocean_custom_footer_template":"0","_themeisle_gutenberg_block_has_review":false},"product_brand":[],"product_cat":[27,29],"product_tag":[],"class_list":{"0":"post-429","1":"product","2":"type-product","3":"status-publish","4":"has-post-thumbnail","6":"product_cat-cisco-networking-academy","7":"product_cat-redes","9":"entry","10":"has-media","12":"first","13":"instock","14":"virtual","15":"product-type-simple","16":"has-product-nav","17":"col","18":"span_1_of_4","19":"owp-content-center","20":"owp-thumbs-layout-horizontal","21":"owp-btn-normal","22":"owp-tabs-layout-horizontal","23":"has-no-thumbnails"},"_links":{"self":[{"href":"https:\/\/ccatlat.org\/mplace\/citel\/wp-json\/wp\/v2\/product\/429","targetHints":{"allow":["GET"]}}],"collection":[{"href":"https:\/\/ccatlat.org\/mplace\/citel\/wp-json\/wp\/v2\/product"}],"about":[{"href":"https:\/\/ccatlat.org\/mplace\/citel\/wp-json\/wp\/v2\/types\/product"}],"wp:featuredmedia":[{"embeddable":true,"href":"https:\/\/ccatlat.org\/mplace\/citel\/wp-json\/wp\/v2\/media\/493"}],"wp:attachment":[{"href":"https:\/\/ccatlat.org\/mplace\/citel\/wp-json\/wp\/v2\/media?parent=429"}],"wp:term":[{"taxonomy":"product_brand","embeddable":true,"href":"https:\/\/ccatlat.org\/mplace\/citel\/wp-json\/wp\/v2\/product_brand?post=429"},{"taxonomy":"product_cat","embeddable":true,"href":"https:\/\/ccatlat.org\/mplace\/citel\/wp-json\/wp\/v2\/product_cat?post=429"},{"taxonomy":"product_tag","embeddable":true,"href":"https:\/\/ccatlat.org\/mplace\/citel\/wp-json\/wp\/v2\/product_tag?post=429"}],"curies":[{"name":"wp","href":"https:\/\/api.w.org\/{rel}","templated":true}]}}