{"id":18,"date":"2022-11-01T12:14:34","date_gmt":"2022-11-01T15:14:34","guid":{"rendered":"https:\/\/ccatlat.org\/mplace\/citel\/pagina-de-inicio\/"},"modified":"2024-11-27T13:35:12","modified_gmt":"2024-11-27T16:35:12","slug":"pagina-de-inicio","status":"publish","type":"page","link":"https:\/\/ccatlat.org\/mplace\/citel\/","title":{"rendered":""},"content":{"rendered":"\n<div class=\"wp-block-cover is-light\"><span aria-hidden=\"true\" class=\"wp-block-cover__background has-background-dim-30 has-background-dim\"><\/span><img loading=\"lazy\" decoding=\"async\" width=\"1200\" height=\"430\" class=\"wp-block-cover__image-background wp-image-707\" alt=\"\" src=\"https:\/\/ccatlat.org\/mplace\/citel\/wp-content\/uploads\/sites\/8\/2023\/07\/citel-portal-1.webp\" data-object-fit=\"cover\" srcset=\"https:\/\/ccatlat.org\/mplace\/citel\/wp-content\/uploads\/sites\/8\/2023\/07\/citel-portal-1.webp 1200w, https:\/\/ccatlat.org\/mplace\/citel\/wp-content\/uploads\/sites\/8\/2023\/07\/citel-portal-1-300x108.webp 300w, https:\/\/ccatlat.org\/mplace\/citel\/wp-content\/uploads\/sites\/8\/2023\/07\/citel-portal-1-1024x367.webp 1024w, https:\/\/ccatlat.org\/mplace\/citel\/wp-content\/uploads\/sites\/8\/2023\/07\/citel-portal-1-768x275.webp 768w, https:\/\/ccatlat.org\/mplace\/citel\/wp-content\/uploads\/sites\/8\/2023\/07\/citel-portal-1-600x215.webp 600w\" sizes=\"auto, (max-width: 1200px) 100vw, 1200px\" \/><div class=\"wp-block-cover__inner-container is-layout-flow wp-block-cover-is-layout-flow\">\n<h1 id=\"wp-block-themeisle-blocks-advanced-heading-7db6805e\" class=\"wp-block-themeisle-blocks-advanced-heading wp-block-themeisle-blocks-advanced-heading-7db6805e ticss-6190dc45\">Descubre una nueva era<br>de formaci\u00f3n tecnol\u00f3gica<\/h1>\n\n\n\n<h2 id=\"wp-block-themeisle-blocks-advanced-heading-52d2d21c\" class=\"wp-block-themeisle-blocks-advanced-heading wp-block-themeisle-blocks-advanced-heading-52d2d21c\">Tu crecimiento profesional comienza ahora<\/h2>\n<\/div><\/div>\n\n\n\n<hr class=\"wp-block-separator has-alpha-channel-opacity\"\/>\n\n\n\n<p class=\"has-text-align-left has-medium-font-size\">Te damos la bienvenida a OEA|CITEL Education, la plataforma de aprendizaje que te ayudar\u00e1 a impulsar tu crecimiento profesional.<\/p>\n\n\n\n<hr class=\"wp-block-separator has-text-color has-white-color has-alpha-channel-opacity has-white-background-color has-background is-style-default\"\/>\n\n\n\n<hr class=\"wp-block-separator has-alpha-channel-opacity\"\/>\n\n\n\n<div class=\"wp-block-columns is-layout-flex wp-container-core-columns-is-layout-1 wp-block-columns-is-layout-flex\">\n<div class=\"wp-block-column is-layout-flow wp-block-column-is-layout-flow\">\n<figure class=\"wp-block-image size-full is-style-default\"><a href=\"https:\/\/ccatlat.org\/citel\/course\/view.php?id=7\"><img loading=\"lazy\" decoding=\"async\" width=\"1024\" height=\"350\" src=\"https:\/\/ccatlat.org\/mplace\/citel\/wp-content\/uploads\/sites\/8\/2024\/01\/PCC.I-Mentoring-Central-ENG.webp\" alt=\"\" class=\"wp-image-873\" srcset=\"https:\/\/ccatlat.org\/mplace\/citel\/wp-content\/uploads\/sites\/8\/2024\/01\/PCC.I-Mentoring-Central-ENG.webp 1024w, https:\/\/ccatlat.org\/mplace\/citel\/wp-content\/uploads\/sites\/8\/2024\/01\/PCC.I-Mentoring-Central-ENG-300x103.webp 300w, https:\/\/ccatlat.org\/mplace\/citel\/wp-content\/uploads\/sites\/8\/2024\/01\/PCC.I-Mentoring-Central-ENG-768x263.webp 768w, https:\/\/ccatlat.org\/mplace\/citel\/wp-content\/uploads\/sites\/8\/2024\/01\/PCC.I-Mentoring-Central-ENG-600x205.webp 600w\" sizes=\"auto, (max-width: 1024px) 100vw, 1024px\" \/><\/a><\/figure>\n<\/div>\n\n\n\n<div class=\"wp-block-column is-layout-flow wp-block-column-is-layout-flow\">\n<figure class=\"wp-block-image size-full\"><a href=\"https:\/\/ccatlat.org\/citel\/course\/view.php?id=8\"><img loading=\"lazy\" decoding=\"async\" width=\"1024\" height=\"350\" src=\"https:\/\/ccatlat.org\/mplace\/citel\/wp-content\/uploads\/sites\/8\/2024\/01\/PCC.I-Mentoring-Central-SPA.webp\" alt=\"\" class=\"wp-image-874\" srcset=\"https:\/\/ccatlat.org\/mplace\/citel\/wp-content\/uploads\/sites\/8\/2024\/01\/PCC.I-Mentoring-Central-SPA.webp 1024w, https:\/\/ccatlat.org\/mplace\/citel\/wp-content\/uploads\/sites\/8\/2024\/01\/PCC.I-Mentoring-Central-SPA-300x103.webp 300w, https:\/\/ccatlat.org\/mplace\/citel\/wp-content\/uploads\/sites\/8\/2024\/01\/PCC.I-Mentoring-Central-SPA-768x263.webp 768w, https:\/\/ccatlat.org\/mplace\/citel\/wp-content\/uploads\/sites\/8\/2024\/01\/PCC.I-Mentoring-Central-SPA-600x205.webp 600w\" sizes=\"auto, (max-width: 1024px) 100vw, 1024px\" \/><\/a><\/figure>\n<\/div>\n<\/div>\n\n\n\n<hr class=\"wp-block-separator has-alpha-channel-opacity\"\/>\n\n\n\n<div class=\"wp-block-group has-background is-vertical is-content-justification-stretch is-layout-flex wp-container-core-group-is-layout-2 wp-block-group-is-layout-flex\" style=\"background-color:#00447812\">\n<div class=\"wp-block-group has-background\" style=\"background-color:#00447800\"><div class=\"wp-block-group__inner-container is-layout-constrained wp-block-group-is-layout-constrained\">\n<p class=\"has-text-align-center has-text-color has-medium-font-size\" style=\"color:#00003f\">Da el primer paso hacia una carrera exitosa en tecnolog\u00eda.<\/p>\n\n\n\n<p class=\"has-text-align-center has-text-color has-medium-font-size\" style=\"color:#00003f\">Explora nuestro cat\u00e1logo de cursos y descubre c\u00f3mo OEA|CITEL Education puede impulsar tu futuro profesional.<\/p>\n\n\n\n<div class=\"wp-block-buttons is-content-justification-center is-layout-flex wp-container-core-buttons-is-layout-1 wp-block-buttons-is-layout-flex\">\n<div class=\"wp-block-button\"><a class=\"wp-block-button__link has-black-color has-cyan-bluish-gray-background-color has-text-color has-background wp-element-button\" href=\"https:\/\/ccatlat.org\/mplace\/citel\/shop\/\">Ver el cat\u00e1logo de cursos<\/a><\/div>\n<\/div>\n<\/div><\/div>\n<\/div>\n\n\n\n<hr class=\"wp-block-separator has-alpha-channel-opacity\"\/>\n","protected":false},"excerpt":{"rendered":"<p>Te damos la bienvenida a OEA|CITEL Education, la plataforma de aprendizaje que te ayudar\u00e1 a impulsar tu crecimiento profesional. Da el primer paso hacia una carrera exitosa en tecnolog\u00eda. Explora nuestro cat\u00e1logo de cursos y descubre c\u00f3mo OEA|CITEL Education puede impulsar tu futuro profesional.<\/p>\n","protected":false},"author":2,"featured_media":0,"parent":0,"menu_order":0,"comment_status":"closed","ping_status":"closed","template":"","meta":{"pagelayer_contact_templates":[],"_pagelayer_content":"","ocean_post_layout":"","ocean_both_sidebars_style":"","ocean_both_sidebars_content_width":0,"ocean_both_sidebars_sidebars_width":0,"ocean_sidebar":"0","ocean_second_sidebar":"0","ocean_disable_margins":"on","ocean_add_body_class":"","ocean_shortcode_before_top_bar":"","ocean_shortcode_after_top_bar":"","ocean_shortcode_before_header":"","ocean_shortcode_after_header":"","ocean_has_shortcode":"","ocean_shortcode_after_title":"","ocean_shortcode_before_footer_widgets":"","ocean_shortcode_after_footer_widgets":"","ocean_shortcode_before_footer_bottom":"","ocean_shortcode_after_footer_bottom":"","ocean_display_top_bar":"default","ocean_display_header":"default","ocean_header_style":"","ocean_center_header_left_menu":"0","ocean_custom_header_template":"0","ocean_custom_logo":0,"ocean_custom_retina_logo":0,"ocean_custom_logo_max_width":0,"ocean_custom_logo_tablet_max_width":0,"ocean_custom_logo_mobile_max_width":0,"ocean_custom_logo_max_height":0,"ocean_custom_logo_tablet_max_height":0,"ocean_custom_logo_mobile_max_height":0,"ocean_header_custom_menu":"0","ocean_menu_typo_font_family":"0","ocean_menu_typo_font_subset":"","ocean_menu_typo_font_size":0,"ocean_menu_typo_font_size_tablet":0,"ocean_menu_typo_font_size_mobile":0,"ocean_menu_typo_font_size_unit":"px","ocean_menu_typo_font_weight":"","ocean_menu_typo_font_weight_tablet":"","ocean_menu_typo_font_weight_mobile":"","ocean_menu_typo_transform":"","ocean_menu_typo_transform_tablet":"","ocean_menu_typo_transform_mobile":"","ocean_menu_typo_line_height":0,"ocean_menu_typo_line_height_tablet":0,"ocean_menu_typo_line_height_mobile":0,"ocean_menu_typo_line_height_unit":"","ocean_menu_typo_spacing":0,"ocean_menu_typo_spacing_tablet":0,"ocean_menu_typo_spacing_mobile":0,"ocean_menu_typo_spacing_unit":"","ocean_menu_link_color":"","ocean_menu_link_color_hover":"","ocean_menu_link_color_active":"","ocean_menu_link_background":"","ocean_menu_link_hover_background":"","ocean_menu_link_active_background":"","ocean_menu_social_links_bg":"","ocean_menu_social_hover_links_bg":"","ocean_menu_social_links_color":"","ocean_menu_social_hover_links_color":"","ocean_disable_title":"default","ocean_disable_heading":"default","ocean_post_title":"","ocean_post_subheading":"","ocean_post_title_style":"","ocean_post_title_background_color":"","ocean_post_title_background":0,"ocean_post_title_bg_image_position":"","ocean_post_title_bg_image_attachment":"","ocean_post_title_bg_image_repeat":"","ocean_post_title_bg_image_size":"","ocean_post_title_height":0,"ocean_post_title_bg_overlay":0.5,"ocean_post_title_bg_overlay_color":"","ocean_disable_breadcrumbs":"default","ocean_breadcrumbs_color":"","ocean_breadcrumbs_separator_color":"","ocean_breadcrumbs_links_color":"","ocean_breadcrumbs_links_hover_color":"","ocean_display_footer_widgets":"default","ocean_display_footer_bottom":"default","ocean_custom_footer_template":"0","_themeisle_gutenberg_block_has_review":false,"footnotes":""},"class_list":["post-18","page","type-page","status-publish","hentry","entry","owp-thumbs-layout-horizontal","owp-btn-normal","owp-tabs-layout-horizontal","has-no-thumbnails","has-product-nav"],"_links":{"self":[{"href":"https:\/\/ccatlat.org\/mplace\/citel\/wp-json\/wp\/v2\/pages\/18","targetHints":{"allow":["GET"]}}],"collection":[{"href":"https:\/\/ccatlat.org\/mplace\/citel\/wp-json\/wp\/v2\/pages"}],"about":[{"href":"https:\/\/ccatlat.org\/mplace\/citel\/wp-json\/wp\/v2\/types\/page"}],"author":[{"embeddable":true,"href":"https:\/\/ccatlat.org\/mplace\/citel\/wp-json\/wp\/v2\/users\/2"}],"replies":[{"embeddable":true,"href":"https:\/\/ccatlat.org\/mplace\/citel\/wp-json\/wp\/v2\/comments?post=18"}],"version-history":[{"count":87,"href":"https:\/\/ccatlat.org\/mplace\/citel\/wp-json\/wp\/v2\/pages\/18\/revisions"}],"predecessor-version":[{"id":910,"href":"https:\/\/ccatlat.org\/mplace\/citel\/wp-json\/wp\/v2\/pages\/18\/revisions\/910"}],"wp:attachment":[{"href":"https:\/\/ccatlat.org\/mplace\/citel\/wp-json\/wp\/v2\/media?parent=18"}],"curies":[{"name":"wp","href":"https:\/\/api.w.org\/{rel}","templated":true}]}}