{"id":539,"date":"2023-04-27T11:10:31","date_gmt":"2023-04-27T14:10:31","guid":{"rendered":"https:\/\/ccatlat.org\/mplace\/cabase\/product\/iot-fundamentals-iot-security\/"},"modified":"2023-04-29T10:50:55","modified_gmt":"2023-04-29T13:50:55","slug":"iot-fundamentals-iot-security","status":"publish","type":"product","link":"https:\/\/ccatlat.org\/mplace\/cabase\/product\/iot-fundamentals-iot-security\/","title":{"rendered":"IoT Fundamentals: IoT Security"},"content":{"rendered":"<h4>Detecte y solucione amenazas ocultas en las soluciones de IoT<\/h4>\n<p>El r\u00e1pido aumento en la cantidad de dispositivos de IoT conectados permite la digitalizaci\u00f3n de todo el mundo pero, a la vez, intensifica considerablemente la cantidad de amenazas de seguridad. Usar\u00e1 las tecnolog\u00edas m\u00e1s avanzadas para realizar evaluaciones de riesgos y vulnerabilidades, y luego investigar\u00e1 y recomendar\u00e1 estrategias de mitigaci\u00f3n de riesgos para aplicar contra las amenazas de seguridad habituales en los sistemas de IoT.Hoy m\u00e1s que nunca, el mundo necesita m\u00e1s profesionales en ciberseguridad capacitados.\u00a0 Si incorpora la seguridad de IoT en su conjunto de conocimientos, se diferenciar\u00e1 de todos los dem\u00e1s candidatos de trabajo.Combine IoT Security con los cursos CyberOps Associate o Network Security y aumente su inserci\u00f3n laboral con conocimientos m\u00e1s s\u00f3lidos sobre la anatom\u00eda de un ataque y el modo de mitigarlo.<\/p>\n<p><strong>Aprender\u00e1 estas habilidades fundamentales:<\/strong><\/p>\n<ul>\n<li>Realice evaluaciones integrales de la seguridad de los sistemas de IoT para demostrar las vulnerabilidades.<\/li>\n<li>Adquiera experiencia pr\u00e1ctica con prototipos de IoT utilizando un dispositivo Raspberry Pi.<\/li>\n<li>Recomiende medidas de mitigaci\u00f3n de amenazas para minimizar el riesgo en soluciones y redes de IoT.<\/li>\n<li>Sea competente mediante el uso de herramientas reales de evaluaci\u00f3n de vulnerabilidades y penetraci\u00f3n, como Kali Linux.<\/li>\n<\/ul>\n","protected":false},"excerpt":{"rendered":"<p>Detecte y solucione amenazas ocultas en las soluciones de IoT El r\u00e1pido aumento en la cantidad de dispositivos de IoT conectados permite la digitalizaci\u00f3n de todo el mundo pero, a la vez, intensifica considerablemente la cantidad de amenazas de seguridad. Usar\u00e1 las tecnolog\u00edas m\u00e1s avanzadas para realizar evaluaciones de riesgos y vulnerabilidades, y luego investigar\u00e1 [&hellip;]<\/p>\n","protected":false},"featured_media":540,"template":"","meta":{"pagelayer_contact_templates":[],"_pagelayer_content":"","ocean_post_layout":"","ocean_both_sidebars_style":"","ocean_both_sidebars_content_width":0,"ocean_both_sidebars_sidebars_width":0,"ocean_sidebar":"0","ocean_second_sidebar":"0","ocean_disable_margins":"enable","ocean_add_body_class":"","ocean_shortcode_before_top_bar":"","ocean_shortcode_after_top_bar":"","ocean_shortcode_before_header":"","ocean_shortcode_after_header":"","ocean_has_shortcode":"","ocean_shortcode_after_title":"","ocean_shortcode_before_footer_widgets":"","ocean_shortcode_after_footer_widgets":"","ocean_shortcode_before_footer_bottom":"","ocean_shortcode_after_footer_bottom":"","ocean_display_top_bar":"default","ocean_display_header":"default","ocean_header_style":"","ocean_center_header_left_menu":"0","ocean_custom_header_template":"0","ocean_custom_logo":0,"ocean_custom_retina_logo":0,"ocean_custom_logo_max_width":0,"ocean_custom_logo_tablet_max_width":0,"ocean_custom_logo_mobile_max_width":0,"ocean_custom_logo_max_height":0,"ocean_custom_logo_tablet_max_height":0,"ocean_custom_logo_mobile_max_height":0,"ocean_header_custom_menu":"0","ocean_menu_typo_font_family":"0","ocean_menu_typo_font_subset":"","ocean_menu_typo_font_size":0,"ocean_menu_typo_font_size_tablet":0,"ocean_menu_typo_font_size_mobile":0,"ocean_menu_typo_font_size_unit":"px","ocean_menu_typo_font_weight":"","ocean_menu_typo_font_weight_tablet":"","ocean_menu_typo_font_weight_mobile":"","ocean_menu_typo_transform":"","ocean_menu_typo_transform_tablet":"","ocean_menu_typo_transform_mobile":"","ocean_menu_typo_line_height":0,"ocean_menu_typo_line_height_tablet":0,"ocean_menu_typo_line_height_mobile":0,"ocean_menu_typo_line_height_unit":"","ocean_menu_typo_spacing":0,"ocean_menu_typo_spacing_tablet":0,"ocean_menu_typo_spacing_mobile":0,"ocean_menu_typo_spacing_unit":"","ocean_menu_link_color":"","ocean_menu_link_color_hover":"","ocean_menu_link_color_active":"","ocean_menu_link_background":"","ocean_menu_link_hover_background":"","ocean_menu_link_active_background":"","ocean_menu_social_links_bg":"","ocean_menu_social_hover_links_bg":"","ocean_menu_social_links_color":"","ocean_menu_social_hover_links_color":"","ocean_disable_title":"default","ocean_disable_heading":"default","ocean_post_title":"","ocean_post_subheading":"","ocean_post_title_style":"","ocean_post_title_background_color":"","ocean_post_title_background":0,"ocean_post_title_bg_image_position":"","ocean_post_title_bg_image_attachment":"","ocean_post_title_bg_image_repeat":"","ocean_post_title_bg_image_size":"","ocean_post_title_height":0,"ocean_post_title_bg_overlay":0.5,"ocean_post_title_bg_overlay_color":"","ocean_disable_breadcrumbs":"default","ocean_breadcrumbs_color":"","ocean_breadcrumbs_separator_color":"","ocean_breadcrumbs_links_color":"","ocean_breadcrumbs_links_hover_color":"","ocean_display_footer_widgets":"default","ocean_display_footer_bottom":"default","ocean_custom_footer_template":"0","_themeisle_gutenberg_block_has_review":false},"product_brand":[],"product_cat":[33,27],"product_tag":[],"class_list":{"0":"post-539","1":"product","2":"type-product","3":"status-publish","4":"has-post-thumbnail","6":"product_cat-ciberseguridad","7":"product_cat-cisco-networking-academy","9":"entry","10":"has-media","12":"first","13":"instock","14":"virtual","15":"product-type-simple","16":"has-product-nav","17":"col","18":"span_1_of_4","19":"owp-content-center","20":"owp-thumbs-layout-horizontal","21":"owp-btn-normal","22":"owp-tabs-layout-horizontal","23":"has-no-thumbnails"},"_links":{"self":[{"href":"https:\/\/ccatlat.org\/mplace\/cabase\/wp-json\/wp\/v2\/product\/539","targetHints":{"allow":["GET"]}}],"collection":[{"href":"https:\/\/ccatlat.org\/mplace\/cabase\/wp-json\/wp\/v2\/product"}],"about":[{"href":"https:\/\/ccatlat.org\/mplace\/cabase\/wp-json\/wp\/v2\/types\/product"}],"wp:featuredmedia":[{"embeddable":true,"href":"https:\/\/ccatlat.org\/mplace\/cabase\/wp-json\/wp\/v2\/media\/540"}],"wp:attachment":[{"href":"https:\/\/ccatlat.org\/mplace\/cabase\/wp-json\/wp\/v2\/media?parent=539"}],"wp:term":[{"taxonomy":"product_brand","embeddable":true,"href":"https:\/\/ccatlat.org\/mplace\/cabase\/wp-json\/wp\/v2\/product_brand?post=539"},{"taxonomy":"product_cat","embeddable":true,"href":"https:\/\/ccatlat.org\/mplace\/cabase\/wp-json\/wp\/v2\/product_cat?post=539"},{"taxonomy":"product_tag","embeddable":true,"href":"https:\/\/ccatlat.org\/mplace\/cabase\/wp-json\/wp\/v2\/product_tag?post=539"}],"curies":[{"name":"wp","href":"https:\/\/api.w.org\/{rel}","templated":true}]}}