{"id":513,"date":"2023-04-27T11:10:02","date_gmt":"2023-04-27T14:10:02","guid":{"rendered":"https:\/\/ccatlat.org\/mplace\/cabase\/product\/clp-advanced-programming-in-c\/"},"modified":"2023-04-29T11:11:21","modified_gmt":"2023-04-29T14:11:21","slug":"clp-advanced-programming-in-c","status":"publish","type":"product","link":"https:\/\/ccatlat.org\/mplace\/cabase\/product\/clp-advanced-programming-in-c\/","title":{"rendered":"CLP: Advanced Programming in C"},"content":{"rendered":"<h4>Parte 2: desarrolle sus capacidades de programaci\u00f3n en C<\/h4>\n<p>Ampl\u00ede sus conocimientos actuales de programaci\u00f3n en C que adquiri\u00f3 a trav\u00e9s del curso CLA: Programming Essentials in C o de una formaci\u00f3n equivalente, relacionada espec\u00edficamente con conocimientos de las funciones de biblioteca y del uso de preprocesador.Aprender\u00e1 temas avanzados, como la sintaxis y la sem\u00e1ntica del lenguaje C, los tipos de datos avanzados, las bibliotecas avanzadas, los conceptos universales de herramientas de desarrollo y programaci\u00f3n de computadoras, la capacidad para identificar errores de c\u00f3digo y cuellos de botella, la programaci\u00f3n de estructuras de datos avanzadas y la resoluci\u00f3n de problemas complejos mediante el uso de estructuras de datos y algoritmos. Adem\u00e1s, lo m\u00e1s importante es que, con el curso, estar\u00e1 preparado para obtener la certificaci\u00f3n CLP \u2013 C Certified Professional Programmer independiente de proveedor. Venga y aprenda con nosotros, su proveedor de educaci\u00f3n en TI de confianza.<\/p>\n<p><strong>Aprender\u00e1 estas habilidades fundamentales:<\/strong><\/p>\n<ul>\n<li>Ampl\u00ede sus conocimientos de la sintaxis y la sem\u00e1ntica del lenguaje C.<\/li>\n<li>Dise\u00f1e y escriba programas en C, sin importar la plataforma de hardware ni de software.<\/li>\n<li>Identifique errores de c\u00f3digo y resuelva problemas complejos mediante el uso de estructuras de datos y algoritmos.<\/li>\n<li>Prep\u00e1rese para obtener la certificaci\u00f3n C Certified Professional Programmer (CLP).<\/li>\n<\/ul>\n","protected":false},"excerpt":{"rendered":"<p>Parte 2: desarrolle sus capacidades de programaci\u00f3n en C Ampl\u00ede sus conocimientos actuales de programaci\u00f3n en C que adquiri\u00f3 a trav\u00e9s del curso CLA: Programming Essentials in C o de una formaci\u00f3n equivalente, relacionada espec\u00edficamente con conocimientos de las funciones de biblioteca y del uso de preprocesador.Aprender\u00e1 temas avanzados, como la sintaxis y la sem\u00e1ntica [&hellip;]<\/p>\n","protected":false},"featured_media":514,"template":"","meta":{"pagelayer_contact_templates":[],"_pagelayer_content":"","ocean_post_layout":"","ocean_both_sidebars_style":"","ocean_both_sidebars_content_width":0,"ocean_both_sidebars_sidebars_width":0,"ocean_sidebar":"0","ocean_second_sidebar":"0","ocean_disable_margins":"enable","ocean_add_body_class":"","ocean_shortcode_before_top_bar":"","ocean_shortcode_after_top_bar":"","ocean_shortcode_before_header":"","ocean_shortcode_after_header":"","ocean_has_shortcode":"","ocean_shortcode_after_title":"","ocean_shortcode_before_footer_widgets":"","ocean_shortcode_after_footer_widgets":"","ocean_shortcode_before_footer_bottom":"","ocean_shortcode_after_footer_bottom":"","ocean_display_top_bar":"default","ocean_display_header":"default","ocean_header_style":"","ocean_center_header_left_menu":"0","ocean_custom_header_template":"0","ocean_custom_logo":0,"ocean_custom_retina_logo":0,"ocean_custom_logo_max_width":0,"ocean_custom_logo_tablet_max_width":0,"ocean_custom_logo_mobile_max_width":0,"ocean_custom_logo_max_height":0,"ocean_custom_logo_tablet_max_height":0,"ocean_custom_logo_mobile_max_height":0,"ocean_header_custom_menu":"0","ocean_menu_typo_font_family":"0","ocean_menu_typo_font_subset":"","ocean_menu_typo_font_size":0,"ocean_menu_typo_font_size_tablet":0,"ocean_menu_typo_font_size_mobile":0,"ocean_menu_typo_font_size_unit":"px","ocean_menu_typo_font_weight":"","ocean_menu_typo_font_weight_tablet":"","ocean_menu_typo_font_weight_mobile":"","ocean_menu_typo_transform":"","ocean_menu_typo_transform_tablet":"","ocean_menu_typo_transform_mobile":"","ocean_menu_typo_line_height":0,"ocean_menu_typo_line_height_tablet":0,"ocean_menu_typo_line_height_mobile":0,"ocean_menu_typo_line_height_unit":"","ocean_menu_typo_spacing":0,"ocean_menu_typo_spacing_tablet":0,"ocean_menu_typo_spacing_mobile":0,"ocean_menu_typo_spacing_unit":"","ocean_menu_link_color":"","ocean_menu_link_color_hover":"","ocean_menu_link_color_active":"","ocean_menu_link_background":"","ocean_menu_link_hover_background":"","ocean_menu_link_active_background":"","ocean_menu_social_links_bg":"","ocean_menu_social_hover_links_bg":"","ocean_menu_social_links_color":"","ocean_menu_social_hover_links_color":"","ocean_disable_title":"default","ocean_disable_heading":"default","ocean_post_title":"","ocean_post_subheading":"","ocean_post_title_style":"","ocean_post_title_background_color":"","ocean_post_title_background":0,"ocean_post_title_bg_image_position":"","ocean_post_title_bg_image_attachment":"","ocean_post_title_bg_image_repeat":"","ocean_post_title_bg_image_size":"","ocean_post_title_height":0,"ocean_post_title_bg_overlay":0.5,"ocean_post_title_bg_overlay_color":"","ocean_disable_breadcrumbs":"default","ocean_breadcrumbs_color":"","ocean_breadcrumbs_separator_color":"","ocean_breadcrumbs_links_color":"","ocean_breadcrumbs_links_hover_color":"","ocean_display_footer_widgets":"default","ocean_display_footer_bottom":"default","ocean_custom_footer_template":"0","_themeisle_gutenberg_block_has_review":false},"product_brand":[],"product_cat":[27,28],"product_tag":[],"class_list":{"0":"post-513","1":"product","2":"type-product","3":"status-publish","4":"has-post-thumbnail","6":"product_cat-cisco-networking-academy","7":"product_cat-programacion","9":"entry","10":"has-media","12":"first","13":"instock","14":"virtual","15":"product-type-simple","16":"has-product-nav","17":"col","18":"span_1_of_4","19":"owp-content-center","20":"owp-thumbs-layout-horizontal","21":"owp-btn-normal","22":"owp-tabs-layout-horizontal","23":"has-no-thumbnails"},"_links":{"self":[{"href":"https:\/\/ccatlat.org\/mplace\/cabase\/wp-json\/wp\/v2\/product\/513","targetHints":{"allow":["GET"]}}],"collection":[{"href":"https:\/\/ccatlat.org\/mplace\/cabase\/wp-json\/wp\/v2\/product"}],"about":[{"href":"https:\/\/ccatlat.org\/mplace\/cabase\/wp-json\/wp\/v2\/types\/product"}],"wp:featuredmedia":[{"embeddable":true,"href":"https:\/\/ccatlat.org\/mplace\/cabase\/wp-json\/wp\/v2\/media\/514"}],"wp:attachment":[{"href":"https:\/\/ccatlat.org\/mplace\/cabase\/wp-json\/wp\/v2\/media?parent=513"}],"wp:term":[{"taxonomy":"product_brand","embeddable":true,"href":"https:\/\/ccatlat.org\/mplace\/cabase\/wp-json\/wp\/v2\/product_brand?post=513"},{"taxonomy":"product_cat","embeddable":true,"href":"https:\/\/ccatlat.org\/mplace\/cabase\/wp-json\/wp\/v2\/product_cat?post=513"},{"taxonomy":"product_tag","embeddable":true,"href":"https:\/\/ccatlat.org\/mplace\/cabase\/wp-json\/wp\/v2\/product_tag?post=513"}],"curies":[{"name":"wp","href":"https:\/\/api.w.org\/{rel}","templated":true}]}}