{"id":482,"date":"2023-04-26T22:51:34","date_gmt":"2023-04-27T01:51:34","guid":{"rendered":"https:\/\/ccatlat.org\/mplace\/cabase\/product\/ndg-linux-unhatched\/"},"modified":"2023-04-29T11:22:08","modified_gmt":"2023-04-29T14:22:08","slug":"ndg-linux-unhatched","status":"publish","type":"product","link":"https:\/\/ccatlat.org\/mplace\/cabase\/product\/ndg-linux-unhatched\/","title":{"rendered":"NDG Linux Unhatched"},"content":{"rendered":"<h4>El curso para \u201cComenzar desde cero\u201d de Linux.<\/h4>\n<p>\u00bfAlguna vez consider\u00f3 desarrollar una carrera en Linux? \u00bfO bien est\u00e1 atrapado en un empleo sin futuro y busca opciones para un cambio profesional? NDG Linux Unhatched permite a los estudiantes empezar a explorar Linux, el sistema operativo final utilizado por titanes globales, como Facebook, Google, Microsoft, NASA, Tesla, Amazon y muchos m\u00e1s.Quienes han completado el curso comprenden claramente si Linux es o no para ellos, sin m\u00e1s compromiso que 8 horas totales de estudio a ritmo propio. Para no quedar rezagado, ser\u00e1 guiado paso a paso por una serie de actividades pr\u00e1cticas en m\u00e1quinas virtuales. El curso guarda buena relaci\u00f3n con los objetivos del examen de Linux de la LPI Linux Essentials Exam Certification.<\/p>\n<p>Tras este curso, sugerimos realizar <a href=\"https:\/\/ccatlat.org\/mplace\/cabase\/product\/ndg-linux-essentials\/\">NDG Linux Essentials<\/a> o <a href=\"https:\/\/ccatlat.org\/mplace\/cabase\/product\/ndg-linux-i\/\">NDG Linux I<\/a>.<\/p>\n<p><strong>Aprender\u00e1 estas habilidades fundamentales:<\/strong><\/p>\n<ul>\n<li>Instalaci\u00f3n y configuraci\u00f3n b\u00e1sicas del software Linux.<\/li>\n<li>Comprenda los aspectos b\u00e1sicos sobre la interfaz de l\u00ednea de comandos (CLI) de Linux.<\/li>\n<li>Interact\u00fae con la m\u00e1quina virtual de Linux.<\/li>\n<li>Determine si Linux es o no para usted.<\/li>\n<\/ul>\n","protected":false},"excerpt":{"rendered":"<p>El curso para \u201cComenzar desde cero\u201d de Linux. \u00bfAlguna vez consider\u00f3 desarrollar una carrera en Linux? \u00bfO bien est\u00e1 atrapado en un empleo sin futuro y busca opciones para un cambio profesional? NDG Linux Unhatched permite a los estudiantes empezar a explorar Linux, el sistema operativo final utilizado por titanes globales, como Facebook, Google, Microsoft, [&hellip;]<\/p>\n","protected":false},"featured_media":502,"template":"","meta":{"pagelayer_contact_templates":[],"_pagelayer_content":"","ocean_post_layout":"","ocean_both_sidebars_style":"","ocean_both_sidebars_content_width":0,"ocean_both_sidebars_sidebars_width":0,"ocean_sidebar":"0","ocean_second_sidebar":"0","ocean_disable_margins":"enable","ocean_add_body_class":"","ocean_shortcode_before_top_bar":"","ocean_shortcode_after_top_bar":"","ocean_shortcode_before_header":"","ocean_shortcode_after_header":"","ocean_has_shortcode":"","ocean_shortcode_after_title":"","ocean_shortcode_before_footer_widgets":"","ocean_shortcode_after_footer_widgets":"","ocean_shortcode_before_footer_bottom":"","ocean_shortcode_after_footer_bottom":"","ocean_display_top_bar":"default","ocean_display_header":"default","ocean_header_style":"","ocean_center_header_left_menu":"0","ocean_custom_header_template":"0","ocean_custom_logo":0,"ocean_custom_retina_logo":0,"ocean_custom_logo_max_width":0,"ocean_custom_logo_tablet_max_width":0,"ocean_custom_logo_mobile_max_width":0,"ocean_custom_logo_max_height":0,"ocean_custom_logo_tablet_max_height":0,"ocean_custom_logo_mobile_max_height":0,"ocean_header_custom_menu":"0","ocean_menu_typo_font_family":"0","ocean_menu_typo_font_subset":"","ocean_menu_typo_font_size":0,"ocean_menu_typo_font_size_tablet":0,"ocean_menu_typo_font_size_mobile":0,"ocean_menu_typo_font_size_unit":"px","ocean_menu_typo_font_weight":"","ocean_menu_typo_font_weight_tablet":"","ocean_menu_typo_font_weight_mobile":"","ocean_menu_typo_transform":"","ocean_menu_typo_transform_tablet":"","ocean_menu_typo_transform_mobile":"","ocean_menu_typo_line_height":0,"ocean_menu_typo_line_height_tablet":0,"ocean_menu_typo_line_height_mobile":0,"ocean_menu_typo_line_height_unit":"","ocean_menu_typo_spacing":0,"ocean_menu_typo_spacing_tablet":0,"ocean_menu_typo_spacing_mobile":0,"ocean_menu_typo_spacing_unit":"","ocean_menu_link_color":"","ocean_menu_link_color_hover":"","ocean_menu_link_color_active":"","ocean_menu_link_background":"","ocean_menu_link_hover_background":"","ocean_menu_link_active_background":"","ocean_menu_social_links_bg":"","ocean_menu_social_hover_links_bg":"","ocean_menu_social_links_color":"","ocean_menu_social_hover_links_color":"","ocean_disable_title":"default","ocean_disable_heading":"default","ocean_post_title":"","ocean_post_subheading":"","ocean_post_title_style":"","ocean_post_title_background_color":"","ocean_post_title_background":0,"ocean_post_title_bg_image_position":"","ocean_post_title_bg_image_attachment":"","ocean_post_title_bg_image_repeat":"","ocean_post_title_bg_image_size":"","ocean_post_title_height":0,"ocean_post_title_bg_overlay":0.5,"ocean_post_title_bg_overlay_color":"","ocean_disable_breadcrumbs":"default","ocean_breadcrumbs_color":"","ocean_breadcrumbs_separator_color":"","ocean_breadcrumbs_links_color":"","ocean_breadcrumbs_links_hover_color":"","ocean_display_footer_widgets":"default","ocean_display_footer_bottom":"default","ocean_custom_footer_template":"0","_themeisle_gutenberg_block_has_review":false},"product_brand":[],"product_cat":[27,30],"product_tag":[],"class_list":{"0":"post-482","1":"product","2":"type-product","3":"status-publish","4":"has-post-thumbnail","6":"product_cat-cisco-networking-academy","7":"product_cat-sistemas_operativos_y_ti","9":"entry","10":"has-media","12":"first","13":"instock","14":"virtual","15":"product-type-simple","16":"has-product-nav","17":"col","18":"span_1_of_4","19":"owp-content-center","20":"owp-thumbs-layout-horizontal","21":"owp-btn-normal","22":"owp-tabs-layout-horizontal","23":"has-no-thumbnails"},"_links":{"self":[{"href":"https:\/\/ccatlat.org\/mplace\/cabase\/wp-json\/wp\/v2\/product\/482","targetHints":{"allow":["GET"]}}],"collection":[{"href":"https:\/\/ccatlat.org\/mplace\/cabase\/wp-json\/wp\/v2\/product"}],"about":[{"href":"https:\/\/ccatlat.org\/mplace\/cabase\/wp-json\/wp\/v2\/types\/product"}],"wp:featuredmedia":[{"embeddable":true,"href":"https:\/\/ccatlat.org\/mplace\/cabase\/wp-json\/wp\/v2\/media\/502"}],"wp:attachment":[{"href":"https:\/\/ccatlat.org\/mplace\/cabase\/wp-json\/wp\/v2\/media?parent=482"}],"wp:term":[{"taxonomy":"product_brand","embeddable":true,"href":"https:\/\/ccatlat.org\/mplace\/cabase\/wp-json\/wp\/v2\/product_brand?post=482"},{"taxonomy":"product_cat","embeddable":true,"href":"https:\/\/ccatlat.org\/mplace\/cabase\/wp-json\/wp\/v2\/product_cat?post=482"},{"taxonomy":"product_tag","embeddable":true,"href":"https:\/\/ccatlat.org\/mplace\/cabase\/wp-json\/wp\/v2\/product_tag?post=482"}],"curies":[{"name":"wp","href":"https:\/\/api.w.org\/{rel}","templated":true}]}}