{"id":437,"date":"2023-04-24T14:42:38","date_gmt":"2023-04-24T17:42:38","guid":{"rendered":"https:\/\/ccatlat.org\/mplace\/cabase\/product\/ccnp-enterprise-core-networking\/"},"modified":"2023-04-29T11:30:01","modified_gmt":"2023-04-29T14:30:01","slug":"ccnp-enterprise-core-networking","status":"publish","type":"product","link":"https:\/\/ccatlat.org\/mplace\/cabase\/product\/ccnp-enterprise-core-networking\/","title":{"rendered":"CCNP Enterprise: Core Networking"},"content":{"rendered":"<h4>Vaya m\u00e1s all\u00e1 en su carrera en redes<\/h4>\n<p>\u00bfEst\u00e1 listo para mejorar sus habilidades y abordar soluciones de red complejas? Comience el proceso para obtener la certificaci\u00f3n empresarial de CCNP. El curso ampl\u00eda su comprensi\u00f3n arquitect\u00f3nica y profundiza sus habilidades de implementaci\u00f3n requeridas por las redes empresariales. Este primer curso en la serie empresarial CCNP de 2 cursos abarca los temas de switching, routing, tecnolog\u00eda inal\u00e1mbrica y temas de seguridad relacionados, junto con las tecnolog\u00edas que admiten redes programables definidas por software. Estar\u00e1 preparado para el examen de implementaci\u00f3n y funcionamiento de las tecnolog\u00edas principales de las redes empresariales de Cisco (350-401 ENCOR) que obtiene una certificaci\u00f3n de especialista del n\u00facleo empresarial. Contin\u00fae con el segundo curso de CCNP Enterprise, que lo prepara para el examen de concentraci\u00f3n de implementaci\u00f3n de routing y servicios avanzados de Cisco Enterprise (300-410 ENARSI) para completar su certificaci\u00f3n de CCNP Enterprise.<\/p>\n<p>Preparaci\u00f3n recomendada: CCNA o conocimientos y habilidades equivalentes.<\/p>\n<p><strong>Aprender\u00e1 estas habilidades fundamentales:<\/strong><\/p>\n<ul>\n<li>Implemente tecnolog\u00edas avanzadas para admitir una arquitectura de red empresarial segura y escalable.<\/li>\n<li>Configure las redes empresariales para una alta disponibilidad y un rendimiento optimizado.<\/li>\n<li>Configure y administre redes inal\u00e1mbricas, de acceso remoto y de sitio a sitio seguras.<\/li>\n<li>Profundice su comprensi\u00f3n de la virtualizaci\u00f3n y la automatizaci\u00f3n de la red.<\/li>\n<\/ul>\n","protected":false},"excerpt":{"rendered":"<p>Vaya m\u00e1s all\u00e1 en su carrera en redes \u00bfEst\u00e1 listo para mejorar sus habilidades y abordar soluciones de red complejas? Comience el proceso para obtener la certificaci\u00f3n empresarial de CCNP. El curso ampl\u00eda su comprensi\u00f3n arquitect\u00f3nica y profundiza sus habilidades de implementaci\u00f3n requeridas por las redes empresariales. Este primer curso en la serie empresarial CCNP [&hellip;]<\/p>\n","protected":false},"featured_media":497,"template":"","meta":{"pagelayer_contact_templates":[],"_pagelayer_content":"","ocean_post_layout":"","ocean_both_sidebars_style":"","ocean_both_sidebars_content_width":0,"ocean_both_sidebars_sidebars_width":0,"ocean_sidebar":"0","ocean_second_sidebar":"0","ocean_disable_margins":"enable","ocean_add_body_class":"","ocean_shortcode_before_top_bar":"","ocean_shortcode_after_top_bar":"","ocean_shortcode_before_header":"","ocean_shortcode_after_header":"","ocean_has_shortcode":"","ocean_shortcode_after_title":"","ocean_shortcode_before_footer_widgets":"","ocean_shortcode_after_footer_widgets":"","ocean_shortcode_before_footer_bottom":"","ocean_shortcode_after_footer_bottom":"","ocean_display_top_bar":"default","ocean_display_header":"default","ocean_header_style":"","ocean_center_header_left_menu":"0","ocean_custom_header_template":"0","ocean_custom_logo":0,"ocean_custom_retina_logo":0,"ocean_custom_logo_max_width":0,"ocean_custom_logo_tablet_max_width":0,"ocean_custom_logo_mobile_max_width":0,"ocean_custom_logo_max_height":0,"ocean_custom_logo_tablet_max_height":0,"ocean_custom_logo_mobile_max_height":0,"ocean_header_custom_menu":"0","ocean_menu_typo_font_family":"0","ocean_menu_typo_font_subset":"","ocean_menu_typo_font_size":0,"ocean_menu_typo_font_size_tablet":0,"ocean_menu_typo_font_size_mobile":0,"ocean_menu_typo_font_size_unit":"px","ocean_menu_typo_font_weight":"","ocean_menu_typo_font_weight_tablet":"","ocean_menu_typo_font_weight_mobile":"","ocean_menu_typo_transform":"","ocean_menu_typo_transform_tablet":"","ocean_menu_typo_transform_mobile":"","ocean_menu_typo_line_height":0,"ocean_menu_typo_line_height_tablet":0,"ocean_menu_typo_line_height_mobile":0,"ocean_menu_typo_line_height_unit":"","ocean_menu_typo_spacing":0,"ocean_menu_typo_spacing_tablet":0,"ocean_menu_typo_spacing_mobile":0,"ocean_menu_typo_spacing_unit":"","ocean_menu_link_color":"","ocean_menu_link_color_hover":"","ocean_menu_link_color_active":"","ocean_menu_link_background":"","ocean_menu_link_hover_background":"","ocean_menu_link_active_background":"","ocean_menu_social_links_bg":"","ocean_menu_social_hover_links_bg":"","ocean_menu_social_links_color":"","ocean_menu_social_hover_links_color":"","ocean_disable_title":"default","ocean_disable_heading":"default","ocean_post_title":"","ocean_post_subheading":"","ocean_post_title_style":"","ocean_post_title_background_color":"","ocean_post_title_background":0,"ocean_post_title_bg_image_position":"","ocean_post_title_bg_image_attachment":"","ocean_post_title_bg_image_repeat":"","ocean_post_title_bg_image_size":"","ocean_post_title_height":0,"ocean_post_title_bg_overlay":0.5,"ocean_post_title_bg_overlay_color":"","ocean_disable_breadcrumbs":"default","ocean_breadcrumbs_color":"","ocean_breadcrumbs_separator_color":"","ocean_breadcrumbs_links_color":"","ocean_breadcrumbs_links_hover_color":"","ocean_display_footer_widgets":"default","ocean_display_footer_bottom":"default","ocean_custom_footer_template":"0","_themeisle_gutenberg_block_has_review":false},"product_brand":[],"product_cat":[27,29],"product_tag":[],"class_list":{"0":"post-437","1":"product","2":"type-product","3":"status-publish","4":"has-post-thumbnail","6":"product_cat-cisco-networking-academy","7":"product_cat-redes","9":"entry","10":"has-media","12":"first","13":"instock","14":"virtual","15":"product-type-simple","16":"has-product-nav","17":"col","18":"span_1_of_4","19":"owp-content-center","20":"owp-thumbs-layout-horizontal","21":"owp-btn-normal","22":"owp-tabs-layout-horizontal","23":"has-no-thumbnails"},"_links":{"self":[{"href":"https:\/\/ccatlat.org\/mplace\/cabase\/wp-json\/wp\/v2\/product\/437","targetHints":{"allow":["GET"]}}],"collection":[{"href":"https:\/\/ccatlat.org\/mplace\/cabase\/wp-json\/wp\/v2\/product"}],"about":[{"href":"https:\/\/ccatlat.org\/mplace\/cabase\/wp-json\/wp\/v2\/types\/product"}],"wp:featuredmedia":[{"embeddable":true,"href":"https:\/\/ccatlat.org\/mplace\/cabase\/wp-json\/wp\/v2\/media\/497"}],"wp:attachment":[{"href":"https:\/\/ccatlat.org\/mplace\/cabase\/wp-json\/wp\/v2\/media?parent=437"}],"wp:term":[{"taxonomy":"product_brand","embeddable":true,"href":"https:\/\/ccatlat.org\/mplace\/cabase\/wp-json\/wp\/v2\/product_brand?post=437"},{"taxonomy":"product_cat","embeddable":true,"href":"https:\/\/ccatlat.org\/mplace\/cabase\/wp-json\/wp\/v2\/product_cat?post=437"},{"taxonomy":"product_tag","embeddable":true,"href":"https:\/\/ccatlat.org\/mplace\/cabase\/wp-json\/wp\/v2\/product_tag?post=437"}],"curies":[{"name":"wp","href":"https:\/\/api.w.org\/{rel}","templated":true}]}}