{"id":16,"date":"2022-11-01T11:25:44","date_gmt":"2022-11-01T14:25:44","guid":{"rendered":"https:\/\/ccatlat.org\/mplace\/ar\/product\/diplomado-en-ciberseguridad\/"},"modified":"2025-09-16T14:04:58","modified_gmt":"2025-09-16T17:04:58","slug":"diplomado-en-ciberseguridad","status":"publish","type":"product","link":"https:\/\/ccatlat.org\/mplace\/ar\/product\/diplomado-en-ciberseguridad\/","title":{"rendered":"Diplomado en Ciberseguridad"},"content":{"rendered":"<h4>Combatiendo la ciberdelincuencia<\/h4>\n<blockquote><p>\u00abGarantizar la seguridad de los ciudadanos, el sector privado y los gobiernos en el mundo cibern\u00e9tico es una de las prioridades en la agenda de nuestros pa\u00edses, ya que las oportunidades que ofrece la digitalizaci\u00f3n tambi\u00e9n traen amenazas que deben enfrentarse\u00bb. \u2014Luis Almagro Lemes, exSecretario General de la OEA.<\/p><\/blockquote>\n<p>La demanda de profesionales especializados en ciberseguridad que pueden proteger y defender la red de una organizaci\u00f3n est\u00e1 aumentando de manera exponencial.<\/p>\n<p>El Diplomado en Ciberseguridad est\u00e1 orientado a la formaci\u00f3n de profesionales capaces de proteger los sistemas de informaci\u00f3n y las redes de datos, dar respuesta a eventos de seguridad y preservar los sistemas de riesgos potenciales previniendo amenazas y vulnerabilidades.<\/p>\n<p><strong>Modalidad y duraci\u00f3n<\/strong><\/p>\n<ul>\n<li>Modalidad: 100% en l\u00ednea.<\/li>\n<li>Carga horaria: 60 horas.<\/li>\n<li>Duraci\u00f3n: 15 semanas (2 clases semanales de 2 horas cada una).<\/li>\n<\/ul>\n<p><span style=\"font-size: 0.9375rem;\">Adem\u00e1s de los contenidos te\u00f3ricos, el curso tambi\u00e9n incluye varias pr\u00e1cticas de laboratorio en simulador, lo que te permitir\u00e1 aplicar los conocimientos adquiridos.<\/span><\/p>\n<p><strong>Proyecto final integrador<\/strong><\/p>\n<p>Durante la cursada, los participantes desarrollar\u00e1n un <strong>proyecto integrador<\/strong> que les permitir\u00e1 aplicar de manera pr\u00e1ctica los conocimientos adquiridos en cada m\u00f3dulo del diplomado. Este proyecto se construye progresivamente a lo largo de las 15 semanas, abordando aspectos clave de la ciberseguridad como la protecci\u00f3n de endpoints, la defensa de redes y la gesti\u00f3n de amenazas. El objetivo es que cada estudiante dise\u00f1e una propuesta realista y fundamentada para mejorar la seguridad en un entorno simulado o en una situaci\u00f3n concreta.<\/p>\n<p>La presentaci\u00f3n final del proyecto se realiza mediante un <strong>video tipo \u201celevator pitch\u201d de hasta 5 minutos<\/strong>, en el cual el estudiante deber\u00e1 exponer su soluci\u00f3n ante un <strong>comit\u00e9 evaluador interdisciplinario<\/strong>. Este comit\u00e9, compuesto por especialistas en ciberseguridad, formaci\u00f3n t\u00e9cnica y evaluaci\u00f3n por competencias, valorar\u00e1 tanto el contenido t\u00e9cnico como la claridad en la exposici\u00f3n, la viabilidad de la propuesta y su alineaci\u00f3n con buenas pr\u00e1cticas en seguridad de la informaci\u00f3n. La aprobaci\u00f3n del proyecto, junto con la aprobaci\u00f3n de los tres m\u00f3dulos del diplomado, es <strong>requisito obligatorio<\/strong> para obtener el certificado oficial de aprobaci\u00f3n final del <em><strong>Diplomado en Ciberseguridad<\/strong>.<\/em><\/p>\n<p><strong>Titulaci\u00f3n | Certificados<\/strong><\/p>\n<p>La aprobaci\u00f3n de los tres m\u00f3dulos correlativos otorga el t\u00edtulo de Diplomado en Ciberseguridad, habilitando a la obtenci\u00f3n de las siguientes credenciales:<\/p>\n<ul>\n<li>Insignias oficiales <em><strong>\u00abEndpoint Security\u00bb<\/strong><\/em>, <em><strong>\u00abNetwork Defense\u00bb<\/strong><\/em> y <em><strong>\u00abCyber Threat Management\u00bb<\/strong><\/em>, emitidas por Cisco Networking Academy:<\/li>\n<\/ul>\n<p>&nbsp;<\/p>\n<p><img loading=\"lazy\" decoding=\"async\" class=\"aligncenter wp-image-980\" src=\"https:\/\/ccatlat.org\/mplace\/wp-content\/uploads\/2022\/11\/insignias-sec-1024x307.webp\" alt=\"\" width=\"450\" height=\"135\" \/><\/p>\n<ul>\n<li>Certificado oficial de aprobaci\u00f3n final del <em><strong>Diplomado en Ciberseguridad<\/strong><\/em> emitido por el Centro de Capacitaci\u00f3n en Alta Tecnolog\u00eda para Latinoam\u00e9rica y el Caribe:<\/li>\n<\/ul>\n<p><img loading=\"lazy\" decoding=\"async\" class=\"wp-image-983 size-medium aligncenter\" src=\"https:\/\/ccatlat.org\/mplace\/wp-content\/uploads\/2022\/11\/Certificado-Diplomado-Ciberseguridad-2-300x234.webp\" alt=\"\" width=\"300\" height=\"234\" \/><\/p>\n<p>&nbsp;<\/p>\n","protected":false},"excerpt":{"rendered":"<p>El Diplomado en Ciberseguridad est\u00e1 orientado a la formaci\u00f3n de profesionales capaces de proteger los sistemas de informaci\u00f3n y las redes de datos, dar respuesta a eventos de seguridad y preservar los sistemas de riesgos potenciales previniendo amenazas y vulnerabilidades.<\/p>\n<h3><img loading=\"lazy\" decoding=\"async\" class=\"aligncenter wp-image-984\" src=\"https:\/\/ccatlat.org\/mplace\/wp-content\/uploads\/2022\/11\/cupon.webp\" alt=\"\" width=\"250\" height=\"112\" \/><\/h3>\n<table style=\"width: 100%;\" cellspacing=\"1\" cellpadding=\"1\">\n<tbody>\n<tr>\n<td style=\"background-color: #eeeeee; vertical-align: middle; text-align: left;\"><span style=\"font-size: 12px;\">\ud83d\udcc5 Fecha de inicio: <strong>lunes 16 de marzo de 2026<\/strong><\/span><br \/>\n<span style=\"font-size: 12px;\">\ud83d\udd51 Horario de cursada: <strong>12:00 p.m. a 02:00 p.m. (Hora de Montevideo, Uruguay)<\/strong><\/span><br \/>\n<span style=\"font-size: 12px;\"><strong><a href=\"https:\/\/time.is\/1200_16_Mar_2026_in_Montevideo?Diplomado_en_Ciberseguridad\" target=\"_blank\" rel=\"noopener\">\ud83c\udf0e Clic aqu\u00ed <\/a><\/strong>para ver la hora en tu lugar de residencia.<\/span><\/td>\n<\/tr>\n<\/tbody>\n<\/table>\n","protected":false},"featured_media":702,"template":"","meta":{"pagelayer_contact_templates":[],"_pagelayer_content":"","ocean_post_layout":"full-width","ocean_both_sidebars_style":"","ocean_both_sidebars_content_width":0,"ocean_both_sidebars_sidebars_width":0,"ocean_sidebar":"0","ocean_second_sidebar":"0","ocean_disable_margins":"enable","ocean_add_body_class":"","ocean_shortcode_before_top_bar":"","ocean_shortcode_after_top_bar":"","ocean_shortcode_before_header":"","ocean_shortcode_after_header":"","ocean_has_shortcode":"","ocean_shortcode_after_title":"","ocean_shortcode_before_footer_widgets":"","ocean_shortcode_after_footer_widgets":"","ocean_shortcode_before_footer_bottom":"","ocean_shortcode_after_footer_bottom":"","ocean_display_top_bar":"off","ocean_display_header":"off","ocean_header_style":"","ocean_center_header_left_menu":"0","ocean_custom_header_template":"0","ocean_custom_logo":0,"ocean_custom_retina_logo":0,"ocean_custom_logo_max_width":0,"ocean_custom_logo_tablet_max_width":0,"ocean_custom_logo_mobile_max_width":0,"ocean_custom_logo_max_height":0,"ocean_custom_logo_tablet_max_height":0,"ocean_custom_logo_mobile_max_height":0,"ocean_header_custom_menu":"0","ocean_menu_typo_font_family":"0","ocean_menu_typo_font_subset":"","ocean_menu_typo_font_size":0,"ocean_menu_typo_font_size_tablet":0,"ocean_menu_typo_font_size_mobile":0,"ocean_menu_typo_font_size_unit":"px","ocean_menu_typo_font_weight":"","ocean_menu_typo_font_weight_tablet":"","ocean_menu_typo_font_weight_mobile":"","ocean_menu_typo_transform":"","ocean_menu_typo_transform_tablet":"","ocean_menu_typo_transform_mobile":"","ocean_menu_typo_line_height":0,"ocean_menu_typo_line_height_tablet":0,"ocean_menu_typo_line_height_mobile":0,"ocean_menu_typo_line_height_unit":"","ocean_menu_typo_spacing":0,"ocean_menu_typo_spacing_tablet":0,"ocean_menu_typo_spacing_mobile":0,"ocean_menu_typo_spacing_unit":"","ocean_menu_link_color":"","ocean_menu_link_color_hover":"","ocean_menu_link_color_active":"","ocean_menu_link_background":"","ocean_menu_link_hover_background":"","ocean_menu_link_active_background":"","ocean_menu_social_links_bg":"","ocean_menu_social_hover_links_bg":"","ocean_menu_social_links_color":"","ocean_menu_social_hover_links_color":"","ocean_disable_title":"default","ocean_disable_heading":"default","ocean_post_title":"","ocean_post_subheading":"","ocean_post_title_style":"","ocean_post_title_background_color":"","ocean_post_title_background":0,"ocean_post_title_bg_image_position":"","ocean_post_title_bg_image_attachment":"","ocean_post_title_bg_image_repeat":"","ocean_post_title_bg_image_size":"","ocean_post_title_height":0,"ocean_post_title_bg_overlay":0.5,"ocean_post_title_bg_overlay_color":"","ocean_disable_breadcrumbs":"default","ocean_breadcrumbs_color":"","ocean_breadcrumbs_separator_color":"","ocean_breadcrumbs_links_color":"","ocean_breadcrumbs_links_hover_color":"","ocean_display_footer_widgets":"default","ocean_display_footer_bottom":"default","ocean_custom_footer_template":"0","_themeisle_gutenberg_block_has_review":false},"product_brand":[],"product_cat":[27,21],"product_tag":[],"class_list":{"0":"post-16","1":"product","2":"type-product","3":"status-publish","4":"has-post-thumbnail","6":"product_cat-cisco-networking-academy","7":"product_cat-diplomatura","9":"entry","10":"has-media","12":"first","13":"instock","14":"featured","15":"sold-individually","16":"shipping-taxable","17":"purchasable","18":"product-type-simple","19":"has-product-nav","20":"col","21":"span_1_of_4","22":"owp-content-center","23":"owp-thumbs-layout-horizontal","24":"owp-btn-normal","25":"owp-tabs-layout-horizontal","26":"has-no-thumbnails"},"_links":{"self":[{"href":"https:\/\/ccatlat.org\/mplace\/ar\/wp-json\/wp\/v2\/product\/16","targetHints":{"allow":["GET"]}}],"collection":[{"href":"https:\/\/ccatlat.org\/mplace\/ar\/wp-json\/wp\/v2\/product"}],"about":[{"href":"https:\/\/ccatlat.org\/mplace\/ar\/wp-json\/wp\/v2\/types\/product"}],"wp:featuredmedia":[{"embeddable":true,"href":"https:\/\/ccatlat.org\/mplace\/ar\/wp-json\/wp\/v2\/media\/702"}],"wp:attachment":[{"href":"https:\/\/ccatlat.org\/mplace\/ar\/wp-json\/wp\/v2\/media?parent=16"}],"wp:term":[{"taxonomy":"product_brand","embeddable":true,"href":"https:\/\/ccatlat.org\/mplace\/ar\/wp-json\/wp\/v2\/product_brand?post=16"},{"taxonomy":"product_cat","embeddable":true,"href":"https:\/\/ccatlat.org\/mplace\/ar\/wp-json\/wp\/v2\/product_cat?post=16"},{"taxonomy":"product_tag","embeddable":true,"href":"https:\/\/ccatlat.org\/mplace\/ar\/wp-json\/wp\/v2\/product_tag?post=16"}],"curies":[{"name":"wp","href":"https:\/\/api.w.org\/{rel}","templated":true}]}}