{"id":74,"date":"2022-11-04T14:50:07","date_gmt":"2022-11-04T17:50:07","guid":{"rendered":"https:\/\/ccatlat.org\/mplace\/ar\/?page_id=74"},"modified":"2022-11-30T13:02:04","modified_gmt":"2022-11-30T16:02:04","slug":"contacto","status":"publish","type":"page","link":"https:\/\/ccatlat.org\/mplace\/ar\/contacto\/","title":{"rendered":"Contacto"},"content":{"rendered":"\n<div id=\"wp-block-themeisle-blocks-popup-e0b12386\" class=\"wp-block-themeisle-blocks-popup is-front\" data-dismiss=\"\" data-time=\"0\" data-anchor=\"\" data-offset=\"\" data-outside=\"true\" data-anchorclose=\"\"><div class=\"otter-popup__modal_wrap\"><div role=\"presentation\" class=\"otter-popup__modal_wrap_overlay\"><\/div><div class=\"otter-popup__modal_content\"><div class=\"otter-popup__modal_header\"><button type=\"button\" class=\"components-button has-icon\"><svg width=\"24\" height=\"24\" xmlns=\"http:\/\/www.w3.org\/2000\/svg\" viewBox=\"0 0 24 24\" role=\"img\" aria-hidden=\"true\"><path d=\"M12 13.06l3.712 3.713 1.061-1.06L13.061 12l3.712-3.712-1.06-1.06L12 10.938 8.288 7.227l-1.061 1.06L10.939 12l-3.712 3.712 1.06 1.061L12 13.061z\"><\/path><\/svg><\/button><\/div><div class=\"otter-popup__modal_body\">\n<iframe loading=\"lazy\" frameborder=\"0\" height=\"600rem\" scrolling=\"yes\" src=\"https:\/\/inmigrandi.com\/forms\/modules\/form_builder\/published\/contacto.php\" width=\"100%\"><\/iframe>\n<\/div><\/div><\/div><\/div>\n\n\n\n<div class=\"wp-block-columns is-layout-flex wp-container-core-columns-is-layout-1 wp-block-columns-is-layout-flex\">\n<div class=\"wp-block-column is-layout-flow wp-block-column-is-layout-flow\" style=\"flex-basis:33.33%\">\n<h4 class=\"wp-block-heading\">Ubicaci\u00f3n<\/h4>\n\n\n\n<p>6125 Rambla Rep\u00fablica de M\u00e9xico,<\/p>\n\n\n\n<p>Montevideo. 11400 Uruguay.<\/p>\n\n\n\n<h4 class=\"wp-block-heading\">Tel\u00e9fono<\/h4>\n\n\n\n<p>+54 11 43285505.<\/p>\n\n\n\n<h4 class=\"wp-block-heading\">e-Mail<\/h4>\n\n\n\n<p><a href=\"mailto:info@example.com\">academy@ccatlat.org<\/a><\/p>\n<\/div>\n\n\n\n<div class=\"wp-block-column is-layout-flow wp-block-column-is-layout-flow\" style=\"flex-basis:66.66%\"><div style=\"height:400pxpx;\" class=\"wp-block-themeisle-blocks-leaflet-map\" id=\"wp-block-themeisle-blocks-leaflet-map-e7f262cf\"><\/div>\n<script type=\"text\/javascript\">\n\t\/* <![CDATA[ *\/\n\t\tif ( ! window.themeisleLeafletMaps ) window.themeisleLeafletMaps =[];\n\t\twindow.themeisleLeafletMaps.push( { container: \"wp-block-themeisle-blocks-leaflet-map-e7f262cf\", attributes: {\"id\":\"wp-block-themeisle-blocks-leaflet-map-e7f262cf\",\"location\":\"Rambla Rep\\u00fablica de M\\u00e9xico 6125, Montevideo, Uruguay\",\"latitude\":\"-34.89677278890689\",\"longitude\":\"-56.06241703033448\",\"bbox\":\"-56.08563423156739,-34.91085097541248,-56.03919982910157,-34.88269218913309\",\"zoom\":14,\"markers\":[{\"id\":\"d09c0bcf-3cce-4987-87eb-7a9e6dbfc6bb\",\"latitude\":-34.89677278890689,\"longitude\":-56.06241703033448,\"title\":\"CCATLAT\",\"description\":\"<p>Centro de Capacitaci\\u00f3n en Alta Tecnolog\\u00eda para Latinoam\\u00e9rica y el Caribe.<\\\/p>\"}],\"height\":\"400px\",\"zoomControl\":true,\"draggable\":true,\"hasCustomCSS\":false,\"customCSS\":\"\",\"otterConditions\":[]} } );\n\t\/* ]]> *\/\n<\/script>\n<\/div>\n<\/div>\n","protected":false},"excerpt":{"rendered":"<p>Ubicaci\u00f3n 6125 Rambla Rep\u00fablica de M\u00e9xico, Montevideo. 11400 Uruguay. Tel\u00e9fono +54 11 43285505. e-Mail academy@ccatlat.org<\/p>\n","protected":false},"author":2,"featured_media":0,"parent":0,"menu_order":0,"comment_status":"closed","ping_status":"closed","template":"","meta":{"pagelayer_contact_templates":[],"_pagelayer_content":"","ocean_post_layout":"","ocean_both_sidebars_style":"","ocean_both_sidebars_content_width":0,"ocean_both_sidebars_sidebars_width":0,"ocean_sidebar":"0","ocean_second_sidebar":"0","ocean_disable_margins":"enable","ocean_add_body_class":"","ocean_shortcode_before_top_bar":"","ocean_shortcode_after_top_bar":"","ocean_shortcode_before_header":"","ocean_shortcode_after_header":"","ocean_has_shortcode":"","ocean_shortcode_after_title":"","ocean_shortcode_before_footer_widgets":"","ocean_shortcode_after_footer_widgets":"","ocean_shortcode_before_footer_bottom":"","ocean_shortcode_after_footer_bottom":"","ocean_display_top_bar":"default","ocean_display_header":"default","ocean_header_style":"","ocean_center_header_left_menu":"0","ocean_custom_header_template":"0","ocean_custom_logo":0,"ocean_custom_retina_logo":0,"ocean_custom_logo_max_width":0,"ocean_custom_logo_tablet_max_width":0,"ocean_custom_logo_mobile_max_width":0,"ocean_custom_logo_max_height":0,"ocean_custom_logo_tablet_max_height":0,"ocean_custom_logo_mobile_max_height":0,"ocean_header_custom_menu":"0","ocean_menu_typo_font_family":"0","ocean_menu_typo_font_subset":"","ocean_menu_typo_font_size":0,"ocean_menu_typo_font_size_tablet":0,"ocean_menu_typo_font_size_mobile":0,"ocean_menu_typo_font_size_unit":"px","ocean_menu_typo_font_weight":"","ocean_menu_typo_font_weight_tablet":"","ocean_menu_typo_font_weight_mobile":"","ocean_menu_typo_transform":"","ocean_menu_typo_transform_tablet":"","ocean_menu_typo_transform_mobile":"","ocean_menu_typo_line_height":0,"ocean_menu_typo_line_height_tablet":0,"ocean_menu_typo_line_height_mobile":0,"ocean_menu_typo_line_height_unit":"","ocean_menu_typo_spacing":0,"ocean_menu_typo_spacing_tablet":0,"ocean_menu_typo_spacing_mobile":0,"ocean_menu_typo_spacing_unit":"","ocean_menu_link_color":"","ocean_menu_link_color_hover":"","ocean_menu_link_color_active":"","ocean_menu_link_background":"","ocean_menu_link_hover_background":"","ocean_menu_link_active_background":"","ocean_menu_social_links_bg":"","ocean_menu_social_hover_links_bg":"","ocean_menu_social_links_color":"","ocean_menu_social_hover_links_color":"","ocean_disable_title":"default","ocean_disable_heading":"default","ocean_post_title":"","ocean_post_subheading":"","ocean_post_title_style":"","ocean_post_title_background_color":"","ocean_post_title_background":0,"ocean_post_title_bg_image_position":"","ocean_post_title_bg_image_attachment":"","ocean_post_title_bg_image_repeat":"","ocean_post_title_bg_image_size":"","ocean_post_title_height":0,"ocean_post_title_bg_overlay":0.5,"ocean_post_title_bg_overlay_color":"","ocean_disable_breadcrumbs":"default","ocean_breadcrumbs_color":"","ocean_breadcrumbs_separator_color":"","ocean_breadcrumbs_links_color":"","ocean_breadcrumbs_links_hover_color":"","ocean_display_footer_widgets":"default","ocean_display_footer_bottom":"default","ocean_custom_footer_template":"0","_themeisle_gutenberg_block_has_review":false,"footnotes":""},"class_list":["post-74","page","type-page","status-publish","hentry","entry","owp-thumbs-layout-horizontal","owp-btn-normal","owp-tabs-layout-horizontal","has-no-thumbnails","has-product-nav"],"_links":{"self":[{"href":"https:\/\/ccatlat.org\/mplace\/ar\/wp-json\/wp\/v2\/pages\/74","targetHints":{"allow":["GET"]}}],"collection":[{"href":"https:\/\/ccatlat.org\/mplace\/ar\/wp-json\/wp\/v2\/pages"}],"about":[{"href":"https:\/\/ccatlat.org\/mplace\/ar\/wp-json\/wp\/v2\/types\/page"}],"author":[{"embeddable":true,"href":"https:\/\/ccatlat.org\/mplace\/ar\/wp-json\/wp\/v2\/users\/2"}],"replies":[{"embeddable":true,"href":"https:\/\/ccatlat.org\/mplace\/ar\/wp-json\/wp\/v2\/comments?post=74"}],"version-history":[{"count":11,"href":"https:\/\/ccatlat.org\/mplace\/ar\/wp-json\/wp\/v2\/pages\/74\/revisions"}],"predecessor-version":[{"id":349,"href":"https:\/\/ccatlat.org\/mplace\/ar\/wp-json\/wp\/v2\/pages\/74\/revisions\/349"}],"wp:attachment":[{"href":"https:\/\/ccatlat.org\/mplace\/ar\/wp-json\/wp\/v2\/media?parent=74"}],"curies":[{"name":"wp","href":"https:\/\/api.w.org\/{rel}","templated":true}]}}