{"id":18,"date":"2022-11-01T12:14:34","date_gmt":"2022-11-01T15:14:34","guid":{"rendered":"https:\/\/ccatlat.org\/mplace\/ar\/pagina-de-inicio\/"},"modified":"2025-09-25T11:27:40","modified_gmt":"2025-09-25T14:27:40","slug":"pagina-de-inicio","status":"publish","type":"page","link":"https:\/\/ccatlat.org\/mplace\/ar\/","title":{"rendered":""},"content":{"rendered":"\n<div class=\"wp-block-cover\"><span aria-hidden=\"true\" class=\"wp-block-cover__background has-background-dim-30 has-background-dim\"><\/span><img loading=\"lazy\" decoding=\"async\" width=\"1280\" height=\"720\" class=\"wp-block-cover__image-background wp-image-594\" alt=\"\" src=\"https:\/\/ccatlat.org\/mplace\/ar\/wp-content\/uploads\/sites\/5\/2023\/06\/space-4163612-1280.webp\" data-object-fit=\"cover\" srcset=\"https:\/\/ccatlat.org\/mplace\/ar\/wp-content\/uploads\/sites\/5\/2023\/06\/space-4163612-1280.webp 1280w, https:\/\/ccatlat.org\/mplace\/ar\/wp-content\/uploads\/sites\/5\/2023\/06\/space-4163612-1280-300x169.webp 300w, https:\/\/ccatlat.org\/mplace\/ar\/wp-content\/uploads\/sites\/5\/2023\/06\/space-4163612-1280-1024x576.webp 1024w, https:\/\/ccatlat.org\/mplace\/ar\/wp-content\/uploads\/sites\/5\/2023\/06\/space-4163612-1280-768x432.webp 768w, https:\/\/ccatlat.org\/mplace\/ar\/wp-content\/uploads\/sites\/5\/2023\/06\/space-4163612-1280-800x450.webp 800w, https:\/\/ccatlat.org\/mplace\/ar\/wp-content\/uploads\/sites\/5\/2023\/06\/space-4163612-1280-600x338.webp 600w\" sizes=\"auto, (max-width: 1280px) 100vw, 1280px\" \/><div class=\"wp-block-cover__inner-container is-layout-flow wp-block-cover-is-layout-flow\">\n<h1 id=\"wp-block-themeisle-blocks-advanced-heading-7db6805e\" class=\"wp-block-themeisle-blocks-advanced-heading wp-block-themeisle-blocks-advanced-heading-7db6805e ticss-6190dc45\">Descubre una nueva era<br>de formaci\u00f3n tecnol\u00f3gica<\/h1>\n\n\n\n<h2 id=\"wp-block-themeisle-blocks-advanced-heading-52d2d21c\" class=\"wp-block-themeisle-blocks-advanced-heading wp-block-themeisle-blocks-advanced-heading-52d2d21c\">Tu crecimiento profesional comienza ahora<\/h2>\n<\/div><\/div>\n\n\n\n<hr class=\"wp-block-separator has-alpha-channel-opacity\"\/>\n\n\n\n<p class=\"has-text-align-left has-medium-font-size\">Te damos la bienvenida a CCATLAT Education, la plataforma de aprendizaje que te ayudar\u00e1 a impulsar tu crecimiento profesional.<\/p>\n\n\n\n<hr class=\"wp-block-separator has-text-color has-white-color has-alpha-channel-opacity has-white-background-color has-background is-style-default\"\/>\n\n\n\n<hr class=\"wp-block-separator has-alpha-channel-opacity\"\/>\n\n\n\n<div class=\"wp-block-media-text is-stacked-on-mobile has-medium-font-size\" style=\"grid-template-columns:15% auto\"><figure class=\"wp-block-media-text__media\"><img loading=\"lazy\" decoding=\"async\" width=\"200\" height=\"200\" src=\"https:\/\/ccatlat.org\/mplace\/ar\/wp-content\/uploads\/sites\/5\/2023\/06\/database-4941302_200.webp\" alt=\"\" class=\"wp-image-621 size-thumbnail\" srcset=\"https:\/\/ccatlat.org\/mplace\/ar\/wp-content\/uploads\/sites\/5\/2023\/06\/database-4941302_200.webp 200w, https:\/\/ccatlat.org\/mplace\/ar\/wp-content\/uploads\/sites\/5\/2023\/06\/database-4941302_200-150x150.webp 150w, https:\/\/ccatlat.org\/mplace\/ar\/wp-content\/uploads\/sites\/5\/2023\/06\/database-4941302_200-100x100.webp 100w\" sizes=\"auto, (max-width: 200px) 100vw, 200px\" \/><\/figure><div class=\"wp-block-media-text__content\">\n<p style=\"font-size:18px\"><em><strong>Actualizaci\u00f3n constante<\/strong><\/em>: En un mundo en constante evoluci\u00f3n, la actualizaci\u00f3n en tecnolog\u00eda es esencial. En CCATLAT Education te brindamos las herramientas necesarias para mantenerte al d\u00eda con las \u00faltimas tendencias y avances en el mundo digital.<\/p>\n<\/div><\/div>\n\n\n\n<div class=\"wp-block-media-text has-media-on-the-right is-stacked-on-mobile has-medium-font-size\" style=\"grid-template-columns:auto 15%\"><div class=\"wp-block-media-text__content\">\n<p class=\"has-text-align-right\" style=\"font-size:18px\"><em><strong>Amplia gama de cursos<\/strong><\/em>: Ya seas principiante o profesional en busca de especializaci\u00f3n, en CCATLAT Education encontrar\u00e1s un programa de formaci\u00f3n dise\u00f1ado para satisfacer tus necesidades. Desde programaci\u00f3n y desarrollo web hasta inteligencia artificial y ciberseguridad, nuestras capacitaciones abarcan diversos campos tecnol\u00f3gicos.<\/p>\n<\/div><figure class=\"wp-block-media-text__media\"><img loading=\"lazy\" decoding=\"async\" width=\"200\" height=\"200\" src=\"https:\/\/ccatlat.org\/mplace\/ar\/wp-content\/uploads\/sites\/5\/2023\/06\/cpu-2103856_200.webp\" alt=\"\" class=\"wp-image-626 size-thumbnail\" srcset=\"https:\/\/ccatlat.org\/mplace\/ar\/wp-content\/uploads\/sites\/5\/2023\/06\/cpu-2103856_200.webp 200w, https:\/\/ccatlat.org\/mplace\/ar\/wp-content\/uploads\/sites\/5\/2023\/06\/cpu-2103856_200-150x150.webp 150w, https:\/\/ccatlat.org\/mplace\/ar\/wp-content\/uploads\/sites\/5\/2023\/06\/cpu-2103856_200-100x100.webp 100w\" sizes=\"auto, (max-width: 200px) 100vw, 200px\" \/><\/figure><\/div>\n\n\n\n<div class=\"wp-block-media-text is-stacked-on-mobile has-medium-font-size\" style=\"grid-template-columns:15% auto\"><figure class=\"wp-block-media-text__media\"><img loading=\"lazy\" decoding=\"async\" width=\"200\" height=\"200\" src=\"https:\/\/ccatlat.org\/mplace\/ar\/wp-content\/uploads\/sites\/5\/2023\/06\/group-1824145_200.webp\" alt=\"\" class=\"wp-image-632 size-thumbnail\" srcset=\"https:\/\/ccatlat.org\/mplace\/ar\/wp-content\/uploads\/sites\/5\/2023\/06\/group-1824145_200.webp 200w, https:\/\/ccatlat.org\/mplace\/ar\/wp-content\/uploads\/sites\/5\/2023\/06\/group-1824145_200-150x150.webp 150w, https:\/\/ccatlat.org\/mplace\/ar\/wp-content\/uploads\/sites\/5\/2023\/06\/group-1824145_200-100x100.webp 100w\" sizes=\"auto, (max-width: 200px) 100vw, 200px\" \/><\/figure><div class=\"wp-block-media-text__content\">\n<p class=\"has-text-align-left\" style=\"font-size:18px\"><em><strong>Equipo de expertos<\/strong><\/em>: Nuestro equipo de instructores est\u00e1 compuesto por profesionales altamente capacitados y con experiencia en la industria. Te guiar\u00e1n a lo largo de tu aprendizaje, brind\u00e1ndote conocimientos pr\u00e1cticos y las habilidades necesarias para triunfar en el mundo tecnol\u00f3gico.<\/p>\n<\/div><\/div>\n\n\n\n<div class=\"wp-block-media-text has-media-on-the-right is-stacked-on-mobile has-medium-font-size\" style=\"grid-template-columns:auto 15%\"><div class=\"wp-block-media-text__content\">\n<p class=\"has-text-align-right\" style=\"font-size:18px\"><em><strong>Flexibilidad y comodidad<\/strong><\/em>: Entendemos que tus responsabilidades diarias pueden ser un desaf\u00edo. Por eso, ofrecemos horarios flexibles y modalidades de estudio que se adaptan a tu ritmo de vida. Con nuestras propuestas en l\u00ednea sincr\u00f3nicas y asincr\u00f3nicas, t\u00fa decides c\u00f3mo y cu\u00e1ndo aprender<em>.<\/em><\/p>\n<\/div><figure class=\"wp-block-media-text__media\"><img loading=\"lazy\" decoding=\"async\" width=\"200\" height=\"200\" src=\"https:\/\/ccatlat.org\/mplace\/ar\/wp-content\/uploads\/sites\/5\/2023\/06\/time-1606153_200.webp\" alt=\"\" class=\"wp-image-635 size-thumbnail\" srcset=\"https:\/\/ccatlat.org\/mplace\/ar\/wp-content\/uploads\/sites\/5\/2023\/06\/time-1606153_200.webp 200w, https:\/\/ccatlat.org\/mplace\/ar\/wp-content\/uploads\/sites\/5\/2023\/06\/time-1606153_200-150x150.webp 150w, https:\/\/ccatlat.org\/mplace\/ar\/wp-content\/uploads\/sites\/5\/2023\/06\/time-1606153_200-100x100.webp 100w\" sizes=\"auto, (max-width: 200px) 100vw, 200px\" \/><\/figure><\/div>\n\n\n\n<div class=\"wp-block-media-text is-stacked-on-mobile has-medium-font-size\" style=\"grid-template-columns:15% auto\"><figure class=\"wp-block-media-text__media\"><img loading=\"lazy\" decoding=\"async\" width=\"200\" height=\"200\" src=\"https:\/\/ccatlat.org\/mplace\/ar\/wp-content\/uploads\/sites\/5\/2025\/09\/certificaciones.webp\" alt=\"\" class=\"wp-image-719 size-thumbnail\" srcset=\"https:\/\/ccatlat.org\/mplace\/ar\/wp-content\/uploads\/sites\/5\/2025\/09\/certificaciones.webp 200w, https:\/\/ccatlat.org\/mplace\/ar\/wp-content\/uploads\/sites\/5\/2025\/09\/certificaciones-150x150.webp 150w, https:\/\/ccatlat.org\/mplace\/ar\/wp-content\/uploads\/sites\/5\/2025\/09\/certificaciones-100x100.webp 100w\" sizes=\"auto, (max-width: 200px) 100vw, 200px\" \/><\/figure><div class=\"wp-block-media-text__content\">\n<p class=\"has-text-align-left\" style=\"font-size:18px\"><em><strong>Certificaciones<\/strong><\/em>: Las certificaciones no solo validan tu experiencia, sino que tambi\u00e9n te impulsan a mantenerte actualizado y a la vanguardia de tu sector, lo que te convierte en un profesional m\u00e1s valioso y atractivo para las empresas. Invierte en tu futuro, elige certificarte. <a href=\"https:\/\/ecomlac-test.center\/\" target=\"_blank\" rel=\"noreferrer noopener\">M\u00e1s informaci\u00f3n<\/a><\/p>\n<\/div><\/div>\n\n\n\n<hr class=\"wp-block-separator has-alpha-channel-opacity\"\/>\n\n\n\n<div class=\"wp-block-group has-background is-vertical is-content-justification-stretch is-layout-flex wp-container-core-group-is-layout-2 wp-block-group-is-layout-flex\" style=\"background-color:#00447812\">\n<div class=\"wp-block-group has-background\" style=\"background-color:#00447800\"><div class=\"wp-block-group__inner-container is-layout-constrained wp-block-group-is-layout-constrained\">\n<p class=\"has-text-align-center has-text-color has-medium-font-size\" style=\"color:#00003f\">Da el primer paso hacia una carrera exitosa en tecnolog\u00eda.<\/p>\n\n\n\n<p class=\"has-text-align-center has-text-color has-medium-font-size\" style=\"color:#00003f\">Explora nuestro cat\u00e1logo de cursos y descubre c\u00f3mo CCATLAT Education puede impulsar tu futuro profesional.<\/p>\n\n\n\n<div class=\"wp-block-buttons is-content-justification-center is-layout-flex wp-container-core-buttons-is-layout-1 wp-block-buttons-is-layout-flex\">\n<div class=\"wp-block-button\"><a class=\"wp-block-button__link has-black-color has-cyan-bluish-gray-background-color has-text-color has-background wp-element-button\" href=\"https:\/\/ccatlat.org\/mplace\/ar\/shop\/\">Ver el cat\u00e1logo de cursos<\/a><\/div>\n<\/div>\n<\/div><\/div>\n<\/div>\n\n\n\n<hr class=\"wp-block-separator has-alpha-channel-opacity\"\/>\n\n\n\n<h2 class=\"wp-block-heading has-text-align-center\">Nos acompa\u00f1an<\/h2>\n\n\n\n<div id=\"wp-block-themeisle-blocks-advanced-columns-49876114\" class=\"wp-block-themeisle-blocks-advanced-columns has-4-columns has-desktop-equal-layout has-tablet-equal-layout has-mobile-collapsedRows-layout has-vertical-center\"><div class=\"wp-block-themeisle-blocks-advanced-columns-overlay\"><\/div><div class=\"innerblocks-wrap\">\n<div id=\"wp-block-themeisle-blocks-advanced-column-a13600ab\" class=\"wp-block-themeisle-blocks-advanced-column\"><div class=\"wp-block-image\">\n<figure class=\"aligncenter size-full is-resized\"><a href=\"https:\/\/www.gobernanzainternet.org\/\" target=\"_blank\" rel=\"noreferrer noopener\"><img loading=\"lazy\" decoding=\"async\" width=\"115\" height=\"72\" src=\"https:\/\/ccatlat.org\/mplace\/ar\/wp-content\/uploads\/sites\/5\/2023\/04\/ssig.png\" alt=\"\" class=\"wp-image-451\" style=\"width:69px;height:43px\"\/><\/a><\/figure><\/div><\/div>\n\n\n\n<div id=\"wp-block-themeisle-blocks-advanced-column-7faf8c6d\" class=\"wp-block-themeisle-blocks-advanced-column\"><div class=\"wp-block-image\">\n<figure class=\"aligncenter size-full is-resized\"><a href=\"https:\/\/citel.oas.org\/\" target=\"_blank\" rel=\"noreferrer noopener\"><img loading=\"lazy\" decoding=\"async\" width=\"288\" height=\"72\" src=\"https:\/\/ccatlat.org\/mplace\/ar\/wp-content\/uploads\/sites\/5\/2023\/04\/citel.png\" alt=\"\" class=\"wp-image-456\" style=\"width:150px;height:37px\"\/><\/a><\/figure><\/div><\/div>\n\n\n\n<div id=\"wp-block-themeisle-blocks-advanced-column-c99bd8a3\" class=\"wp-block-themeisle-blocks-advanced-column\"><div class=\"wp-block-image\">\n<figure class=\"aligncenter size-full is-resized\"><a href=\"https:\/\/cabase.org.ar\" target=\"_blank\" rel=\"noreferrer noopener\"><img loading=\"lazy\" decoding=\"async\" width=\"236\" height=\"72\" src=\"https:\/\/ccatlat.org\/mplace\/ar\/wp-content\/uploads\/sites\/5\/2023\/04\/cabase.png\" alt=\"\" class=\"wp-image-452\" style=\"width:114px;height:35px\"\/><\/a><\/figure><\/div><\/div>\n\n\n\n<div id=\"wp-block-themeisle-blocks-advanced-column-cf459239\" class=\"wp-block-themeisle-blocks-advanced-column\"><div class=\"wp-block-image\">\n<figure class=\"aligncenter size-full is-resized\"><a href=\"https:\/\/www.lacnic.net\/\" target=\"_blank\" rel=\"noreferrer noopener\"><img loading=\"lazy\" decoding=\"async\" width=\"135\" height=\"72\" src=\"https:\/\/ccatlat.org\/mplace\/ar\/wp-content\/uploads\/sites\/5\/2023\/04\/lacnic.png\" alt=\"\" class=\"wp-image-453\" style=\"width:99px;height:53px\"\/><\/a><\/figure><\/div><\/div>\n<\/div><\/div>\n\n\n\n<div id=\"wp-block-themeisle-blocks-advanced-columns-eac81db1\" class=\"wp-block-themeisle-blocks-advanced-columns has-4-columns has-desktop-equal-layout has-tablet-equal-layout has-mobile-collapsedRows-layout has-vertical-unset\"><div class=\"wp-block-themeisle-blocks-advanced-columns-overlay\"><\/div><div class=\"innerblocks-wrap\">\n<div id=\"wp-block-themeisle-blocks-advanced-column-42834ff6\" class=\"wp-block-themeisle-blocks-advanced-column\"><div class=\"wp-block-image\">\n<figure class=\"aligncenter size-full is-resized\"><a href=\"https:\/\/www.argensig.org\/\" target=\"_blank\" rel=\"noreferrer noopener\"><img loading=\"lazy\" decoding=\"async\" width=\"281\" height=\"72\" src=\"https:\/\/ccatlat.org\/mplace\/ar\/wp-content\/uploads\/sites\/5\/2023\/04\/argensig.png\" alt=\"\" class=\"wp-image-454\" style=\"width:146px;height:37px\"\/><\/a><\/figure><\/div><\/div>\n\n\n\n<div id=\"wp-block-themeisle-blocks-advanced-column-a630ea1c\" class=\"wp-block-themeisle-blocks-advanced-column\"><div class=\"wp-block-image\">\n<figure class=\"aligncenter size-full is-resized\"><a href=\"https:\/\/ecomlac.lat\/\" target=\"_blank\" rel=\"noreferrer noopener\"><img loading=\"lazy\" decoding=\"async\" width=\"315\" height=\"71\" src=\"https:\/\/ccatlat.org\/mplace\/ar\/wp-content\/uploads\/sites\/5\/2023\/04\/ecomlac.png\" alt=\"\" class=\"wp-image-457\" style=\"width:181px;height:41px\" srcset=\"https:\/\/ccatlat.org\/mplace\/ar\/wp-content\/uploads\/sites\/5\/2023\/04\/ecomlac.png 315w, https:\/\/ccatlat.org\/mplace\/ar\/wp-content\/uploads\/sites\/5\/2023\/04\/ecomlac-300x68.png 300w\" sizes=\"auto, (max-width: 315px) 100vw, 315px\" \/><\/a><\/figure><\/div><\/div>\n\n\n\n<div id=\"wp-block-themeisle-blocks-advanced-column-f8232d11\" class=\"wp-block-themeisle-blocks-advanced-column\"><div class=\"wp-block-image\">\n<figure class=\"aligncenter size-full is-resized\"><a href=\"https:\/\/isoc.uy\/\" target=\"_blank\" rel=\"noreferrer noopener\"><img loading=\"lazy\" decoding=\"async\" width=\"240\" height=\"49\" src=\"https:\/\/ccatlat.org\/mplace\/ar\/wp-content\/uploads\/sites\/5\/2023\/04\/isocuy.png\" alt=\"\" class=\"wp-image-455\" style=\"width:162px;height:33px\"\/><\/a><\/figure><\/div><\/div>\n\n\n\n<div id=\"wp-block-themeisle-blocks-advanced-column-5007ef7f\" class=\"wp-block-themeisle-blocks-advanced-column\"><div class=\"wp-block-image\">\n<figure class=\"aligncenter size-full is-resized\"><a href=\"https:\/\/inmigrandi.com\" target=\"_blank\" rel=\"noreferrer noopener\"><img loading=\"lazy\" decoding=\"async\" width=\"225\" height=\"72\" src=\"https:\/\/ccatlat.org\/mplace\/ar\/wp-content\/uploads\/sites\/5\/2023\/04\/logo_inmigrandi_plain.png\" alt=\"\" class=\"wp-image-579\" style=\"width:119px;height:38px\"\/><\/a><\/figure><\/div><\/div>\n<\/div><\/div>\n","protected":false},"excerpt":{"rendered":"<p>Te damos la bienvenida a CCATLAT Education, la plataforma de aprendizaje que te ayudar\u00e1 a impulsar tu crecimiento profesional. Actualizaci\u00f3n constante: En un mundo en constante evoluci\u00f3n, la actualizaci\u00f3n en tecnolog\u00eda es esencial. En CCATLAT Education te brindamos las herramientas necesarias para mantenerte al d\u00eda con las \u00faltimas tendencias y avances en el mundo digital. [&hellip;]<\/p>\n","protected":false},"author":2,"featured_media":0,"parent":0,"menu_order":0,"comment_status":"closed","ping_status":"closed","template":"","meta":{"pagelayer_contact_templates":[],"_pagelayer_content":"","ocean_post_layout":"","ocean_both_sidebars_style":"","ocean_both_sidebars_content_width":0,"ocean_both_sidebars_sidebars_width":0,"ocean_sidebar":"0","ocean_second_sidebar":"0","ocean_disable_margins":"on","ocean_add_body_class":"","ocean_shortcode_before_top_bar":"","ocean_shortcode_after_top_bar":"","ocean_shortcode_before_header":"","ocean_shortcode_after_header":"","ocean_has_shortcode":"","ocean_shortcode_after_title":"","ocean_shortcode_before_footer_widgets":"","ocean_shortcode_after_footer_widgets":"","ocean_shortcode_before_footer_bottom":"","ocean_shortcode_after_footer_bottom":"","ocean_display_top_bar":"default","ocean_display_header":"default","ocean_header_style":"","ocean_center_header_left_menu":"0","ocean_custom_header_template":"0","ocean_custom_logo":0,"ocean_custom_retina_logo":0,"ocean_custom_logo_max_width":0,"ocean_custom_logo_tablet_max_width":0,"ocean_custom_logo_mobile_max_width":0,"ocean_custom_logo_max_height":0,"ocean_custom_logo_tablet_max_height":0,"ocean_custom_logo_mobile_max_height":0,"ocean_header_custom_menu":"0","ocean_menu_typo_font_family":"0","ocean_menu_typo_font_subset":"","ocean_menu_typo_font_size":0,"ocean_menu_typo_font_size_tablet":0,"ocean_menu_typo_font_size_mobile":0,"ocean_menu_typo_font_size_unit":"px","ocean_menu_typo_font_weight":"","ocean_menu_typo_font_weight_tablet":"","ocean_menu_typo_font_weight_mobile":"","ocean_menu_typo_transform":"","ocean_menu_typo_transform_tablet":"","ocean_menu_typo_transform_mobile":"","ocean_menu_typo_line_height":0,"ocean_menu_typo_line_height_tablet":0,"ocean_menu_typo_line_height_mobile":0,"ocean_menu_typo_line_height_unit":"","ocean_menu_typo_spacing":0,"ocean_menu_typo_spacing_tablet":0,"ocean_menu_typo_spacing_mobile":0,"ocean_menu_typo_spacing_unit":"","ocean_menu_link_color":"","ocean_menu_link_color_hover":"","ocean_menu_link_color_active":"","ocean_menu_link_background":"","ocean_menu_link_hover_background":"","ocean_menu_link_active_background":"","ocean_menu_social_links_bg":"","ocean_menu_social_hover_links_bg":"","ocean_menu_social_links_color":"","ocean_menu_social_hover_links_color":"","ocean_disable_title":"default","ocean_disable_heading":"default","ocean_post_title":"","ocean_post_subheading":"","ocean_post_title_style":"","ocean_post_title_background_color":"","ocean_post_title_background":0,"ocean_post_title_bg_image_position":"","ocean_post_title_bg_image_attachment":"","ocean_post_title_bg_image_repeat":"","ocean_post_title_bg_image_size":"","ocean_post_title_height":0,"ocean_post_title_bg_overlay":0.5,"ocean_post_title_bg_overlay_color":"","ocean_disable_breadcrumbs":"default","ocean_breadcrumbs_color":"","ocean_breadcrumbs_separator_color":"","ocean_breadcrumbs_links_color":"","ocean_breadcrumbs_links_hover_color":"","ocean_display_footer_widgets":"default","ocean_display_footer_bottom":"default","ocean_custom_footer_template":"0","_themeisle_gutenberg_block_has_review":false,"footnotes":""},"class_list":["post-18","page","type-page","status-publish","hentry","entry","owp-thumbs-layout-horizontal","owp-btn-normal","owp-tabs-layout-horizontal","has-no-thumbnails","has-product-nav"],"_links":{"self":[{"href":"https:\/\/ccatlat.org\/mplace\/ar\/wp-json\/wp\/v2\/pages\/18","targetHints":{"allow":["GET"]}}],"collection":[{"href":"https:\/\/ccatlat.org\/mplace\/ar\/wp-json\/wp\/v2\/pages"}],"about":[{"href":"https:\/\/ccatlat.org\/mplace\/ar\/wp-json\/wp\/v2\/types\/page"}],"author":[{"embeddable":true,"href":"https:\/\/ccatlat.org\/mplace\/ar\/wp-json\/wp\/v2\/users\/2"}],"replies":[{"embeddable":true,"href":"https:\/\/ccatlat.org\/mplace\/ar\/wp-json\/wp\/v2\/comments?post=18"}],"version-history":[{"count":84,"href":"https:\/\/ccatlat.org\/mplace\/ar\/wp-json\/wp\/v2\/pages\/18\/revisions"}],"predecessor-version":[{"id":720,"href":"https:\/\/ccatlat.org\/mplace\/ar\/wp-json\/wp\/v2\/pages\/18\/revisions\/720"}],"wp:attachment":[{"href":"https:\/\/ccatlat.org\/mplace\/ar\/wp-json\/wp\/v2\/media?parent=18"}],"curies":[{"name":"wp","href":"https:\/\/api.w.org\/{rel}","templated":true}]}}